{"id":471,"date":"2026-04-28T08:15:35","date_gmt":"2026-04-28T08:15:35","guid":{"rendered":"https:\/\/coresparkbattery.com\/solar-battery-12v-7ah-10ah-12ah-20ah-50ah-100ah-lifepo4-lithium-battery-pack-12v-50ah-lithium-battery\/"},"modified":"2026-04-28T09:31:13","modified_gmt":"2026-04-28T09:31:13","slug":"solar-battery-12v-7ah-10ah-12ah-20ah-50ah-100ah-lifepo4-lithium-battery-pack-12v-50ah-lithium-battery","status":"publish","type":"product","link":"https:\/\/coresparkbattery.com\/es\/solar-battery-12v-7ah-10ah-12ah-20ah-50ah-100ah-lifepo4-lithium-battery-pack-12v-50ah-lithium-battery\/","title":{"rendered":"Bater\u00eda Solar 12v 7ah 10ah 12ah 20ah 50ah 100ah Lifepo4 Bater\u00eda de Litio 12V 50Ah Bater\u00eda de Litio"},"content":{"rendered":"<p>Aplicaci\u00f3n Herramientas el\u00e9ctricas, Sistemas de almacenamiento de energ\u00eda solar, Sistemas de alimentaci\u00f3n ininterrumpida<br \/>\nMateriales del c\u00e1todo LiFePO4<br \/>\nCantidad m\u00e1xima de carga (c\u00e9lulas) 89,6 Wh<br \/>\nTemperatura de funcionamiento(\u2103) -20\u00b0C a 60\u2103 (-4\u00b0F a 140\u00b0F)<br \/>\nDimensiones (largo*ancho*alto) 151*65*95 mm<br \/>\nN\u00famero de modelo 12V 7AH<br \/>\nPeso 0,95 kg<br \/>\nNombre del producto Bater\u00eda LiFePO4 12V 7AH<br \/>\nVida \u00fatil 5000 veces<br \/>\nPeso 0,95 kg<br \/>\nSe acepta OEM\/ODM<br \/>\nDisponible OEM<br \/>\nGarant\u00eda 2 a\u00f1os<\/p>","protected":false},"excerpt":{"rendered":"<p>Bater\u00eda RV 12V ciclo profundo, Bater\u00eda de litio para casa RV, Bater\u00eda 12V RV LiFePO4, Bater\u00eda de litio para autocaravana<\/p>","protected":false},"featured_media":737,"template":"","meta":{"_gspb_post_css":""},"product_brand":[],"product_cat":[494,493,492],"product_tag":[164,166,167,165],"class_list":{"0":"post-471","1":"product","2":"type-product","3":"status-publish","4":"has-post-thumbnail","6":"product_cat-12v-lifepo4-battery","7":"product_cat-12v-rv-lifepo4-battery","8":"product_cat-rv-lifepo4-battery","9":"product_tag-12v-deep-cycle-rv-battery","10":"product_tag-12v-rv-battery-lifepo4","11":"product_tag-lithium-battery-for-camper","12":"product_tag-rv-house-battery-lithium","14":"first","15":"instock","16":"featured","17":"shipping-taxable","18":"product-type-simple"},"_links":{"self":[{"href":"https:\/\/coresparkbattery.com\/es\/wp-json\/wp\/v2\/product\/471","targetHints":{"allow":["GET"]}}],"collection":[{"href":"https:\/\/coresparkbattery.com\/es\/wp-json\/wp\/v2\/product"}],"about":[{"href":"https:\/\/coresparkbattery.com\/es\/wp-json\/wp\/v2\/types\/product"}],"wp:featuredmedia":[{"embeddable":true,"href":"https:\/\/coresparkbattery.com\/es\/wp-json\/wp\/v2\/media\/737"}],"wp:attachment":[{"href":"https:\/\/coresparkbattery.com\/es\/wp-json\/wp\/v2\/media?parent=471"}],"wp:term":[{"taxonomy":"product_brand","embeddable":true,"href":"https:\/\/coresparkbattery.com\/es\/wp-json\/wp\/v2\/product_brand?post=471"},{"taxonomy":"product_cat","embeddable":true,"href":"https:\/\/coresparkbattery.com\/es\/wp-json\/wp\/v2\/product_cat?post=471"},{"taxonomy":"product_tag","embeddable":true,"href":"https:\/\/coresparkbattery.com\/es\/wp-json\/wp\/v2\/product_tag?post=471"}],"curies":[{"name":"wp","href":"https:\/\/api.w.org\/{rel}","templated":true}]}}