{"id":470,"date":"2026-04-28T08:15:35","date_gmt":"2026-04-28T08:15:35","guid":{"rendered":"https:\/\/coresparkbattery.com\/12v-7ah-lithium-ion-lifepo4-battery-pack-rechargeable-deep-cycle-energy-storage-battery-for-ups-solar-energy-system\/"},"modified":"2026-04-28T09:30:16","modified_gmt":"2026-04-28T09:30:16","slug":"12v-7ah-lithium-ion-lifepo4-battery-pack-rechargeable-deep-cycle-energy-storage-battery-for-ups-solar-energy-system","status":"publish","type":"product","link":"https:\/\/coresparkbattery.com\/es\/12v-7ah-lithium-ion-lifepo4-battery-pack-rechargeable-deep-cycle-energy-storage-battery-for-ups-solar-energy-system\/","title":{"rendered":"12v 7ah Ion de litio Lifepo4 Bater\u00eda recargable de ciclo profundo de almacenamiento de energ\u00eda de la bater\u00eda para UPS \/ sistema de energ\u00eda solar"},"content":{"rendered":"<p>BMS 12A actualizado<br \/>\nLa bater\u00eda de ciclo profundo tiene incorporado un BMS de 12A para protegerla de sobrecarga, sobredescarga, sobrecorriente y cortocircuito con una excelente baja tasa de autodescarga. La desconexi\u00f3n por alta temperatura evita la carga a m\u00e1s de 75 \u00b0C (167 \u00b0F).<\/p>\n<p>Tecnolog\u00eda avanzada de hierro y litio<br \/>\nBater\u00eda de litio de 7Ah fabricada con celdas LiFePO4 de grado automotriz con mayor densidad de energ\u00eda, rendimiento m\u00e1s estable y mayor potencia. Excelente rendimiento de ciclo, carga y descarga r\u00e1pidas, eficiencia de carga de hasta 100% y alta potencia de salida. Sin efecto memoria, no importa el estado de la bater\u00eda, se puede utilizar tan pronto como se carga. Soporta la ampliaci\u00f3n de la bater\u00eda hasta<br \/>\na 4 en serie y 4 en paralelo y apto para el almacenamiento de energ\u00eda el\u00e9ctrica.<\/p>\n<p>Bater\u00eda LiFePo4<br \/>\n12,8V 7Ah<br \/>\n12,8V 12Ah<br \/>\n12,8V 20Ah<br \/>\n12,8V 30Ah<br \/>\n12,8V 50Ah<br \/>\nTensi\u00f3n nominal<br \/>\n12.8V<br \/>\n12.8V<br \/>\n12.8V<br \/>\n12.8V<br \/>\n12.8V<br \/>\nTensi\u00f3n de carga<br \/>\n14,2V-14,6V<br \/>\n14,2V-14,6V<br \/>\n14,2V-14,6V<br \/>\n14,2V-14,6V<br \/>\n14,2V-14,6V<br \/>\nPeso<br \/>\n0,95KG\/2,09LB<br \/>\n1,5KG\/3,30LB<br \/>\n2,8KG\/6,17LB<br \/>\n4,2KG\/9,25LB<br \/>\n5,5KG\/12LB<br \/>\nEnerg\u00eda<br \/>\n89,6 Wh<br \/>\n153,6 Wh<br \/>\n256 Wh<br \/>\n384Wh<br \/>\n640Wh<br \/>\nCorriente de carga continua m\u00e1xima<br \/>\n12A<br \/>\n12A<br \/>\n20A<br \/>\n30A<br \/>\n50A<br \/>\nCorriente m\u00e1xima de descarga continua<br \/>\n12A<br \/>\n12A<br \/>\n20A<br \/>\n30A<br \/>\n50A<br \/>\nCorriente de carga recomendada<br \/>\n1,4A(0,2C)<br \/>\n2,4A(0,2C)<br \/>\n4A(0.2C)<br \/>\n6A(0.2C)<br \/>\n10A(0.2C)<br \/>\nCarga m\u00e1xima \/ Potencia del inversor<br \/>\n89.6W<br \/>\n153.6W<br \/>\n256W<br \/>\n384W<br \/>\n640W<\/p>","protected":false},"excerpt":{"rendered":"<p>Bater\u00eda 12V RV LiFePO4, bater\u00eda 12V litio RV, bater\u00eda LiFePO4 para RV, bater\u00eda RV litio hierro fosfato<\/p>","protected":false},"featured_media":732,"template":"","meta":{"_gspb_post_css":""},"product_brand":[],"product_cat":[494,493,492],"product_tag":[161,160,162,163],"class_list":{"0":"post-470","1":"product","2":"type-product","3":"status-publish","4":"has-post-thumbnail","6":"product_cat-12v-lifepo4-battery","7":"product_cat-12v-rv-lifepo4-battery","8":"product_cat-rv-lifepo4-battery","9":"product_tag-12v-lithium-rv-battery","10":"product_tag-12v-rv-lifepo4-battery","11":"product_tag-lifepo4-battery-for-rv","12":"product_tag-rv-lithium-iron-phosphate-battery","14":"first","15":"instock","16":"featured","17":"shipping-taxable","18":"product-type-simple"},"_links":{"self":[{"href":"https:\/\/coresparkbattery.com\/es\/wp-json\/wp\/v2\/product\/470","targetHints":{"allow":["GET"]}}],"collection":[{"href":"https:\/\/coresparkbattery.com\/es\/wp-json\/wp\/v2\/product"}],"about":[{"href":"https:\/\/coresparkbattery.com\/es\/wp-json\/wp\/v2\/types\/product"}],"wp:featuredmedia":[{"embeddable":true,"href":"https:\/\/coresparkbattery.com\/es\/wp-json\/wp\/v2\/media\/732"}],"wp:attachment":[{"href":"https:\/\/coresparkbattery.com\/es\/wp-json\/wp\/v2\/media?parent=470"}],"wp:term":[{"taxonomy":"product_brand","embeddable":true,"href":"https:\/\/coresparkbattery.com\/es\/wp-json\/wp\/v2\/product_brand?post=470"},{"taxonomy":"product_cat","embeddable":true,"href":"https:\/\/coresparkbattery.com\/es\/wp-json\/wp\/v2\/product_cat?post=470"},{"taxonomy":"product_tag","embeddable":true,"href":"https:\/\/coresparkbattery.com\/es\/wp-json\/wp\/v2\/product_tag?post=470"}],"curies":[{"name":"wp","href":"https:\/\/api.w.org\/{rel}","templated":true}]}}