{"id":468,"date":"2026-04-28T08:15:35","date_gmt":"2026-04-28T08:15:35","guid":{"rendered":"https:\/\/coresparkbattery.com\/deep-cycles-best-selling-76-8v-golf-carts-battery-with-bluetooth-heating-lifepo4-48v-36v-72v-100ah-105ah-lithium-battery\/"},"modified":"2026-04-28T09:27:18","modified_gmt":"2026-04-28T09:27:18","slug":"deep-cycles-best-selling-76-8v-golf-carts-battery-with-bluetooth-heating-lifepo4-48v-36v-72v-100ah-105ah-lithium-battery","status":"publish","type":"product","link":"https:\/\/coresparkbattery.com\/es\/deep-cycles-best-selling-76-8v-golf-carts-battery-with-bluetooth-heating-lifepo4-48v-36v-72v-100ah-105ah-lithium-battery\/","title":{"rendered":"Deep Cycles Bater\u00eda m\u00e1s vendida 76.8v Carros de Golf con bluetooth Calefacci\u00f3n Lifepo4 48V 36V 72V 100Ah 105Ah Bater\u00eda de Litio"},"content":{"rendered":"<p>Tipo de c\u00e9lula<br \/>\nLiFePO4 Prism\u00e1tico<br \/>\nGarant\u00eda<br \/>\n5 a\u00f1os<br \/>\nCiclo de vida<br \/>\n\u22654000 Ciclos<br \/>\nTensi\u00f3n nominal<br \/>\n70.4V<br \/>\nCapacidad nominal<br \/>\n105Ah<br \/>\nEnerg\u00eda<br \/>\n7392Wh<br \/>\nMax. Expansi\u00f3n (en paralelo y en serie)<br \/>\nN\/A<br \/>\nResistencia interna<br \/>\n\uff1c40m\u03a9<br \/>\nCertificaciones<br \/>\nCE, RoHS, FCC\uff0cUN38.13<br \/>\nBMS<br \/>\n200A<br \/>\nMax. Potencia de salida continua<br \/>\n14080W<br \/>\nM\u00e1x. Corriente de carga continua<br \/>\n100A<br \/>\nM\u00e1x. Corriente de descarga continua<br \/>\n200A (Pico 400A 35S)<br \/>\nM\u00e1x. Descarga<br \/>\nPico 600A \/ 3s<br \/>\nTensi\u00f3n de carga<br \/>\n78.1V<br \/>\nCorriente de carga recomendada<br \/>\n18A<br \/>\nTemperatura de carga<br \/>\n5\u00b0C a 50\u00b0C (23\u00b0F a 127\u00b0F)<br \/>\nTemperatura de carga<br \/>\n\u2018-5\u00b0C a 50\u00b0C (23\u00b0F a 127\u00b0F)<br \/>\nTerminales<br \/>\nM8<br \/>\nPeso aprox.<br \/>\n60KG \/ 132.27LBs<br \/>\nTalla<br \/>\n558x307x269mm 21.97\u00d712.09\u00d710.59inch<br \/>\nClase de protecci\u00f3n<br \/>\nIP67<br \/>\nPor qu\u00e9 elegirnos<br \/>\n* F\u00e1brica con certificaci\u00f3n de gesti\u00f3n ISO 9001<br \/>\n* Equipo de I+D con ingenieros y dise\u00f1adores experimentados<br \/>\n* Profesionales OEM&amp;ODM<br \/>\n* M\u00faltiples l\u00edneas de producci\u00f3n y m\u00faltiples trabajadores de producci\u00f3n<br \/>\n* Estricto control de la calidad del producto, alto control de calidad<br \/>\n* Integraci\u00f3n de la producci\u00f3n<\/p>","protected":false},"excerpt":{"rendered":"<p>Bater\u00eda Yamaha 36V, Yamaha, Bater\u00eda de Litio, Bater\u00eda LiFePO4, Carro de Golf, Bater\u00eda para Club Car Precedent<\/p>","protected":false},"featured_media":722,"template":"","meta":{"_gspb_post_css":""},"product_brand":[],"product_cat":[489,488,15],"product_tag":[151,522,379,521,520,519],"class_list":{"0":"post-468","1":"product","2":"type-product","3":"status-publish","4":"has-post-thumbnail","6":"product_cat-48v-golf-cart-battery","7":"product_cat-76-8v-golf-cart-battery","8":"product_cat-golf-cart-battery","9":"product_tag-battery-for-club-car-precedent","10":"product_tag-golf-cart","11":"product_tag-lifepo4-battery","12":"product_tag-lithium-battery","13":"product_tag-yamaha","14":"product_tag-yamaha-36v-battery","16":"first","17":"instock","18":"featured","19":"shipping-taxable","20":"product-type-simple"},"_links":{"self":[{"href":"https:\/\/coresparkbattery.com\/es\/wp-json\/wp\/v2\/product\/468","targetHints":{"allow":["GET"]}}],"collection":[{"href":"https:\/\/coresparkbattery.com\/es\/wp-json\/wp\/v2\/product"}],"about":[{"href":"https:\/\/coresparkbattery.com\/es\/wp-json\/wp\/v2\/types\/product"}],"wp:featuredmedia":[{"embeddable":true,"href":"https:\/\/coresparkbattery.com\/es\/wp-json\/wp\/v2\/media\/722"}],"wp:attachment":[{"href":"https:\/\/coresparkbattery.com\/es\/wp-json\/wp\/v2\/media?parent=468"}],"wp:term":[{"taxonomy":"product_brand","embeddable":true,"href":"https:\/\/coresparkbattery.com\/es\/wp-json\/wp\/v2\/product_brand?post=468"},{"taxonomy":"product_cat","embeddable":true,"href":"https:\/\/coresparkbattery.com\/es\/wp-json\/wp\/v2\/product_cat?post=468"},{"taxonomy":"product_tag","embeddable":true,"href":"https:\/\/coresparkbattery.com\/es\/wp-json\/wp\/v2\/product_tag?post=468"}],"curies":[{"name":"wp","href":"https:\/\/api.w.org\/{rel}","templated":true}]}}