{"id":466,"date":"2026-04-28T08:15:35","date_gmt":"2026-04-28T08:15:35","guid":{"rendered":"https:\/\/coresparkbattery.com\/5-years-warranty-76-8v-150ah-lithium-ion-golf-cart-battery-pack-with-smart-bms-bluetooth\/"},"modified":"2026-04-28T09:25:12","modified_gmt":"2026-04-28T09:25:12","slug":"5-years-warranty-76-8v-150ah-lithium-ion-golf-cart-battery-pack-with-smart-bms-bluetooth","status":"publish","type":"product","link":"https:\/\/coresparkbattery.com\/es\/5-years-warranty-76-8v-150ah-lithium-ion-golf-cart-battery-pack-with-smart-bms-bluetooth\/","title":{"rendered":"5 A\u00f1os de Garant\u00eda 76.8V 150ah Lithium Ion Golf Cart Bater\u00eda con Smart BMS Bluetooth"},"content":{"rendered":"<p>Vida \u00fatil 4000 ciclos<br \/>\nMateriales del c\u00e1todo LiFePO4<br \/>\nCantidad m\u00e1xima de carga (c\u00e9lulas) 10240W<br \/>\nTemperatura de funcionamiento(\u2103) HASTA 60<br \/>\nDimensiones (largo*ancho*alto) 509 * 334 * 230 mm<br \/>\nPeso 46,5 kg<br \/>\nNombre del producto Bater\u00eda LiFePO4 para carrito de golf<br \/>\nVida \u00fatil 4000 veces<br \/>\nPeso 46,5 kg<br \/>\nSe acepta OEM\/ODM<br \/>\nTipo Fosfato de hierro y litio<br \/>\nDisponible OEM<br \/>\nTama\u00f1o 509*334*230\u00b13mm<\/p>","protected":false},"excerpt":{"rendered":"<p>Bater\u00eda Club Car LiFePO4, Bater\u00eda EZGO Golf Cart, Bater\u00eda EZGO 48V, Bater\u00eda EZGO 36V<\/p>","protected":false},"featured_media":712,"template":"","meta":{"_gspb_post_css":""},"product_brand":[],"product_cat":[488,15],"product_tag":[141,144,143,142],"class_list":{"0":"post-466","1":"product","2":"type-product","3":"status-publish","4":"has-post-thumbnail","6":"product_cat-76-8v-golf-cart-battery","7":"product_cat-golf-cart-battery","8":"product_tag-club-car-lifepo4-battery","9":"product_tag-ezgo-36v-battery","10":"product_tag-ezgo-48v-battery","11":"product_tag-ezgo-golf-cart-battery","13":"first","14":"instock","15":"featured","16":"shipping-taxable","17":"product-type-simple"},"_links":{"self":[{"href":"https:\/\/coresparkbattery.com\/es\/wp-json\/wp\/v2\/product\/466","targetHints":{"allow":["GET"]}}],"collection":[{"href":"https:\/\/coresparkbattery.com\/es\/wp-json\/wp\/v2\/product"}],"about":[{"href":"https:\/\/coresparkbattery.com\/es\/wp-json\/wp\/v2\/types\/product"}],"wp:featuredmedia":[{"embeddable":true,"href":"https:\/\/coresparkbattery.com\/es\/wp-json\/wp\/v2\/media\/712"}],"wp:attachment":[{"href":"https:\/\/coresparkbattery.com\/es\/wp-json\/wp\/v2\/media?parent=466"}],"wp:term":[{"taxonomy":"product_brand","embeddable":true,"href":"https:\/\/coresparkbattery.com\/es\/wp-json\/wp\/v2\/product_brand?post=466"},{"taxonomy":"product_cat","embeddable":true,"href":"https:\/\/coresparkbattery.com\/es\/wp-json\/wp\/v2\/product_cat?post=466"},{"taxonomy":"product_tag","embeddable":true,"href":"https:\/\/coresparkbattery.com\/es\/wp-json\/wp\/v2\/product_tag?post=466"}],"curies":[{"name":"wp","href":"https:\/\/api.w.org\/{rel}","templated":true}]}}