{"id":465,"date":"2026-04-28T08:15:34","date_gmt":"2026-04-28T08:15:34","guid":{"rendered":"https:\/\/coresparkbattery.com\/high-quality-76-8v-lifepo4-battery-golf-cart-105ah-150ah-with-prismatic-lifepo4-battery-cell-3-2v\/"},"modified":"2026-04-28T09:24:10","modified_gmt":"2026-04-28T09:24:10","slug":"high-quality-76-8v-lifepo4-battery-golf-cart-105ah-150ah-with-prismatic-lifepo4-battery-cell-3-2v","status":"publish","type":"product","link":"https:\/\/coresparkbattery.com\/es\/high-quality-76-8v-lifepo4-battery-golf-cart-105ah-150ah-with-prismatic-lifepo4-battery-cell-3-2v\/","title":{"rendered":"Alta calidad 76.8v lifepo4 bater\u00eda Golf Cart 105AH 150ah con c\u00e9lula prism\u00e1tica lifepo4 bater\u00eda 3.2v"},"content":{"rendered":"<p>Alta calidad 76.8v lifepo4 bater\u00eda Golf Cart 105AH 150ah con c\u00e9lula prism\u00e1tica lifepo4 bater\u00eda 3.2v<\/p>\n<p>48V Golf Cart Bater\u00eda 5.12kWh, 48V Golf Cart Bater\u00eda 6.14kWh, 48V Golf Cart Bater\u00eda 7.68kWh, 48V Golf Cart Bater\u00eda 10.24kWh<\/p>","protected":false},"excerpt":{"rendered":"<p>48V Golf Cart Bater\u00eda 5.12kWh, 48V Golf Cart Bater\u00eda 6.14kWh, 48V Golf Cart Bater\u00eda 7.68kWh, 48V Golf Cart Bater\u00eda 10.24kWh<\/p>","protected":false},"featured_media":707,"template":"","meta":{"_gspb_post_css":""},"product_brand":[],"product_cat":[489,488,15],"product_tag":[140,137,138,139],"class_list":{"0":"post-465","1":"product","2":"type-product","3":"status-publish","4":"has-post-thumbnail","6":"product_cat-48v-golf-cart-battery","7":"product_cat-76-8v-golf-cart-battery","8":"product_cat-golf-cart-battery","9":"product_tag-48v-golf-cart-battery-10-24kwh","10":"product_tag-48v-golf-cart-battery-5-12kwh","11":"product_tag-48v-golf-cart-battery-6-14kwh","12":"product_tag-48v-golf-cart-battery-7-68kwh","14":"first","15":"instock","16":"featured","17":"shipping-taxable","18":"product-type-simple"},"_links":{"self":[{"href":"https:\/\/coresparkbattery.com\/es\/wp-json\/wp\/v2\/product\/465","targetHints":{"allow":["GET"]}}],"collection":[{"href":"https:\/\/coresparkbattery.com\/es\/wp-json\/wp\/v2\/product"}],"about":[{"href":"https:\/\/coresparkbattery.com\/es\/wp-json\/wp\/v2\/types\/product"}],"wp:featuredmedia":[{"embeddable":true,"href":"https:\/\/coresparkbattery.com\/es\/wp-json\/wp\/v2\/media\/707"}],"wp:attachment":[{"href":"https:\/\/coresparkbattery.com\/es\/wp-json\/wp\/v2\/media?parent=465"}],"wp:term":[{"taxonomy":"product_brand","embeddable":true,"href":"https:\/\/coresparkbattery.com\/es\/wp-json\/wp\/v2\/product_brand?post=465"},{"taxonomy":"product_cat","embeddable":true,"href":"https:\/\/coresparkbattery.com\/es\/wp-json\/wp\/v2\/product_cat?post=465"},{"taxonomy":"product_tag","embeddable":true,"href":"https:\/\/coresparkbattery.com\/es\/wp-json\/wp\/v2\/product_tag?post=465"}],"curies":[{"name":"wp","href":"https:\/\/api.w.org\/{rel}","templated":true}]}}