{"id":462,"date":"2026-04-28T08:15:34","date_gmt":"2026-04-28T08:15:34","guid":{"rendered":"https:\/\/coresparkbattery.com\/oem-factory-lifepo4-golf-cart-lithium-battery-51-2v-100ah-105ah150ah-lifepo4-battery-pack-for-golf-cart\/"},"modified":"2026-04-28T09:20:50","modified_gmt":"2026-04-28T09:20:50","slug":"oem-factory-lifepo4-golf-cart-lithium-battery-51-2v-100ah-105ah150ah-lifepo4-battery-pack-for-golf-cart","status":"publish","type":"product","link":"https:\/\/coresparkbattery.com\/es\/oem-factory-lifepo4-golf-cart-lithium-battery-51-2v-100ah-105ah150ah-lifepo4-battery-pack-for-golf-cart\/","title":{"rendered":"OEM Factory Lifepo4 Golf Cart Bater\u00eda de litio 51.2V 100ah 105Ah150ah Lifepo4 Bater\u00eda para carrito de golf"},"content":{"rendered":"<p>M\u00e1ximo rendimiento<br \/>\nLa bater\u00eda LiFePO4 de 48V 105Ah para carrito de golf est\u00e1 fabricada con celdas LiFePO4 prism\u00e1ticas de grado A de primera calidad y tiene una energ\u00eda compacta de 5,37kWh, lo que equivale a 4pcs 12V 100Ah LiFePO4 en 4S (incluso 8pcs 12V 100Ah bater\u00edas AGM en 8S). Tiene un gran 10.24kW<br \/>\ncon baja tasa de autodescarga, baja p\u00e9rdida de capacidad, rendimiento m\u00e1s estable, y corriente de descarga continua de hasta 200A (Pico 400A 35S, 600A 3S), que es 50% m\u00e1s potente que la otra bater\u00eda de litio del mismo tama\u00f1o.<\/p>\n<p>Supervisi\u00f3n de APP m\u00f3viles<br \/>\nbater\u00eda de carrito de golf ha a\u00f1adido una funci\u00f3n de APP. Los clientes pueden conectar la bater\u00eda a trav\u00e9s de Mobile APP, leer o controlar la bater\u00eda varios datos (SOC) en tiempo real.<\/p>","protected":false},"excerpt":{"rendered":"<p>Bater\u00eda carro de golf 51.2V 100Ah, Bater\u00eda carro de golf 51.2V 150Ah, Bater\u00eda carro de golf 51.2V 200Ah, Bater\u00eda carro de golf 12V 100Ah<\/p>","protected":false},"featured_media":692,"template":"","meta":{"_gspb_post_css":""},"product_brand":[],"product_cat":[487,15],"product_tag":[128,125,126,127],"class_list":{"0":"post-462","1":"product","2":"type-product","3":"status-publish","4":"has-post-thumbnail","6":"product_cat-51-2v-golf-cart-battery","7":"product_cat-golf-cart-battery","8":"product_tag-12v-100ah-golf-cart-battery","9":"product_tag-51-2v-100ah-golf-cart-battery","10":"product_tag-51-2v-150ah-golf-cart-battery","11":"product_tag-51-2v-200ah-golf-cart-battery","13":"first","14":"instock","15":"featured","16":"shipping-taxable","17":"product-type-simple"},"_links":{"self":[{"href":"https:\/\/coresparkbattery.com\/es\/wp-json\/wp\/v2\/product\/462","targetHints":{"allow":["GET"]}}],"collection":[{"href":"https:\/\/coresparkbattery.com\/es\/wp-json\/wp\/v2\/product"}],"about":[{"href":"https:\/\/coresparkbattery.com\/es\/wp-json\/wp\/v2\/types\/product"}],"wp:featuredmedia":[{"embeddable":true,"href":"https:\/\/coresparkbattery.com\/es\/wp-json\/wp\/v2\/media\/692"}],"wp:attachment":[{"href":"https:\/\/coresparkbattery.com\/es\/wp-json\/wp\/v2\/media?parent=462"}],"wp:term":[{"taxonomy":"product_brand","embeddable":true,"href":"https:\/\/coresparkbattery.com\/es\/wp-json\/wp\/v2\/product_brand?post=462"},{"taxonomy":"product_cat","embeddable":true,"href":"https:\/\/coresparkbattery.com\/es\/wp-json\/wp\/v2\/product_cat?post=462"},{"taxonomy":"product_tag","embeddable":true,"href":"https:\/\/coresparkbattery.com\/es\/wp-json\/wp\/v2\/product_tag?post=462"}],"curies":[{"name":"wp","href":"https:\/\/api.w.org\/{rel}","templated":true}]}}