{"id":460,"date":"2026-04-28T08:15:34","date_gmt":"2026-04-28T08:15:34","guid":{"rendered":"https:\/\/coresparkbattery.com\/factory-custom-51-2v-lifepo4-battery-100ah-200ah-300ah-electric-forklift-lithium-iron-phosphate-battery-for-forklifts\/"},"modified":"2026-04-28T09:19:08","modified_gmt":"2026-04-28T09:19:08","slug":"factory-custom-51-2v-lifepo4-battery-100ah-200ah-300ah-electric-forklift-lithium-iron-phosphate-battery-for-forklifts","status":"publish","type":"product","link":"https:\/\/coresparkbattery.com\/es\/factory-custom-51-2v-lifepo4-battery-100ah-200ah-300ah-electric-forklift-lithium-iron-phosphate-battery-for-forklifts\/","title":{"rendered":"F\u00e1brica de encargo 51.2V Lifepo4 bater\u00eda 100Ah 200Ah 300Ah carretilla elevadora el\u00e9ctrica de litio fosfato de hierro para carretillas elevadoras"},"content":{"rendered":"<p>Tensi\u00f3n nominal<br \/>\n24V\/36V\/48V\/60V\/70V\/72V\/80V<br \/>\nCapacidad nominal<br \/>\n100Ah-1000Ah<br \/>\nEnerg\u00eda nominal<br \/>\n2560Wh-80000Wh<br \/>\nDimensi\u00f3n<br \/>\nPersonalizado<br \/>\nPeso aprox.<br \/>\nPersonalizado<br \/>\nCiclos vitales<br \/>\n\u22655000 ciclos<br \/>\nTensi\u00f3n de carga<br \/>\n29,3V-91,3V<br \/>\nTensi\u00f3n de corte de descarga<br \/>\n20V-62,5V<br \/>\nM\u00e1x. Corriente de carga continua<br \/>\n100A (Personalizado)<br \/>\nM\u00e1x. Corriente de descarga continua<br \/>\n100A 200A 300A (Personalizado)<br \/>\nCorriente m\u00e1xima de descarga<br \/>\n600A (Personalizado)<br \/>\nTemperatura de carga<br \/>\n0 ~ 45\u00b0C (32 ~ 113\u00b0F)<br \/>\nTemperatura de descarga<br \/>\n-20 ~ 55\u00b0C(-4 ~ 131F)<br \/>\nTemperatura de almacenamiento<br \/>\n-10 ~ 45\u00b0C(14 ~ 113\u00b0F)<br \/>\nM\u00f3dulo de comunicaci\u00f3n<br \/>\nVeh\u00edculo CAN\/ Carga CAN\/ Intranet CAN\/ Comunicaci\u00f3n 485\/ Comunicaci\u00f3n inal\u00e1mbrica<\/p>","protected":false},"excerpt":{"rendered":"<p>Bater\u00eda carro de golf 48V 160Ah, Bater\u00eda carro de golf 48V 200Ah, Bater\u00eda carro de golf 36V 100Ah, Bater\u00eda carro de golf 36V 120Ah<\/p>","protected":false},"featured_media":682,"template":"","meta":{"_gspb_post_css":""},"product_brand":[],"product_cat":[489,487,491,15],"product_tag":[119,120,117,118],"class_list":{"0":"post-460","1":"product","2":"type-product","3":"status-publish","4":"has-post-thumbnail","6":"product_cat-48v-golf-cart-battery","7":"product_cat-51-2v-golf-cart-battery","8":"product_cat-forklift-battery-pack","9":"product_cat-golf-cart-battery","10":"product_tag-36v-100ah-golf-cart-battery","11":"product_tag-36v-120ah-golf-cart-battery","12":"product_tag-48v-160ah-golf-cart-battery","13":"product_tag-48v-200ah-golf-cart-battery","15":"first","16":"instock","17":"featured","18":"shipping-taxable","19":"product-type-simple"},"_links":{"self":[{"href":"https:\/\/coresparkbattery.com\/es\/wp-json\/wp\/v2\/product\/460","targetHints":{"allow":["GET"]}}],"collection":[{"href":"https:\/\/coresparkbattery.com\/es\/wp-json\/wp\/v2\/product"}],"about":[{"href":"https:\/\/coresparkbattery.com\/es\/wp-json\/wp\/v2\/types\/product"}],"wp:featuredmedia":[{"embeddable":true,"href":"https:\/\/coresparkbattery.com\/es\/wp-json\/wp\/v2\/media\/682"}],"wp:attachment":[{"href":"https:\/\/coresparkbattery.com\/es\/wp-json\/wp\/v2\/media?parent=460"}],"wp:term":[{"taxonomy":"product_brand","embeddable":true,"href":"https:\/\/coresparkbattery.com\/es\/wp-json\/wp\/v2\/product_brand?post=460"},{"taxonomy":"product_cat","embeddable":true,"href":"https:\/\/coresparkbattery.com\/es\/wp-json\/wp\/v2\/product_cat?post=460"},{"taxonomy":"product_tag","embeddable":true,"href":"https:\/\/coresparkbattery.com\/es\/wp-json\/wp\/v2\/product_tag?post=460"}],"curies":[{"name":"wp","href":"https:\/\/api.w.org\/{rel}","templated":true}]}}