{"id":458,"date":"2026-04-28T08:15:34","date_gmt":"2026-04-28T08:15:34","guid":{"rendered":"https:\/\/coresparkbattery.com\/new-arrival-48v-51-2v-105ah-lifepo4-battery-golf-cart-lithium-iron-phosphate-odm-oem-golf-cart-battery-supply\/"},"modified":"2026-04-28T09:12:16","modified_gmt":"2026-04-28T09:12:16","slug":"new-arrival-48v-51-2v-105ah-lifepo4-battery-golf-cart-lithium-iron-phosphate-odm-oem-golf-cart-battery-supply","status":"publish","type":"product","link":"https:\/\/coresparkbattery.com\/es\/new-arrival-48v-51-2v-105ah-lifepo4-battery-golf-cart-lithium-iron-phosphate-odm-oem-golf-cart-battery-supply\/","title":{"rendered":"Nueva Llegada 48V 51.2V 105Ah Lifepo4 Bater\u00eda Carro de Golf de litio fosfato de hierro ODM OEM carro de golf de la bater\u00eda Suministro"},"content":{"rendered":"<p>Modelo de c\u00e9lula LF3.2V\/105Ah<br \/>\nTensi\u00f3n de carga 58,4V(3,65V\/Celda)<br \/>\nTensi\u00f3n de corte de descarga 40V(2,5V\/Celda)<br \/>\nTensi\u00f3n nominal 51,2V(3,2V\/Celda)<br \/>\nCapacidad m\u00ednima 100Ah @ 0,5C descarga<br \/>\nCapacidad nominal 105Ah @ 0,5C descarga<br \/>\nEnerg\u00eda nominal 5376Wh @ 0,5C descarga<br \/>\nCorriente de carga continua 55A<br \/>\nCorriente de carga m\u00e1xima 100 A<br \/>\nCorriente m\u00e1xima de descarga 200A(Pico 400A 35s)<br \/>\nPeso aproximado del paquete: 46,5 kg (102,5 lb)<\/p>","protected":false},"excerpt":{"rendered":"<p>LiFePO4 Golf Cart Bater\u00eda, Bluetooth, LCD, LiFePO4 Golf Cart Bater\u00eda para Club Car, LiFePO4 Golf Cart Bater\u00eda para EZGO<\/p>","protected":false},"featured_media":672,"template":"","meta":{"_gspb_post_css":""},"product_brand":[],"product_cat":[489,487,15],"product_tag":[516,517,41,518,111],"class_list":{"0":"post-458","1":"product","2":"type-product","3":"status-publish","4":"has-post-thumbnail","6":"product_cat-48v-golf-cart-battery","7":"product_cat-51-2v-golf-cart-battery","8":"product_cat-golf-cart-battery","9":"product_tag-bluetooth","10":"product_tag-lcd","11":"product_tag-lifepo4-golf-cart-battery","12":"product_tag-lifepo4-golf-cart-battery-for-club-car","13":"product_tag-lifepo4-golf-cart-battery-for-ezgo","15":"first","16":"instock","17":"featured","18":"shipping-taxable","19":"product-type-simple"},"_links":{"self":[{"href":"https:\/\/coresparkbattery.com\/es\/wp-json\/wp\/v2\/product\/458","targetHints":{"allow":["GET"]}}],"collection":[{"href":"https:\/\/coresparkbattery.com\/es\/wp-json\/wp\/v2\/product"}],"about":[{"href":"https:\/\/coresparkbattery.com\/es\/wp-json\/wp\/v2\/types\/product"}],"wp:featuredmedia":[{"embeddable":true,"href":"https:\/\/coresparkbattery.com\/es\/wp-json\/wp\/v2\/media\/672"}],"wp:attachment":[{"href":"https:\/\/coresparkbattery.com\/es\/wp-json\/wp\/v2\/media?parent=458"}],"wp:term":[{"taxonomy":"product_brand","embeddable":true,"href":"https:\/\/coresparkbattery.com\/es\/wp-json\/wp\/v2\/product_brand?post=458"},{"taxonomy":"product_cat","embeddable":true,"href":"https:\/\/coresparkbattery.com\/es\/wp-json\/wp\/v2\/product_cat?post=458"},{"taxonomy":"product_tag","embeddable":true,"href":"https:\/\/coresparkbattery.com\/es\/wp-json\/wp\/v2\/product_tag?post=458"}],"curies":[{"name":"wp","href":"https:\/\/api.w.org\/{rel}","templated":true}]}}