{"id":457,"date":"2026-04-28T08:15:34","date_gmt":"2026-04-28T08:15:34","guid":{"rendered":"https:\/\/coresparkbattery.com\/customized-48v-60v-72v105ah-lithium-ion-golf-cart-battery-pack-lifepo4-lithium-battery-pack-for-golf-cart\/"},"modified":"2026-04-28T09:11:15","modified_gmt":"2026-04-28T09:11:15","slug":"customized-48v-60v-72v105ah-lithium-ion-golf-cart-battery-pack-lifepo4-lithium-battery-pack-for-golf-cart","status":"publish","type":"product","link":"https:\/\/coresparkbattery.com\/es\/customized-48v-60v-72v105ah-lithium-ion-golf-cart-battery-pack-lifepo4-lithium-battery-pack-for-golf-cart\/","title":{"rendered":"Personalizada 48v 60v 72v105Ah de iones de litio Golf Cart Bater\u00eda Lifepo4 Lithium Battery Pack para carrito de golf"},"content":{"rendered":"<p>Esta bater\u00eda de carro de golf es el \u00fanico fabricante original en la plataforma. Busque BYPOWER Lifepo4 Battery. Estamos comprometidos con la construcci\u00f3n de bater\u00edas LiFePO4 asequibles y exclusivas, valorando los comentarios de cada usuario y proporcionando el m\u00e1s alto nivel de servicio para los clientes.<\/p>","protected":false},"excerpt":{"rendered":"<p>LiFePO4 Golf Cart bater\u00eda de carga r\u00e1pida, LiFePO4 Golf Cart bater\u00eda, ciclo profundo, libre de mantenimiento, LiFePO4 Golf Cart bater\u00eda impermeable<\/p>","protected":false},"featured_media":667,"template":"","meta":{"_gspb_post_css":""},"product_brand":[],"product_cat":[489,15],"product_tag":[513,41,106,515,514],"class_list":{"0":"post-457","1":"product","2":"type-product","3":"status-publish","4":"has-post-thumbnail","6":"product_cat-48v-golf-cart-battery","7":"product_cat-golf-cart-battery","8":"product_tag-deep-cycle","9":"product_tag-lifepo4-golf-cart-battery","10":"product_tag-lifepo4-golf-cart-battery-fast-charge","11":"product_tag-lifepo4-golf-cart-battery-waterproof","12":"product_tag-maintenance-free","14":"first","15":"instock","16":"featured","17":"shipping-taxable","18":"product-type-simple"},"_links":{"self":[{"href":"https:\/\/coresparkbattery.com\/es\/wp-json\/wp\/v2\/product\/457","targetHints":{"allow":["GET"]}}],"collection":[{"href":"https:\/\/coresparkbattery.com\/es\/wp-json\/wp\/v2\/product"}],"about":[{"href":"https:\/\/coresparkbattery.com\/es\/wp-json\/wp\/v2\/types\/product"}],"wp:featuredmedia":[{"embeddable":true,"href":"https:\/\/coresparkbattery.com\/es\/wp-json\/wp\/v2\/media\/667"}],"wp:attachment":[{"href":"https:\/\/coresparkbattery.com\/es\/wp-json\/wp\/v2\/media?parent=457"}],"wp:term":[{"taxonomy":"product_brand","embeddable":true,"href":"https:\/\/coresparkbattery.com\/es\/wp-json\/wp\/v2\/product_brand?post=457"},{"taxonomy":"product_cat","embeddable":true,"href":"https:\/\/coresparkbattery.com\/es\/wp-json\/wp\/v2\/product_cat?post=457"},{"taxonomy":"product_tag","embeddable":true,"href":"https:\/\/coresparkbattery.com\/es\/wp-json\/wp\/v2\/product_tag?post=457"}],"curies":[{"name":"wp","href":"https:\/\/api.w.org\/{rel}","templated":true}]}}