{"id":456,"date":"2026-04-28T08:15:34","date_gmt":"2026-04-28T08:15:34","guid":{"rendered":"https:\/\/coresparkbattery.com\/bluetooth-48-volt-lifepo4-battery-36v-48v-72v-100ah-105ah-320ah-golf-cart-lithium-battery-with-lcd-display-charger\/"},"modified":"2026-04-28T09:10:23","modified_gmt":"2026-04-28T09:10:23","slug":"bluetooth-48-volt-lifepo4-battery-36v-48v-72v-100ah-105ah-320ah-golf-cart-lithium-battery-with-lcd-display-charger","status":"publish","type":"product","link":"https:\/\/coresparkbattery.com\/es\/bluetooth-48-volt-lifepo4-battery-36v-48v-72v-100ah-105ah-320ah-golf-cart-lithium-battery-with-lcd-display-charger\/","title":{"rendered":"Bluetooth 48 Volt LiFePO4 Bater\u00eda 36V 48V 72V 100AH 105AH 320AH Golf Cart Bater\u00eda de litio con cargador de pantalla LCD"},"content":{"rendered":"<p>Vida \u00fatil 4000 ciclos<br \/>\nMateriales del c\u00e1todo LiFePO4<br \/>\nCantidad m\u00e1xima de carga (c\u00e9lulas) 10240W<br \/>\nTemperatura de funcionamiento(\u2103) HASTA 60<br \/>\nDimensiones (largo*ancho*alto) 509 * 334 * 230 mm<br \/>\nPeso46,5kg<br \/>\nNombre del productoBater\u00eda LiFePO4 para carro de golf<br \/>\nCiclo de vida4000 Veces<br \/>\nPeso46,5kg<br \/>\nOEM\/ODMAceptable<br \/>\nTipoFosfato de hierro y litio<br \/>\nOEMA Disponible<br \/>\nGarant\u00eda5 a\u00f1os<br \/>\nTama\u00f1o 509*334*230\u00b13mm<\/p>","protected":false},"excerpt":{"rendered":"<p>Bater\u00eda LiFePO4 para carrito de golf, actualizaci\u00f3n, kit de bater\u00eda LiFePO4 para carrito de golf, ligera, bater\u00eda LiFePO4 para carrito de golf de larga duraci\u00f3n<\/p>","protected":false},"featured_media":662,"template":"","meta":{"_gspb_post_css":""},"product_brand":[],"product_cat":[489,488,15],"product_tag":[41,510,512,511,506],"class_list":{"0":"post-456","1":"product","2":"type-product","3":"status-publish","4":"has-post-thumbnail","6":"product_cat-48v-golf-cart-battery","7":"product_cat-76-8v-golf-cart-battery","8":"product_cat-golf-cart-battery","9":"product_tag-lifepo4-golf-cart-battery","10":"product_tag-lifepo4-golf-cart-battery-kit","11":"product_tag-lifepo4-golf-cart-battery-long-life","12":"product_tag-lightweight","13":"product_tag-upgrade","15":"first","16":"instock","17":"featured","18":"shipping-taxable","19":"product-type-simple"},"_links":{"self":[{"href":"https:\/\/coresparkbattery.com\/es\/wp-json\/wp\/v2\/product\/456","targetHints":{"allow":["GET"]}}],"collection":[{"href":"https:\/\/coresparkbattery.com\/es\/wp-json\/wp\/v2\/product"}],"about":[{"href":"https:\/\/coresparkbattery.com\/es\/wp-json\/wp\/v2\/types\/product"}],"wp:featuredmedia":[{"embeddable":true,"href":"https:\/\/coresparkbattery.com\/es\/wp-json\/wp\/v2\/media\/662"}],"wp:attachment":[{"href":"https:\/\/coresparkbattery.com\/es\/wp-json\/wp\/v2\/media?parent=456"}],"wp:term":[{"taxonomy":"product_brand","embeddable":true,"href":"https:\/\/coresparkbattery.com\/es\/wp-json\/wp\/v2\/product_brand?post=456"},{"taxonomy":"product_cat","embeddable":true,"href":"https:\/\/coresparkbattery.com\/es\/wp-json\/wp\/v2\/product_cat?post=456"},{"taxonomy":"product_tag","embeddable":true,"href":"https:\/\/coresparkbattery.com\/es\/wp-json\/wp\/v2\/product_tag?post=456"}],"curies":[{"name":"wp","href":"https:\/\/api.w.org\/{rel}","templated":true}]}}