{"id":455,"date":"2026-04-28T08:15:33","date_gmt":"2026-04-28T08:15:33","guid":{"rendered":"https:\/\/coresparkbattery.com\/48v-105ah-golf-cart-lifepo4-battery-72v-lifepo4-batterie-golf-cart-battery-lithium-48-volt-105ah-160ah-200ah-300ah-2\/"},"modified":"2026-04-28T09:09:24","modified_gmt":"2026-04-28T09:09:24","slug":"48v-105ah-golf-cart-lifepo4-battery-72v-lifepo4-batterie-golf-cart-battery-lithium-48-volt-105ah-160ah-200ah-300ah-2","status":"publish","type":"product","link":"https:\/\/coresparkbattery.com\/es\/48v-105ah-golf-cart-lifepo4-battery-72v-lifepo4-batterie-golf-cart-battery-lithium-48-volt-105ah-160ah-200ah-300ah-2\/","title":{"rendered":"48v 105ah Golf Cart Lifepo4 Bater\u00eda 72v Lifepo4 Batterie Golf Cart Bater\u00eda Litio 48 Volt 105ah 160ah 200ah 300ah"},"content":{"rendered":"<p>M\u00e1ximo rendimiento<br \/>\nLa bater\u00eda LiFePO4 de 48V 105Ah para carrito de golf est\u00e1 fabricada con celdas LiFePO4 prism\u00e1ticas de grado A de primera calidad y tiene una energ\u00eda compacta de 5,37kWh, lo que equivale a 4pcs 12V 100Ah LiFePO4 en 4S (incluso 8pcs 12V 100Ah bater\u00edas AGM en 8S). Tiene un gran 10.24kW<br \/>\ncon baja tasa de autodescarga, baja p\u00e9rdida de capacidad, rendimiento m\u00e1s estable, y corriente de descarga continua de hasta 200A (Pico 400A 35S, 600A 3S), que es 50% m\u00e1s potente que la otra bater\u00eda de litio del mismo tama\u00f1o.<\/p>","protected":false},"excerpt":{"rendered":"<p>LiFePO4 Golf Cart Battery 200Ah, LiFePO4 Golf Cart Battery with BMS, LiFePO4 Golf Cart Battery with Charger, LiFePO4 Golf Cart Battery Replacement<\/p>","protected":false},"featured_media":657,"template":"","meta":{"_gspb_post_css":""},"product_brand":[],"product_cat":[489,488,15],"product_tag":[100,103,101,102],"class_list":{"0":"post-455","1":"product","2":"type-product","3":"status-publish","4":"has-post-thumbnail","6":"product_cat-48v-golf-cart-battery","7":"product_cat-76-8v-golf-cart-battery","8":"product_cat-golf-cart-battery","9":"product_tag-lifepo4-golf-cart-battery-200ah","10":"product_tag-lifepo4-golf-cart-battery-replacement","11":"product_tag-lifepo4-golf-cart-battery-with-bms","12":"product_tag-lifepo4-golf-cart-battery-with-charger","14":"first","15":"instock","16":"featured","17":"shipping-taxable","18":"product-type-simple"},"_links":{"self":[{"href":"https:\/\/coresparkbattery.com\/es\/wp-json\/wp\/v2\/product\/455","targetHints":{"allow":["GET"]}}],"collection":[{"href":"https:\/\/coresparkbattery.com\/es\/wp-json\/wp\/v2\/product"}],"about":[{"href":"https:\/\/coresparkbattery.com\/es\/wp-json\/wp\/v2\/types\/product"}],"wp:featuredmedia":[{"embeddable":true,"href":"https:\/\/coresparkbattery.com\/es\/wp-json\/wp\/v2\/media\/657"}],"wp:attachment":[{"href":"https:\/\/coresparkbattery.com\/es\/wp-json\/wp\/v2\/media?parent=455"}],"wp:term":[{"taxonomy":"product_brand","embeddable":true,"href":"https:\/\/coresparkbattery.com\/es\/wp-json\/wp\/v2\/product_brand?post=455"},{"taxonomy":"product_cat","embeddable":true,"href":"https:\/\/coresparkbattery.com\/es\/wp-json\/wp\/v2\/product_cat?post=455"},{"taxonomy":"product_tag","embeddable":true,"href":"https:\/\/coresparkbattery.com\/es\/wp-json\/wp\/v2\/product_tag?post=455"}],"curies":[{"name":"wp","href":"https:\/\/api.w.org\/{rel}","templated":true}]}}