{"id":454,"date":"2026-04-28T08:15:33","date_gmt":"2026-04-28T08:15:33","guid":{"rendered":"https:\/\/coresparkbattery.com\/lithium-48v-72v-lifepo4-golf-cart-battery-105ah-160ah-300ah-for-utv-atv-with-charger-and-display\/"},"modified":"2026-04-28T09:08:34","modified_gmt":"2026-04-28T09:08:34","slug":"lithium-48v-72v-lifepo4-golf-cart-battery-105ah-160ah-300ah-for-utv-atv-with-charger-and-display","status":"publish","type":"product","link":"https:\/\/coresparkbattery.com\/es\/lithium-48v-72v-lifepo4-golf-cart-battery-105ah-160ah-300ah-for-utv-atv-with-charger-and-display\/","title":{"rendered":"Litio 48V\/72V LiFePO4 Golf Cart Bater\u00eda 105Ah 160Ah-300Ah para UTV ATV con cargador y pantalla"},"content":{"rendered":"<p>Litio 48V\/72V LiFePO4 Golf Cart Bater\u00eda 105Ah 160Ah-300Ah para UTV ATV con cargador y pantalla<\/p>\n<p>36V LiFePO4 Golf Cart Bater\u00eda, 51.2V LiFePO4 Golf Cart Bater\u00eda, LiFePO4 Golf Cart Bater\u00eda, 100Ah, LiFePO4 Golf Cart Bater\u00eda 150Ah<\/p>","protected":false},"excerpt":{"rendered":"<p>36V LiFePO4 Golf Cart Bater\u00eda, 51.2V LiFePO4 Golf Cart Bater\u00eda, LiFePO4 Golf Cart Bater\u00eda, 100Ah, LiFePO4 Golf Cart Bater\u00eda 150Ah<\/p>","protected":false},"featured_media":652,"template":"","meta":{"_gspb_post_css":""},"product_brand":[],"product_cat":[489,488,15],"product_tag":[508,97,98,41,509],"class_list":{"0":"post-454","1":"product","2":"type-product","3":"status-publish","4":"has-post-thumbnail","6":"product_cat-48v-golf-cart-battery","7":"product_cat-76-8v-golf-cart-battery","8":"product_cat-golf-cart-battery","9":"product_tag-100ah","10":"product_tag-36v-lifepo4-golf-cart-battery","11":"product_tag-51-2v-lifepo4-golf-cart-battery","12":"product_tag-lifepo4-golf-cart-battery","13":"product_tag-lifepo4-golf-cart-battery-150ah","15":"first","16":"instock","17":"featured","18":"shipping-taxable","19":"product-type-simple"},"_links":{"self":[{"href":"https:\/\/coresparkbattery.com\/es\/wp-json\/wp\/v2\/product\/454","targetHints":{"allow":["GET"]}}],"collection":[{"href":"https:\/\/coresparkbattery.com\/es\/wp-json\/wp\/v2\/product"}],"about":[{"href":"https:\/\/coresparkbattery.com\/es\/wp-json\/wp\/v2\/types\/product"}],"wp:featuredmedia":[{"embeddable":true,"href":"https:\/\/coresparkbattery.com\/es\/wp-json\/wp\/v2\/media\/652"}],"wp:attachment":[{"href":"https:\/\/coresparkbattery.com\/es\/wp-json\/wp\/v2\/media?parent=454"}],"wp:term":[{"taxonomy":"product_brand","embeddable":true,"href":"https:\/\/coresparkbattery.com\/es\/wp-json\/wp\/v2\/product_brand?post=454"},{"taxonomy":"product_cat","embeddable":true,"href":"https:\/\/coresparkbattery.com\/es\/wp-json\/wp\/v2\/product_cat?post=454"},{"taxonomy":"product_tag","embeddable":true,"href":"https:\/\/coresparkbattery.com\/es\/wp-json\/wp\/v2\/product_tag?post=454"}],"curies":[{"name":"wp","href":"https:\/\/api.w.org\/{rel}","templated":true}]}}