{"id":452,"date":"2026-04-28T08:15:33","date_gmt":"2026-04-28T08:15:33","guid":{"rendered":"https:\/\/coresparkbattery.com\/golf-cart-lithium-batteries-36v-48v-72v-105ah-150ah-golf-cart-bluetooth-lifepo4-battery-with-display\/"},"modified":"2026-04-28T09:05:26","modified_gmt":"2026-04-28T09:05:26","slug":"golf-cart-lithium-batteries-36v-48v-72v-105ah-150ah-golf-cart-bluetooth-lifepo4-battery-with-display","status":"publish","type":"product","link":"https:\/\/coresparkbattery.com\/es\/golf-cart-lithium-batteries-36v-48v-72v-105ah-150ah-golf-cart-bluetooth-lifepo4-battery-with-display\/","title":{"rendered":"Bater\u00edas de Litio para Carro de Golf 36V 48V 72V 105Ah 150Ah Bater\u00eda Bluetooth Lifepo4 para Carro de Golf con Pantalla"},"content":{"rendered":"<p>M\u00e1ximo rendimiento<br \/>\nLa bater\u00eda LiFePO4 de 48V 105Ah para carrito de golf est\u00e1 fabricada con celdas LiFePO4 prism\u00e1ticas de grado A de primera calidad y tiene una energ\u00eda compacta de 5,37kWh, lo que equivale a 4pcs 12V 100Ah LiFePO4 en 4S (incluso 8pcs 12V 100Ah bater\u00edas AGM en 8S). Tiene un gran 10.24kW<br \/>\ncon baja tasa de autodescarga, baja p\u00e9rdida de capacidad, rendimiento m\u00e1s estable, y corriente de descarga continua de hasta 200A (Pico 400A 35S, 600A 3S), que es 50% m\u00e1s potente que la otra bater\u00eda de litio del mismo tama\u00f1o.<\/p>\n<p>200 A BMS y protecci\u00f3n m\u00faltiple incorporados<br \/>\nLa bater\u00eda LiFePO4 de 48V 105Ah incorporada en el Sistema de Gesti\u00f3n de Bater\u00edas (BMS) de 200A proporciona protecci\u00f3n contra sobrecarga\/descarga, sobrecorriente, altas\/bajas temperaturas y cortocircuitos. Con buena estabilidad t\u00e9rmica y qu\u00edmica. Libre de mantenimiento, sin trabajo ni coste de mantenimiento diario.<\/p>","protected":false},"excerpt":{"rendered":"<p>Bater\u00eda Carro de Golf 48V 200Ah, Bater\u00eda Carro de Golf 72V 100Ah, Bater\u00eda Carro de Golf 12V, Bater\u00eda Carro de Golf 8V<\/p>","protected":false},"featured_media":642,"template":"","meta":{"_gspb_post_css":""},"product_brand":[],"product_cat":[489,488,15],"product_tag":[92,90,91,93],"class_list":{"0":"post-452","1":"product","2":"type-product","3":"status-publish","4":"has-post-thumbnail","6":"product_cat-48v-golf-cart-battery","7":"product_cat-76-8v-golf-cart-battery","8":"product_cat-golf-cart-battery","9":"product_tag-golf-cart-battery-12v","10":"product_tag-golf-cart-battery-48v-200ah","11":"product_tag-golf-cart-battery-72v-100ah","12":"product_tag-golf-cart-battery-8v","14":"first","15":"instock","16":"featured","17":"shipping-taxable","18":"product-type-simple"},"_links":{"self":[{"href":"https:\/\/coresparkbattery.com\/es\/wp-json\/wp\/v2\/product\/452","targetHints":{"allow":["GET"]}}],"collection":[{"href":"https:\/\/coresparkbattery.com\/es\/wp-json\/wp\/v2\/product"}],"about":[{"href":"https:\/\/coresparkbattery.com\/es\/wp-json\/wp\/v2\/types\/product"}],"wp:featuredmedia":[{"embeddable":true,"href":"https:\/\/coresparkbattery.com\/es\/wp-json\/wp\/v2\/media\/642"}],"wp:attachment":[{"href":"https:\/\/coresparkbattery.com\/es\/wp-json\/wp\/v2\/media?parent=452"}],"wp:term":[{"taxonomy":"product_brand","embeddable":true,"href":"https:\/\/coresparkbattery.com\/es\/wp-json\/wp\/v2\/product_brand?post=452"},{"taxonomy":"product_cat","embeddable":true,"href":"https:\/\/coresparkbattery.com\/es\/wp-json\/wp\/v2\/product_cat?post=452"},{"taxonomy":"product_tag","embeddable":true,"href":"https:\/\/coresparkbattery.com\/es\/wp-json\/wp\/v2\/product_tag?post=452"}],"curies":[{"name":"wp","href":"https:\/\/api.w.org\/{rel}","templated":true}]}}