{"id":450,"date":"2026-04-28T08:15:33","date_gmt":"2026-04-28T08:15:33","guid":{"rendered":"https:\/\/coresparkbattery.com\/38-4v-48v-51-2v-72v-50ah-100ah-105ah-160ah-lifepo4-golf-cart-battery-lithium-ion-lifepo4-battery-for-club-car-golf-cart\/"},"modified":"2026-04-28T09:03:20","modified_gmt":"2026-04-28T09:03:20","slug":"38-4v-48v-51-2v-72v-50ah-100ah-105ah-160ah-lifepo4-golf-cart-battery-lithium-ion-lifepo4-battery-for-club-car-golf-cart","status":"publish","type":"product","link":"https:\/\/coresparkbattery.com\/es\/38-4v-48v-51-2v-72v-50ah-100ah-105ah-160ah-lifepo4-golf-cart-battery-lithium-ion-lifepo4-battery-for-club-car-golf-cart\/","title":{"rendered":"38.4v 48v 51.2v 72v 50ah 100ah 105ah 160ah Lifepo4 Golf Cart Bater\u00eda Ion Litio Lifepo4 para Club Car Golf Cart"},"content":{"rendered":"<p>M\u00e1ximo rendimiento<br \/>\nLa bater\u00eda LiFePO4 de 36V 105Ah para carrito de golf tiene una energ\u00eda compacta de 4.03kWh, que es equivalente a 3pcs 12V 100Ah LiFePO4 bater\u00edas en 3S (o incluso 6pcs 12V 100Ah AGM bater\u00edas en 6S). Nuestra bater\u00eda LiFePO4 tiene una gran potencia 7680w con baja tasa de autodescarga, baja<br \/>\np\u00e9rdida de capacidad, y un rendimiento m\u00e1s estable, corriente de descarga continua de hasta 200A (Pico 400A 35S), que es 50% m\u00e1s potente que la otra bater\u00eda de litio del mismo tama\u00f1o.<\/p>\n<p>200 A BMS y protecci\u00f3n m\u00faltiple incorporados<br \/>\nLa bater\u00eda LiFePO4 de 36V y 105Ah incorpora un sistema de gesti\u00f3n de la bater\u00eda (BMS) de 200A que proporciona protecci\u00f3n contra sobrecarga\/descarga, sobrecorriente, temperaturas altas\/bajas y cortocircuitos. Con buena estabilidad t\u00e9rmica y qu\u00edmica. Libre de mantenimiento, sin trabajos ni costes de mantenimiento diarios.<\/p>","protected":false},"excerpt":{"rendered":"<p>Bater\u00eda para carrito de golf con BMS, Bater\u00eda para carrito de golf 100Ah, Bater\u00eda para carrito de golf 150Ah, Bater\u00eda para carrito de golf 200Ah<\/p>","protected":false},"featured_media":631,"template":"","meta":{"_gspb_post_css":""},"product_brand":[],"product_cat":[489,487,488,15],"product_tag":[83,84,85,82],"class_list":{"0":"post-450","1":"product","2":"type-product","3":"status-publish","4":"has-post-thumbnail","6":"product_cat-48v-golf-cart-battery","7":"product_cat-51-2v-golf-cart-battery","8":"product_cat-76-8v-golf-cart-battery","9":"product_cat-golf-cart-battery","10":"product_tag-golf-cart-battery-100ah","11":"product_tag-golf-cart-battery-150ah","12":"product_tag-golf-cart-battery-200ah","13":"product_tag-golf-cart-battery-with-bms","15":"first","16":"instock","17":"featured","18":"shipping-taxable","19":"product-type-simple"},"_links":{"self":[{"href":"https:\/\/coresparkbattery.com\/es\/wp-json\/wp\/v2\/product\/450","targetHints":{"allow":["GET"]}}],"collection":[{"href":"https:\/\/coresparkbattery.com\/es\/wp-json\/wp\/v2\/product"}],"about":[{"href":"https:\/\/coresparkbattery.com\/es\/wp-json\/wp\/v2\/types\/product"}],"wp:featuredmedia":[{"embeddable":true,"href":"https:\/\/coresparkbattery.com\/es\/wp-json\/wp\/v2\/media\/631"}],"wp:attachment":[{"href":"https:\/\/coresparkbattery.com\/es\/wp-json\/wp\/v2\/media?parent=450"}],"wp:term":[{"taxonomy":"product_brand","embeddable":true,"href":"https:\/\/coresparkbattery.com\/es\/wp-json\/wp\/v2\/product_brand?post=450"},{"taxonomy":"product_cat","embeddable":true,"href":"https:\/\/coresparkbattery.com\/es\/wp-json\/wp\/v2\/product_cat?post=450"},{"taxonomy":"product_tag","embeddable":true,"href":"https:\/\/coresparkbattery.com\/es\/wp-json\/wp\/v2\/product_tag?post=450"}],"curies":[{"name":"wp","href":"https:\/\/api.w.org\/{rel}","templated":true}]}}