{"id":448,"date":"2026-04-28T08:15:33","date_gmt":"2026-04-28T08:15:33","guid":{"rendered":"https:\/\/coresparkbattery.com\/25-6v-105ah-4kwh-golf-carts-lithium-ion-battery-36v-48v-72v-lifepo4-batteries-pack-with-bms\/"},"modified":"2026-04-28T09:01:05","modified_gmt":"2026-04-28T09:01:05","slug":"25-6v-105ah-4kwh-golf-carts-lithium-ion-battery-36v-48v-72v-lifepo4-batteries-pack-with-bms","status":"publish","type":"product","link":"https:\/\/coresparkbattery.com\/es\/25-6v-105ah-4kwh-golf-carts-lithium-ion-battery-36v-48v-72v-lifepo4-batteries-pack-with-bms\/","title":{"rendered":"25.6V 105AH 4KWh Carros de Golf Bater\u00eda de Ion Litio 36V 48V 72V LiFePO4 Pack de Bater\u00edas con BMS"},"content":{"rendered":"<p>M\u00e1ximo rendimiento<br \/>\nLa bater\u00eda LiFePO4 de 36V 105Ah para carrito de golf tiene una energ\u00eda compacta de 4.03kWh, que es equivalente a 3pcs 12V 100Ah LiFePO4 bater\u00edas en 3S (o incluso 6pcs 12V 100Ah AGM bater\u00edas en 6S). Nuestra bater\u00eda LiFePO4 tiene una gran potencia 7680w con baja tasa de autodescarga, baja<br \/>\np\u00e9rdida de capacidad, y un rendimiento m\u00e1s estable, corriente de descarga continua de hasta 200A (Pico 400A 35S), que es 50% m\u00e1s potente que la otra bater\u00eda de litio del mismo tama\u00f1o.<\/p>","protected":false},"excerpt":{"rendered":"<p>Bater\u00eda de carro de golf, Bater\u00eda de carro de golf, Recambio, Bater\u00eda Club Car, Bater\u00eda EZGO<\/p>","protected":false},"featured_media":616,"template":"","meta":{"_gspb_post_css":""},"product_brand":[],"product_cat":[490,489,488,15],"product_tag":[65,66,39,53,505],"class_list":{"0":"post-448","1":"product","2":"type-product","3":"status-publish","4":"has-post-thumbnail","6":"product_cat-25-6v-golf-cart-battery","7":"product_cat-48v-golf-cart-battery","8":"product_cat-76-8v-golf-cart-battery","9":"product_cat-golf-cart-battery","10":"product_tag-club-car-battery","11":"product_tag-ezgo-battery","12":"product_tag-golf-cart-battery","13":"product_tag-golf-cart-battery-pack","14":"product_tag-replacement","16":"first","17":"instock","18":"featured","19":"shipping-taxable","20":"product-type-simple"},"_links":{"self":[{"href":"https:\/\/coresparkbattery.com\/es\/wp-json\/wp\/v2\/product\/448","targetHints":{"allow":["GET"]}}],"collection":[{"href":"https:\/\/coresparkbattery.com\/es\/wp-json\/wp\/v2\/product"}],"about":[{"href":"https:\/\/coresparkbattery.com\/es\/wp-json\/wp\/v2\/types\/product"}],"wp:featuredmedia":[{"embeddable":true,"href":"https:\/\/coresparkbattery.com\/es\/wp-json\/wp\/v2\/media\/616"}],"wp:attachment":[{"href":"https:\/\/coresparkbattery.com\/es\/wp-json\/wp\/v2\/media?parent=448"}],"wp:term":[{"taxonomy":"product_brand","embeddable":true,"href":"https:\/\/coresparkbattery.com\/es\/wp-json\/wp\/v2\/product_brand?post=448"},{"taxonomy":"product_cat","embeddable":true,"href":"https:\/\/coresparkbattery.com\/es\/wp-json\/wp\/v2\/product_cat?post=448"},{"taxonomy":"product_tag","embeddable":true,"href":"https:\/\/coresparkbattery.com\/es\/wp-json\/wp\/v2\/product_tag?post=448"}],"curies":[{"name":"wp","href":"https:\/\/api.w.org\/{rel}","templated":true}]}}