{"id":445,"date":"2026-04-28T08:15:33","date_gmt":"2026-04-28T08:15:33","guid":{"rendered":"https:\/\/coresparkbattery.com\/25-6v-50ah-100ah-105ah-160ah-golf-cart-lithium-lon-battery-with-bluetooth-lifepo4-battery-atv\/"},"modified":"2026-04-28T08:57:33","modified_gmt":"2026-04-28T08:57:33","slug":"25-6v-50ah-100ah-105ah-160ah-golf-cart-lithium-lon-battery-with-bluetooth-lifepo4-battery-atv","status":"publish","type":"product","link":"https:\/\/coresparkbattery.com\/es\/25-6v-50ah-100ah-105ah-160ah-golf-cart-lithium-lon-battery-with-bluetooth-lifepo4-battery-atv\/","title":{"rendered":"25.6V 50ah 100ah 105ah 160ah Golf Cart Litio Lon Bater\u00eda con Bluetooth Lifepo4 Bater\u00eda ATV"},"content":{"rendered":"<p>Tensi\u00f3n de carga 43,8 V (3,65 V\/c\u00e9lula)<br \/>\nTensi\u00f3n de corte de descarga 30V(2,5V\/Celda)<br \/>\nTensi\u00f3n nominal 38,4 V (3,2 V\/c\u00e9lula)<br \/>\nCapacidad m\u00ednima 105Ah @ 0.5C descarga<br \/>\nCapacidad nominal 105Ah @0,5C descarga<br \/>\nEnerg\u00eda nominal 4032Wh @0,5C descarga<br \/>\nCorriente de carga continua 55A<br \/>\nCorriente de carga m\u00e1xima 100 A<br \/>\nCorriente m\u00e1xima de descarga 200A(Pico 400A 35s)<br \/>\nPeso del paquete aprox. 74,9 lb (34 kg)<br \/>\nPor qu\u00e9 elegirnos<br \/>\n* F\u00e1brica con certificaci\u00f3n de gesti\u00f3n ISO 9001<br \/>\n* Equipo de I+D con ingenieros y dise\u00f1adores experimentados<br \/>\n* Profesionales OEM&amp;ODM<br \/>\n* M\u00faltiples l\u00edneas de producci\u00f3n y m\u00faltiples trabajadores de producci\u00f3n<br \/>\n* Estricto control de la calidad del producto, alto control de calidad<br \/>\n* Integraci\u00f3n de la producci\u00f3n<\/p>","protected":false},"excerpt":{"rendered":"<p>Bater\u00eda de carro de golf de largo alcance para uso durante todo el d\u00eda, Bater\u00eda LiFePO4 ligera para actualizaci\u00f3n de carro de golf, Bater\u00eda de litio para carro de golf sin mantenimiento, Bater\u00eda de carro de golf de 51,2 V con protecci\u00f3n BMS<\/p>","protected":false},"featured_media":601,"template":"","meta":{"_gspb_post_css":""},"product_brand":[],"product_cat":[490,15],"product_tag":[76,74,73,75],"class_list":{"0":"post-445","1":"product","2":"type-product","3":"status-publish","4":"has-post-thumbnail","6":"product_cat-25-6v-golf-cart-battery","7":"product_cat-golf-cart-battery","8":"product_tag-51-2v-golf-cart-battery-with-bms-protection","9":"product_tag-lightweight-lifepo4-battery-for-golf-cart-upgrade","10":"product_tag-long-range-golf-cart-battery-for-all-day-use","11":"product_tag-maintenance-free-golf-cart-lithium-battery","13":"first","14":"instock","15":"featured","16":"shipping-taxable","17":"product-type-simple"},"_links":{"self":[{"href":"https:\/\/coresparkbattery.com\/es\/wp-json\/wp\/v2\/product\/445","targetHints":{"allow":["GET"]}}],"collection":[{"href":"https:\/\/coresparkbattery.com\/es\/wp-json\/wp\/v2\/product"}],"about":[{"href":"https:\/\/coresparkbattery.com\/es\/wp-json\/wp\/v2\/types\/product"}],"wp:featuredmedia":[{"embeddable":true,"href":"https:\/\/coresparkbattery.com\/es\/wp-json\/wp\/v2\/media\/601"}],"wp:attachment":[{"href":"https:\/\/coresparkbattery.com\/es\/wp-json\/wp\/v2\/media?parent=445"}],"wp:term":[{"taxonomy":"product_brand","embeddable":true,"href":"https:\/\/coresparkbattery.com\/es\/wp-json\/wp\/v2\/product_brand?post=445"},{"taxonomy":"product_cat","embeddable":true,"href":"https:\/\/coresparkbattery.com\/es\/wp-json\/wp\/v2\/product_cat?post=445"},{"taxonomy":"product_tag","embeddable":true,"href":"https:\/\/coresparkbattery.com\/es\/wp-json\/wp\/v2\/product_tag?post=445"}],"curies":[{"name":"wp","href":"https:\/\/api.w.org\/{rel}","templated":true}]}}