{"id":443,"date":"2026-04-28T08:15:32","date_gmt":"2026-04-28T08:15:32","guid":{"rendered":"https:\/\/coresparkbattery.com\/36v-48v-72v-lifepo4-battery-50-160ah-bluetooth-for-golf-cart-atv\/"},"modified":"2026-04-28T08:55:31","modified_gmt":"2026-04-28T08:55:31","slug":"36v-48v-72v-lifepo4-battery-50-160ah-bluetooth-for-golf-cart-atv","status":"publish","type":"product","link":"https:\/\/coresparkbattery.com\/es\/36v-48v-72v-lifepo4-battery-50-160ah-bluetooth-for-golf-cart-atv\/","title":{"rendered":"36V 48V 72V LiFePO4 Bater\u00eda 50-160Ah Bluetooth para Golf Cart ATV"},"content":{"rendered":"<p>Vida \u00fatil5000 ciclos<br \/>\nMateriales del c\u00e1todo LiFePO4<br \/>\nCantidad m\u00e1xima de carga (celdas)<br \/>\n7680W<br \/>\nTemperatura de funcionamiento(\u2103)<br \/>\n-20\u2103\u00b14\u2103 (-4\u00b0F\u00b139,2\u00b0F)<br \/>\nDimension (L*W*H)m433x334x285mm<br \/>\nN\u00famero de modelo 38.4V105AH<br \/>\nPeso 38KG<br \/>\nNombre del producto 36V 105AH LiFePO4 Golf Cart Battery<br \/>\nVida \u00fatil 4000 veces<br \/>\nSe acepta OEM\/ODM<br \/>\nTama\u00f1o 433*334*285\u00b13mm<\/p>","protected":false},"excerpt":{"rendered":"<p>Bater\u00eda Golf Cart Litio, Bater\u00eda Club Car, Bater\u00eda EZGO, Bater\u00eda Yamaha Golf Cart<\/p>","protected":false},"featured_media":591,"template":"","meta":{"_gspb_post_css":""},"product_brand":[],"product_cat":[489,488,15],"product_tag":[65,66,64,67],"class_list":{"0":"post-443","1":"product","2":"type-product","3":"status-publish","4":"has-post-thumbnail","6":"product_cat-48v-golf-cart-battery","7":"product_cat-76-8v-golf-cart-battery","8":"product_cat-golf-cart-battery","9":"product_tag-club-car-battery","10":"product_tag-ezgo-battery","11":"product_tag-golf-cart-lithium-battery","12":"product_tag-yamaha-golf-cart-battery","14":"first","15":"instock","16":"featured","17":"shipping-taxable","18":"product-type-simple"},"_links":{"self":[{"href":"https:\/\/coresparkbattery.com\/es\/wp-json\/wp\/v2\/product\/443","targetHints":{"allow":["GET"]}}],"collection":[{"href":"https:\/\/coresparkbattery.com\/es\/wp-json\/wp\/v2\/product"}],"about":[{"href":"https:\/\/coresparkbattery.com\/es\/wp-json\/wp\/v2\/types\/product"}],"wp:featuredmedia":[{"embeddable":true,"href":"https:\/\/coresparkbattery.com\/es\/wp-json\/wp\/v2\/media\/591"}],"wp:attachment":[{"href":"https:\/\/coresparkbattery.com\/es\/wp-json\/wp\/v2\/media?parent=443"}],"wp:term":[{"taxonomy":"product_brand","embeddable":true,"href":"https:\/\/coresparkbattery.com\/es\/wp-json\/wp\/v2\/product_brand?post=443"},{"taxonomy":"product_cat","embeddable":true,"href":"https:\/\/coresparkbattery.com\/es\/wp-json\/wp\/v2\/product_cat?post=443"},{"taxonomy":"product_tag","embeddable":true,"href":"https:\/\/coresparkbattery.com\/es\/wp-json\/wp\/v2\/product_tag?post=443"}],"curies":[{"name":"wp","href":"https:\/\/api.w.org\/{rel}","templated":true}]}}