{"id":441,"date":"2026-04-28T08:15:32","date_gmt":"2026-04-28T08:15:32","guid":{"rendered":"https:\/\/coresparkbattery.com\/rechargeable-36v-48v-72v-lifepo4-battery-50ah-100ah-105ah-160ah-bluetooth-lithium-battery-for-golf-cart-atv\/"},"modified":"2026-04-28T08:53:21","modified_gmt":"2026-04-28T08:53:21","slug":"rechargeable-36v-48v-72v-lifepo4-battery-50ah-100ah-105ah-160ah-bluetooth-lithium-battery-for-golf-cart-atv","status":"publish","type":"product","link":"https:\/\/coresparkbattery.com\/es\/rechargeable-36v-48v-72v-lifepo4-battery-50ah-100ah-105ah-160ah-bluetooth-lithium-battery-for-golf-cart-atv\/","title":{"rendered":"Bater\u00eda recargable 36V 48V 72V LiFePO4 50Ah 100Ah 105Ah 160Ah Bluetooth Bater\u00eda de litio para carrito de golf ATV"},"content":{"rendered":"<p>Tensi\u00f3n de carga\uff1a43,8V(3,65V\/Celda)<br \/>\nTensi\u00f3n de corte de descarga\uff1a30V(2,5V\/Celda)<br \/>\nTensi\u00f3n nominal\uff1a38,4V(3,2V\/Celda)<br \/>\nCapacidad m\u00ednima\uff1a105Ah @ 0,5C de descarga<br \/>\nCapacidad nominal\uff1a105Ah @0,5C descarga<br \/>\nEnerg\u00eda nominal\uff1a4032Wh @0,5C descarga<br \/>\nCorriente de carga continua\uff1a55A<br \/>\nCorriente de carga m\u00e1xima\uff1a100A<br \/>\nCorriente m\u00e1xima de descarga\uff1a200A(Pico 400A 35s)<br \/>\nPeso del paquete\uff1aAlrededor de 74.9Lb(34 Kg)<br \/>\nPor qu\u00e9 elegirnos<br \/>\n* F\u00e1brica con certificaci\u00f3n de gesti\u00f3n ISO 9001<br \/>\n* Equipo de I+D con ingenieros y dise\u00f1adores experimentados<br \/>\n* Profesionales OEM&amp;ODM<br \/>\n* M\u00faltiples l\u00edneas de producci\u00f3n y m\u00faltiples trabajadores de producci\u00f3n<br \/>\n* Estricto control de la calidad del producto, alto control de calidad<br \/>\n* Integraci\u00f3n de la producci\u00f3n<\/p>","protected":false},"excerpt":{"rendered":"<p>bater\u00eda de carrito de golf, bater\u00eda de carrito de golf, bater\u00eda de carrito de golf, bater\u00eda de carrito de golf, bater\u00eda de carrito de golf al por mayor<\/p>","protected":false},"featured_media":576,"template":"","meta":{"_gspb_post_css":""},"product_brand":[],"product_cat":[489,488,15],"product_tag":[59,61,60,62],"class_list":{"0":"post-441","1":"product","2":"type-product","3":"status-publish","4":"has-post-thumbnail","6":"product_cat-48v-golf-cart-battery","7":"product_cat-76-8v-golf-cart-battery","8":"product_cat-golf-cart-battery","9":"product_tag-golf-cart-battery-life","10":"product_tag-golf-cart-battery-near-me","11":"product_tag-golf-cart-battery-price","12":"product_tag-golf-cart-battery-wholesale","14":"first","15":"instock","16":"featured","17":"shipping-taxable","18":"product-type-simple"},"_links":{"self":[{"href":"https:\/\/coresparkbattery.com\/es\/wp-json\/wp\/v2\/product\/441","targetHints":{"allow":["GET"]}}],"collection":[{"href":"https:\/\/coresparkbattery.com\/es\/wp-json\/wp\/v2\/product"}],"about":[{"href":"https:\/\/coresparkbattery.com\/es\/wp-json\/wp\/v2\/types\/product"}],"wp:featuredmedia":[{"embeddable":true,"href":"https:\/\/coresparkbattery.com\/es\/wp-json\/wp\/v2\/media\/576"}],"wp:attachment":[{"href":"https:\/\/coresparkbattery.com\/es\/wp-json\/wp\/v2\/media?parent=441"}],"wp:term":[{"taxonomy":"product_brand","embeddable":true,"href":"https:\/\/coresparkbattery.com\/es\/wp-json\/wp\/v2\/product_brand?post=441"},{"taxonomy":"product_cat","embeddable":true,"href":"https:\/\/coresparkbattery.com\/es\/wp-json\/wp\/v2\/product_cat?post=441"},{"taxonomy":"product_tag","embeddable":true,"href":"https:\/\/coresparkbattery.com\/es\/wp-json\/wp\/v2\/product_tag?post=441"}],"curies":[{"name":"wp","href":"https:\/\/api.w.org\/{rel}","templated":true}]}}