{"id":440,"date":"2026-04-28T08:15:32","date_gmt":"2026-04-28T08:15:32","guid":{"rendered":"https:\/\/coresparkbattery.com\/smart-bluetooth-48v-lithium-battery-36v-60v-72v-100ah-105ah-320ah-lifepo4-golf-cart-battery-with-lcd-display-charger\/"},"modified":"2026-04-28T08:51:11","modified_gmt":"2026-04-28T08:51:11","slug":"smart-bluetooth-48v-lithium-battery-36v-60v-72v-100ah-105ah-320ah-lifepo4-golf-cart-battery-with-lcd-display-charger","status":"publish","type":"product","link":"https:\/\/coresparkbattery.com\/es\/smart-bluetooth-48v-lithium-battery-36v-60v-72v-100ah-105ah-320ah-lifepo4-golf-cart-battery-with-lcd-display-charger\/","title":{"rendered":"Smart Bluetooth 48V bater\u00eda de litio 36V 60V 72V 100Ah 105Ah 320Ah LiFePO4 Golf Cart bater\u00eda con cargador de pantalla LCD"},"content":{"rendered":"<p>M\u00e1ximo rendimiento<br \/>\nLa bater\u00eda LiFePO4 de 48V 105Ah para carrito de golf est\u00e1 fabricada con celdas LiFePO4 prism\u00e1ticas de grado A de primera calidad y tiene una energ\u00eda compacta de 5,37kWh, lo que equivale a 4pcs 12V 100Ah LiFePO4 en 4S (incluso 8pcs 12V 100Ah bater\u00edas AGM en 8S). Tiene un gran 10.24kW<br \/>\ncon baja tasa de autodescarga, baja p\u00e9rdida de capacidad, rendimiento m\u00e1s estable, y corriente de descarga continua de hasta 200A (Pico 400A 35S, 600A 3S), que es 50% m\u00e1s potente que la otra bater\u00eda de litio del mismo tama\u00f1o.<\/p>\n<p>200 A BMS y protecci\u00f3n m\u00faltiple incorporados<br \/>\nLa bater\u00eda LiFePO4 de 48V 105Ah incorporada en el Sistema de Gesti\u00f3n de Bater\u00edas (BMS) de 200A proporciona protecci\u00f3n contra sobrecarga\/descarga, sobrecorriente, altas\/bajas temperaturas y cortocircuitos. Con buena estabilidad t\u00e9rmica y qu\u00edmica. Libre de mantenimiento, sin trabajo ni coste de mantenimiento diario.<\/p>\n<p>Longevidad excepcional y facilidad de uso<br \/>\nNuestras bater\u00edas de litio para carritos de golf ofrecen m\u00e1s de 4000 ciclos, frente a los 300~500 ciclos de las bater\u00edas de plomo-\u00e1cido. Esto ayuda a minimizar los costes de sustituci\u00f3n y a reducir el coste total de propiedad. Y el peso de la bater\u00eda de litio hierro fosfato es 50% m\u00e1s ligero que la bater\u00eda de plomo-\u00e1cido de la misma capacidad, haci\u00e9ndolos m\u00e1s f\u00e1ciles de manejar e instalar en carros de golf donde el espacio es limitado.<\/p>","protected":false},"excerpt":{"rendered":"<p>actualizaci\u00f3n de la bater\u00eda del carrito de golf, conversi\u00f3n de la bater\u00eda del carrito de golf, cargador de la bater\u00eda del carrito de golf, mantenimiento de la bater\u00eda del carrito de golf<\/p>","protected":false},"featured_media":571,"template":"","meta":{"_gspb_post_css":""},"product_brand":[],"product_cat":[489,488,15],"product_tag":[57,56,58,55],"class_list":{"0":"post-440","1":"product","2":"type-product","3":"status-publish","4":"has-post-thumbnail","6":"product_cat-48v-golf-cart-battery","7":"product_cat-76-8v-golf-cart-battery","8":"product_cat-golf-cart-battery","9":"product_tag-golf-cart-battery-charger","10":"product_tag-golf-cart-battery-conversion","11":"product_tag-golf-cart-battery-maintenance","12":"product_tag-golf-cart-battery-upgrade","14":"first","15":"instock","16":"featured","17":"shipping-taxable","18":"product-type-simple"},"_links":{"self":[{"href":"https:\/\/coresparkbattery.com\/es\/wp-json\/wp\/v2\/product\/440","targetHints":{"allow":["GET"]}}],"collection":[{"href":"https:\/\/coresparkbattery.com\/es\/wp-json\/wp\/v2\/product"}],"about":[{"href":"https:\/\/coresparkbattery.com\/es\/wp-json\/wp\/v2\/types\/product"}],"wp:featuredmedia":[{"embeddable":true,"href":"https:\/\/coresparkbattery.com\/es\/wp-json\/wp\/v2\/media\/571"}],"wp:attachment":[{"href":"https:\/\/coresparkbattery.com\/es\/wp-json\/wp\/v2\/media?parent=440"}],"wp:term":[{"taxonomy":"product_brand","embeddable":true,"href":"https:\/\/coresparkbattery.com\/es\/wp-json\/wp\/v2\/product_brand?post=440"},{"taxonomy":"product_cat","embeddable":true,"href":"https:\/\/coresparkbattery.com\/es\/wp-json\/wp\/v2\/product_cat?post=440"},{"taxonomy":"product_tag","embeddable":true,"href":"https:\/\/coresparkbattery.com\/es\/wp-json\/wp\/v2\/product_tag?post=440"}],"curies":[{"name":"wp","href":"https:\/\/api.w.org\/{rel}","templated":true}]}}