{"id":438,"date":"2026-04-28T08:15:32","date_gmt":"2026-04-28T08:15:32","guid":{"rendered":"https:\/\/coresparkbattery.com\/high-quality-36v-105ah-48v-105ah-lifepo4-battery-golf-cart-lithium-ion-battery\/"},"modified":"2026-04-28T08:46:39","modified_gmt":"2026-04-28T08:46:39","slug":"high-quality-36v-105ah-48v-105ah-lifepo4-battery-golf-cart-lithium-ion-battery","status":"publish","type":"product","link":"https:\/\/coresparkbattery.com\/es\/high-quality-36v-105ah-48v-105ah-lifepo4-battery-golf-cart-lithium-ion-battery\/","title":{"rendered":"Alta calidad 36V 105Ah y 48V 105Ah LiFePO4 bater\u00eda, carro de golf de iones de litio de la bater\u00eda"},"content":{"rendered":"<p>M\u00e1ximo rendimiento<br \/>\nLa bater\u00eda LiFePO4 de 48V 105Ah para carrito de golf est\u00e1 fabricada con celdas LiFePO4 prism\u00e1ticas de grado A de primera calidad y tiene una energ\u00eda compacta de 5,37kWh, lo que equivale a 4pcs 12V 100Ah LiFePO4 en 4S (incluso 8pcs 12V 100Ah bater\u00edas AGM en 8S). Tiene un gran 10.24kW<br \/>\ncon baja tasa de autodescarga, baja p\u00e9rdida de capacidad, rendimiento m\u00e1s estable, y corriente de descarga continua de hasta 200A (Pico 400A 35S, 600A 3S), que es 50% m\u00e1s potente que la otra bater\u00eda de litio del mismo tama\u00f1o.<\/p>\n<p>200 A BMS y protecci\u00f3n m\u00faltiple incorporados<br \/>\nLa bater\u00eda LiFePO4 de 48V 105Ah incorporada en el Sistema de Gesti\u00f3n de Bater\u00edas (BMS) de 200A proporciona protecci\u00f3n contra sobrecarga\/descarga, sobrecorriente, altas\/bajas temperaturas y cortocircuitos. Con buena estabilidad t\u00e9rmica y qu\u00edmica. Libre de mantenimiento, sin trabajo ni coste de mantenimiento diario.<\/p>\n<p>Dise\u00f1o especial y pantalla LCD<br \/>\nLa bater\u00eda de litio est\u00e1 especialmente dise\u00f1ada y fabricada para satisfacer las rigurosas exigencias del sector de los carros de golf de 48 V, con m\u00e1s<br \/>\nde gran potencia y excelente rendimiento, compatible con los mandos de los carritos de golf de las principales marcas del mercado. Y viene con un<br \/>\nCargador LiFePO4 de 58,4 V y 22 A, que admite carga r\u00e1pida. Equipado con una pantalla t\u00e1ctil de 2,8 pulgadas se puede ver y controlar la.<br \/>\nbater\u00eda en tiempo real en la pantalla LCD.<\/p>","protected":false},"excerpt":{"rendered":"<p>Mejor Litio Golf Cart Bater\u00eda 2026, 150Ah LiFePO4 Golf Cart Bater\u00eda, Impermeable Golf Cart Bater\u00eda de Litio, Bluetooth Golf Cart Bater\u00eda<\/p>","protected":false},"featured_media":565,"template":"","meta":{"_gspb_post_css":""},"product_brand":[],"product_cat":[489,15],"product_tag":[49,48,51,50],"class_list":{"0":"post-438","1":"product","2":"type-product","3":"status-publish","4":"has-post-thumbnail","6":"product_cat-48v-golf-cart-battery","7":"product_cat-golf-cart-battery","8":"product_tag-150ah-lifepo4-golf-cart-battery","9":"product_tag-best-lithium-golf-cart-battery-2026","10":"product_tag-bluetooth-golf-cart-battery","11":"product_tag-waterproof-golf-cart-lithium-battery","13":"first","14":"instock","15":"featured","16":"shipping-taxable","17":"product-type-simple"},"_links":{"self":[{"href":"https:\/\/coresparkbattery.com\/es\/wp-json\/wp\/v2\/product\/438","targetHints":{"allow":["GET"]}}],"collection":[{"href":"https:\/\/coresparkbattery.com\/es\/wp-json\/wp\/v2\/product"}],"about":[{"href":"https:\/\/coresparkbattery.com\/es\/wp-json\/wp\/v2\/types\/product"}],"wp:featuredmedia":[{"embeddable":true,"href":"https:\/\/coresparkbattery.com\/es\/wp-json\/wp\/v2\/media\/565"}],"wp:attachment":[{"href":"https:\/\/coresparkbattery.com\/es\/wp-json\/wp\/v2\/media?parent=438"}],"wp:term":[{"taxonomy":"product_brand","embeddable":true,"href":"https:\/\/coresparkbattery.com\/es\/wp-json\/wp\/v2\/product_brand?post=438"},{"taxonomy":"product_cat","embeddable":true,"href":"https:\/\/coresparkbattery.com\/es\/wp-json\/wp\/v2\/product_cat?post=438"},{"taxonomy":"product_tag","embeddable":true,"href":"https:\/\/coresparkbattery.com\/es\/wp-json\/wp\/v2\/product_tag?post=438"}],"curies":[{"name":"wp","href":"https:\/\/api.w.org\/{rel}","templated":true}]}}