{"id":436,"date":"2026-04-28T08:15:32","date_gmt":"2026-04-28T08:15:32","guid":{"rendered":"https:\/\/coresparkbattery.com\/custom-lifepo4-golf-cart-lithium-battery-72v-105ah-51-2v-60v-72v-100ah-105ah-150ah-200ah-lithium-battery-for-golf-cart\/"},"modified":"2026-04-28T09:28:31","modified_gmt":"2026-04-28T09:28:31","slug":"custom-lifepo4-golf-cart-lithium-battery-72v-105ah-51-2v-60v-72v-100ah-105ah-150ah-200ah-lithium-battery-for-golf-cart","status":"publish","type":"product","link":"https:\/\/coresparkbattery.com\/es\/custom-lifepo4-golf-cart-lithium-battery-72v-105ah-51-2v-60v-72v-100ah-105ah-150ah-200ah-lithium-battery-for-golf-cart\/","title":{"rendered":"Custom Lifepo4 Golf Cart Bater\u00eda de litio 72v 105ah 51.2v 60v 72v 100ah 105ah 150ah 200ah Bater\u00eda de litio para carrito de golf"},"content":{"rendered":"<p>El kit de bater\u00edas de litio 72V 105Ah para carritos de golf integra una alta potencia de salida con controles de seguridad avanzados. Proporciona hasta 14,08 kW de potencia continua y 200 A de corriente de descarga, con picos de corriente de impulso de 400 A durante 35 segundos o de 600 A durante 3 segundos, lo que le permite soportar f\u00e1cilmente pendientes pronunciadas y cargas pesadas. Adem\u00e1s, el sistema de gesti\u00f3n de la bater\u00eda BMS de 200 A protege la bater\u00eda de sobrecargas, sobredescargas, cortocircuitos y sobrecalentamientos. Su clasificaci\u00f3n IP67 a prueba de agua y polvo garantiza un funcionamiento fiable en entornos dif\u00edciles, haciendo que cada viaje en su carrito de golf sea suave y seguro.<\/p>\n<p>Aplicaci\u00f3n<br \/>\nHerramientas el\u00e9ctricas, electr\u00f3nica de consumo, embarcaciones, juguetes, sistemas de alimentaci\u00f3n ininterrumpida, sillas de ruedas el\u00e9ctricas, sistemas de almacenamiento de energ\u00eda solar, carritos de golf, sistemas de alimentaci\u00f3n el\u00e9ctrica, bicicletas y patinetes el\u00e9ctricos, carretillas elevadoras el\u00e9ctricas, SUBMARINOS, electrodom\u00e9sticos, veh\u00edculos el\u00e9ctricos<br \/>\nTipo de bater\u00eda\uff1aEstado s\u00f3lido<br \/>\nVida \u00fatil\uff1a5000 ciclos<br \/>\nMateriales de c\u00e1todo\uff1aLiFePO4<br \/>\nCantidad m\u00e1xima de carga (celdas)\uff1a7392wh<br \/>\nTemperatura de funcionamiento(\u2103)\uff1a HASTA 60<br \/>\nMarca\uff1a OEM ODM<br \/>\nDimension (L*W*H)\uff1a558x307x269mm<\/p>","protected":false},"excerpt":{"rendered":"<p>Bater\u00eda de carrito de golf, bater\u00eda de litio para carrito de golf, bater\u00eda LiFePO4 para carrito de golf, conversi\u00f3n de bater\u00eda de litio para carrito de golf<\/p>","protected":false},"featured_media":727,"template":"","meta":{"_gspb_post_css":""},"product_brand":[],"product_cat":[487,488,15],"product_tag":[39,42,41,40],"class_list":{"0":"post-436","1":"product","2":"type-product","3":"status-publish","4":"has-post-thumbnail","6":"product_cat-51-2v-golf-cart-battery","7":"product_cat-76-8v-golf-cart-battery","8":"product_cat-golf-cart-battery","9":"product_tag-golf-cart-battery","10":"product_tag-golf-cart-lithium-battery-conversion","11":"product_tag-lifepo4-golf-cart-battery","12":"product_tag-lithium-golf-cart-battery","14":"first","15":"instock","16":"featured","17":"shipping-taxable","18":"product-type-simple"},"_links":{"self":[{"href":"https:\/\/coresparkbattery.com\/es\/wp-json\/wp\/v2\/product\/436","targetHints":{"allow":["GET"]}}],"collection":[{"href":"https:\/\/coresparkbattery.com\/es\/wp-json\/wp\/v2\/product"}],"about":[{"href":"https:\/\/coresparkbattery.com\/es\/wp-json\/wp\/v2\/types\/product"}],"wp:featuredmedia":[{"embeddable":true,"href":"https:\/\/coresparkbattery.com\/es\/wp-json\/wp\/v2\/media\/727"}],"wp:attachment":[{"href":"https:\/\/coresparkbattery.com\/es\/wp-json\/wp\/v2\/media?parent=436"}],"wp:term":[{"taxonomy":"product_brand","embeddable":true,"href":"https:\/\/coresparkbattery.com\/es\/wp-json\/wp\/v2\/product_brand?post=436"},{"taxonomy":"product_cat","embeddable":true,"href":"https:\/\/coresparkbattery.com\/es\/wp-json\/wp\/v2\/product_cat?post=436"},{"taxonomy":"product_tag","embeddable":true,"href":"https:\/\/coresparkbattery.com\/es\/wp-json\/wp\/v2\/product_tag?post=436"}],"curies":[{"name":"wp","href":"https:\/\/api.w.org\/{rel}","templated":true}]}}