{"id":553,"date":"2026-04-28T08:15:44","date_gmt":"2026-04-28T08:15:44","guid":{"rendered":"https:\/\/coresparkbattery.com\/48v-30ah-lifepo4-lawn-mower-battery-packs-custom-oem-lithium-ion-for-cordless-hand-push-mower-golf-cart-agv-bms-high-capacity\/"},"modified":"2026-04-28T11:57:35","modified_gmt":"2026-04-28T11:57:35","slug":"48v-30ah-lifepo4-lawn-mower-battery-packs-custom-oem-lithium-ion-for-cordless-hand-push-mower-golf-cart-agv-bms-high-capacity","status":"publish","type":"product","link":"https:\/\/coresparkbattery.com\/de\/48v-30ah-lifepo4-lawn-mower-battery-packs-custom-oem-lithium-ion-for-cordless-hand-push-mower-golf-cart-agv-bms-high-capacity\/","title":{"rendered":"48V 30Ah LiFePO4 Rasenm\u00e4her Akku Packs Custom OEM Lithium Ion f\u00fcr kabellose Hand Push Mower Golf Cart AGV BMS Hohe Kapazit\u00e4t"},"content":{"rendered":"<p>48V 30Ah LiFePO4 Rasenm\u00e4her Akku Packs Custom OEM Lithium Ion f\u00fcr kabellose Hand Push Mower Golf Cart AGV BMS Hohe Kapazit\u00e4t<\/p>\n<p>LiFePO4-Akkupack mit Schnellladung, LiFePO4-Akkupack f\u00fcr netzunabh\u00e4ngige H\u00fctten, LiFePO4-Akkupack f\u00fcr den Einsatz in der W\u00fcste, Kompakter 24V LiFePO4-Akku 50Ah<\/p>","protected":false},"excerpt":{"rendered":"<p>LiFePO4-Akkupack mit Schnellladung, LiFePO4-Akkupack f\u00fcr netzunabh\u00e4ngige H\u00fctten, LiFePO4-Akkupack f\u00fcr den Einsatz in der W\u00fcste, Kompakter 24V LiFePO4-Akku 50Ah<\/p>","protected":false},"featured_media":1118,"template":"","meta":{"_gspb_post_css":""},"product_brand":[],"product_cat":[489,15],"product_tag":[486,485,484,483],"class_list":{"0":"post-553","1":"product","2":"type-product","3":"status-publish","4":"has-post-thumbnail","6":"product_cat-48v-golf-cart-battery","7":"product_cat-golf-cart-battery","8":"product_tag-compact-24v-lifepo4-battery-50ah","9":"product_tag-lifepo4-battery-pack-for-desert-use","10":"product_tag-lifepo4-battery-pack-for-off-grid-cabin","11":"product_tag-lifepo4-battery-pack-with-fast-charging","13":"first","14":"instock","15":"featured","16":"shipping-taxable","17":"product-type-simple"},"_links":{"self":[{"href":"https:\/\/coresparkbattery.com\/de\/wp-json\/wp\/v2\/product\/553","targetHints":{"allow":["GET"]}}],"collection":[{"href":"https:\/\/coresparkbattery.com\/de\/wp-json\/wp\/v2\/product"}],"about":[{"href":"https:\/\/coresparkbattery.com\/de\/wp-json\/wp\/v2\/types\/product"}],"wp:featuredmedia":[{"embeddable":true,"href":"https:\/\/coresparkbattery.com\/de\/wp-json\/wp\/v2\/media\/1118"}],"wp:attachment":[{"href":"https:\/\/coresparkbattery.com\/de\/wp-json\/wp\/v2\/media?parent=553"}],"wp:term":[{"taxonomy":"product_brand","embeddable":true,"href":"https:\/\/coresparkbattery.com\/de\/wp-json\/wp\/v2\/product_brand?post=553"},{"taxonomy":"product_cat","embeddable":true,"href":"https:\/\/coresparkbattery.com\/de\/wp-json\/wp\/v2\/product_cat?post=553"},{"taxonomy":"product_tag","embeddable":true,"href":"https:\/\/coresparkbattery.com\/de\/wp-json\/wp\/v2\/product_tag?post=553"}],"curies":[{"name":"wp","href":"https:\/\/api.w.org\/{rel}","templated":true}]}}