{"id":550,"date":"2026-04-28T08:15:44","date_gmt":"2026-04-28T08:15:44","guid":{"rendered":"https:\/\/coresparkbattery.com\/customized-307-2v-high-voltage-lifepo4-lithium-ion-battery-power-system-ip66-protection-5-year-warranty-5000-cycles-for-electric\/"},"modified":"2026-04-28T11:54:49","modified_gmt":"2026-04-28T11:54:49","slug":"customized-307-2v-high-voltage-lifepo4-lithium-ion-battery-power-system-ip66-protection-5-year-warranty-5000-cycles-for-electric","status":"publish","type":"product","link":"https:\/\/coresparkbattery.com\/de\/customized-307-2v-high-voltage-lifepo4-lithium-ion-battery-power-system-ip66-protection-5-year-warranty-5000-cycles-for-electric\/","title":{"rendered":"Kundenspezifische 307.2V Hochspannungs-LiFePO4 Lithium-Ionen-Akku Power System IP66 Schutz 5 Jahre Garantie 5000 Zyklen f\u00fcr elektrische"},"content":{"rendered":"<p>Dies ist ein 12,8V 100Ah LiFePO4-Akku von GreenBatt, der f\u00fcr Solarenergiespeichersysteme entwickelt wurde. Sie verwendet hochwertige prismatische 100Ah LFP-Zellen und verf\u00fcgt \u00fcber ein integriertes intelligentes BMS f\u00fcr einen sicheren und stabilen Betrieb.<br \/>\nDie Batterie bietet einen Ausgangsleistungsbereich von 5-10 kW und unterst\u00fctzt einen maximalen Entladestrom von 100 A (anpassbar). Sie verf\u00fcgt \u00fcber ein Kunststoffgeh\u00e4use, die Schutzart IP54 und einen integrierten Bluetooth-Kommunikationsanschluss zur bequemen \u00dcberwachung.<br \/>\nMit einer Systemspannung von 12,8 V, Hybridnetzanschluss und langfristiger Zuverl\u00e4ssigkeit ist sie eine ideale L\u00f6sung f\u00fcr die Speicherung von Solarenergie. Die Batterie misst 385 mm \u00d7 195 mm \u00d7 250 mm und wiegt 11 kg.<br \/>\nEs wird in Henan, China, hergestellt und hat eine 5-j\u00e4hrige Garantie. OEM &amp; ODM Dienstleistungen werden akzeptiert.<\/p>","protected":false},"excerpt":{"rendered":"<p>LiFePO4-Akkupack f\u00fcr Telekommunikationsturm, LiFePO4-Akkupack f\u00fcr Solarstra\u00dfenbeleuchtung, LiFePO4-Akkupack f\u00fcr Weltraumnutzung, LiFePO4-Akkupack mit Heizfunktion<\/p>","protected":false},"featured_media":1108,"template":"","meta":{"_gspb_post_css":""},"product_brand":[],"product_cat":[504],"product_tag":[472,473,471,474],"class_list":{"0":"post-550","1":"product","2":"type-product","3":"status-publish","4":"has-post-thumbnail","6":"product_cat-lead-acid-replacement-batteries","7":"product_tag-lifepo4-battery-pack-for-solar-street-light","8":"product_tag-lifepo4-battery-pack-for-space-use","9":"product_tag-lifepo4-battery-pack-for-telecom-tower","10":"product_tag-lifepo4-battery-pack-with-heating-function","12":"first","13":"instock","14":"featured","15":"shipping-taxable","16":"product-type-simple"},"_links":{"self":[{"href":"https:\/\/coresparkbattery.com\/de\/wp-json\/wp\/v2\/product\/550","targetHints":{"allow":["GET"]}}],"collection":[{"href":"https:\/\/coresparkbattery.com\/de\/wp-json\/wp\/v2\/product"}],"about":[{"href":"https:\/\/coresparkbattery.com\/de\/wp-json\/wp\/v2\/types\/product"}],"wp:featuredmedia":[{"embeddable":true,"href":"https:\/\/coresparkbattery.com\/de\/wp-json\/wp\/v2\/media\/1108"}],"wp:attachment":[{"href":"https:\/\/coresparkbattery.com\/de\/wp-json\/wp\/v2\/media?parent=550"}],"wp:term":[{"taxonomy":"product_brand","embeddable":true,"href":"https:\/\/coresparkbattery.com\/de\/wp-json\/wp\/v2\/product_brand?post=550"},{"taxonomy":"product_cat","embeddable":true,"href":"https:\/\/coresparkbattery.com\/de\/wp-json\/wp\/v2\/product_cat?post=550"},{"taxonomy":"product_tag","embeddable":true,"href":"https:\/\/coresparkbattery.com\/de\/wp-json\/wp\/v2\/product_tag?post=550"}],"curies":[{"name":"wp","href":"https:\/\/api.w.org\/{rel}","templated":true}]}}