{"id":549,"date":"2026-04-28T08:15:44","date_gmt":"2026-04-28T08:15:44","guid":{"rendered":"https:\/\/coresparkbattery.com\/solar-led-streetlight-12v-40ah-photovoltaic-lithium-iron-phosphate-battery-deep-cycle-rechargeable-lithium-ion-batteries-pack\/"},"modified":"2026-04-28T11:53:16","modified_gmt":"2026-04-28T11:53:16","slug":"solar-led-streetlight-12v-40ah-photovoltaic-lithium-iron-phosphate-battery-deep-cycle-rechargeable-lithium-ion-batteries-pack","status":"publish","type":"product","link":"https:\/\/coresparkbattery.com\/de\/solar-led-streetlight-12v-40ah-photovoltaic-lithium-iron-phosphate-battery-deep-cycle-rechargeable-lithium-ion-batteries-pack\/","title":{"rendered":"Solar-LED-Stra\u00dfenlaterne 12V 40Ah Photovoltaik Lithium-Eisen-Phosphat-Batterie Deep-Cycle wiederaufladbare Lithium-Ionen-Batterien Pack"},"content":{"rendered":"<p>Dies ist ein halbfester LiFePO4-Akku, der von Liyue Battery in China hergestellt wird. Sie zeichnet sich durch hohe Sicherheit, lange Zykluslebensdauer und stabile Leistung f\u00fcr Anwendungen in mehreren Szenarien aus.<br \/>\nDie Batterie hat eine Nennspannung von 12,8V und eine Nennkapazit\u00e4t von 40Ah, mit einer maximalen Leistung von 512W. Sie unterst\u00fctzt 40A Lade-\/Entladestrom und 90A \u00dcberstromschutz. Ausgestattet mit einem eingebauten BMS, bietet er vollen Schutz, einschlie\u00dflich \u00dcberladung, \u00dcberentladung, \u00dcberstrom und Kurzschluss.<br \/>\nEr bietet eine Lebensdauer von 3000 Zyklen, eine Selbstentladungsrate von &lt;3% pro Monat und kann in einem breiten Temperaturbereich von -20\u2103 bis 60\u2103 zuverl\u00e4ssig arbeiten. Mit Zaunanschl\u00fcssen, kompakten Abmessungen von 30019080mm und einem geringen Gewicht von 6kg ist es einfach zu installieren und zu verwenden.<br \/>\nOEM &amp; ODM sind akzeptabel. Diese Deep-Cycle-12V-Batterie ist weit verbreitet in Solarenergie-Speichersystemen, elektrischen Fahrr\u00e4dern\/Scootern, U-Booten, elektrischen Stromsystemen, elektrischen Rollst\u00fchlen, Ampeln, Solar-Stra\u00dfenlampen und automatischen T\u00fcren.<\/p>","protected":false},"excerpt":{"rendered":"<p>LiFePO4-Akkupack f\u00fcr UPS-Backup, LiFePO4-Akkupack f\u00fcr Elektro-Gabelstapler, LiFePO4-Akkupack f\u00fcr Elektromotorrad, Tieftemperatur-LiFePO4-Akkupack -20\u2103<\/p>","protected":false},"featured_media":1104,"template":"","meta":{"_gspb_post_css":""},"product_brand":[],"product_cat":[494],"product_tag":[468,469,467,470],"class_list":{"0":"post-549","1":"product","2":"type-product","3":"status-publish","4":"has-post-thumbnail","6":"product_cat-12v-lifepo4-battery","7":"product_tag-lifepo4-battery-pack-for-electric-forklift","8":"product_tag-lifepo4-battery-pack-for-electric-motorcycle","9":"product_tag-lifepo4-battery-pack-for-ups-backup","10":"product_tag-low-temperature-lifepo4-battery-pack-20","12":"first","13":"instock","14":"featured","15":"shipping-taxable","16":"product-type-simple"},"_links":{"self":[{"href":"https:\/\/coresparkbattery.com\/de\/wp-json\/wp\/v2\/product\/549","targetHints":{"allow":["GET"]}}],"collection":[{"href":"https:\/\/coresparkbattery.com\/de\/wp-json\/wp\/v2\/product"}],"about":[{"href":"https:\/\/coresparkbattery.com\/de\/wp-json\/wp\/v2\/types\/product"}],"wp:featuredmedia":[{"embeddable":true,"href":"https:\/\/coresparkbattery.com\/de\/wp-json\/wp\/v2\/media\/1104"}],"wp:attachment":[{"href":"https:\/\/coresparkbattery.com\/de\/wp-json\/wp\/v2\/media?parent=549"}],"wp:term":[{"taxonomy":"product_brand","embeddable":true,"href":"https:\/\/coresparkbattery.com\/de\/wp-json\/wp\/v2\/product_brand?post=549"},{"taxonomy":"product_cat","embeddable":true,"href":"https:\/\/coresparkbattery.com\/de\/wp-json\/wp\/v2\/product_cat?post=549"},{"taxonomy":"product_tag","embeddable":true,"href":"https:\/\/coresparkbattery.com\/de\/wp-json\/wp\/v2\/product_tag?post=549"}],"curies":[{"name":"wp","href":"https:\/\/api.w.org\/{rel}","templated":true}]}}