{"id":548,"date":"2026-04-28T08:15:43","date_gmt":"2026-04-28T08:15:43","guid":{"rendered":"https:\/\/coresparkbattery.com\/custom-48v-72v-80v-96v-forklift-lithium-ion-battery-pack-industrial-electric-forklift-lifepo4-battery-for-warehouse\/"},"modified":"2026-04-28T11:52:19","modified_gmt":"2026-04-28T11:52:19","slug":"custom-48v-72v-80v-96v-forklift-lithium-ion-battery-pack-industrial-electric-forklift-lifepo4-battery-for-warehouse","status":"publish","type":"product","link":"https:\/\/coresparkbattery.com\/de\/custom-48v-72v-80v-96v-forklift-lithium-ion-battery-pack-industrial-electric-forklift-lifepo4-battery-for-warehouse\/","title":{"rendered":"Benutzerdefinierte 48V 72V 80V 96V Gabelstapler Lithium-Ionen-Akku-Pack Industrie-Elektro-Gabelstapler LiFePO4 Akku f\u00fcr Warehouse"},"content":{"rendered":"<p>Dies ist ein LFP-Lithium-Akkupack in fl\u00fcssiger Form, das von Liyue in China hergestellt wird. Er zeichnet sich durch stabile Leistung, lange Lebensdauer und hohe Anpassungsf\u00e4higkeit f\u00fcr schwere Anwendungen aus.<br \/>\nDie Batterie bietet 48V, 72V, 80V, 96V Nennspannung und 400Ah Kapazit\u00e4t mit einer maximalen Leistung von 32000W. Sie unterst\u00fctzt 200A Ladestrom, 300A Dauerentladestrom und 600A \u00dcberstromschutz. Die Spitzenleistung wird durch einen 320A-Hochleistungsstecker von Rema unterst\u00fctzt.<br \/>\nEr bietet 3500 Lade-\/Entladezyklen, eine Selbstentladungsrate von &lt;2% pro Monat und einen wasser- und staubdichten IP66-Schutz. Die Batterie kann in einem breiten Temperaturbereich von -20\u2103 bis 60\u2103 zuverl\u00e4ssig arbeiten.<br \/>\nMit den Ma\u00dfen 1008\u00d7701\u00d7416 mm und einem Gewicht von 360 kg ist diese Batterie ideal f\u00fcr Boote, Golfwagen, elektrische Stromversorgungssysteme, Elektrostapler, U-Boote, Elektrofahrzeuge, Elektrofahrr\u00e4der und -roller.<\/p>","protected":false},"excerpt":{"rendered":"<p>Smart LiFePO4 Akku-Pack mit APP, 5 Jahre Garantie LiFePO4 Akku, LiFePO4 Akku-Pack f\u00fcr Elektroroller, LiFePO4 Akku-Pack f\u00fcr Elektroflugzeug<\/p>","protected":false},"featured_media":1099,"template":"","meta":{"_gspb_post_css":""},"product_brand":[],"product_cat":[491],"product_tag":[464,466,465,463],"class_list":{"0":"post-548","1":"product","2":"type-product","3":"status-publish","4":"has-post-thumbnail","6":"product_cat-forklift-battery-pack","7":"product_tag-5-years-warranty-lifepo4-battery","8":"product_tag-lifepo4-battery-pack-for-electric-plane","9":"product_tag-lifepo4-battery-pack-for-electric-scooter","10":"product_tag-smart-lifepo4-battery-pack-with-app","12":"first","13":"instock","14":"featured","15":"shipping-taxable","16":"product-type-simple"},"_links":{"self":[{"href":"https:\/\/coresparkbattery.com\/de\/wp-json\/wp\/v2\/product\/548","targetHints":{"allow":["GET"]}}],"collection":[{"href":"https:\/\/coresparkbattery.com\/de\/wp-json\/wp\/v2\/product"}],"about":[{"href":"https:\/\/coresparkbattery.com\/de\/wp-json\/wp\/v2\/types\/product"}],"wp:featuredmedia":[{"embeddable":true,"href":"https:\/\/coresparkbattery.com\/de\/wp-json\/wp\/v2\/media\/1099"}],"wp:attachment":[{"href":"https:\/\/coresparkbattery.com\/de\/wp-json\/wp\/v2\/media?parent=548"}],"wp:term":[{"taxonomy":"product_brand","embeddable":true,"href":"https:\/\/coresparkbattery.com\/de\/wp-json\/wp\/v2\/product_brand?post=548"},{"taxonomy":"product_cat","embeddable":true,"href":"https:\/\/coresparkbattery.com\/de\/wp-json\/wp\/v2\/product_cat?post=548"},{"taxonomy":"product_tag","embeddable":true,"href":"https:\/\/coresparkbattery.com\/de\/wp-json\/wp\/v2\/product_tag?post=548"}],"curies":[{"name":"wp","href":"https:\/\/api.w.org\/{rel}","templated":true}]}}