{"id":547,"date":"2026-04-28T08:15:43","date_gmt":"2026-04-28T08:15:43","guid":{"rendered":"https:\/\/coresparkbattery.com\/battery-manufacturer-24v-lifepo4-battery-pack-100ah-200ah-230ah-300ah-400ah-500ah-lithium-ion-battery-for-electric-forklift\/"},"modified":"2026-04-28T11:51:15","modified_gmt":"2026-04-28T11:51:15","slug":"battery-manufacturer-24v-lifepo4-battery-pack-100ah-200ah-230ah-300ah-400ah-500ah-lithium-ion-battery-for-electric-forklift","status":"publish","type":"product","link":"https:\/\/coresparkbattery.com\/de\/battery-manufacturer-24v-lifepo4-battery-pack-100ah-200ah-230ah-300ah-400ah-500ah-lithium-ion-battery-for-electric-forklift\/","title":{"rendered":"Batterie Hersteller 24V LiFePO4 Batterie Pack 100Ah 200Ah 230Ah 300Ah 400Ah 500Ah Lithium Ion Batterie f\u00fcr Elektro Gabelstapler"},"content":{"rendered":"<p>Dies ist ein halbfester LFP-Lithium-Akkupack, der f\u00fcr Schwerlast- und Marineanwendungen entwickelt wurde. Er verf\u00fcgt \u00fcber LiFePO4-Zellen der G\u00fcteklasse A, die mit bis zu 5000 Zyklen eine lange Lebensdauer und zuverl\u00e4ssige Leistung bieten.<br \/>\nDie Batterie unterst\u00fctzt mehrere Spannungsoptionen, darunter 24V, 36V, 48V, 72V, 80V und 96V, mit einer Kapazit\u00e4t von 100Ah bis 560Ah. Sie unterst\u00fctzt 200A Standardladestrom, 300A Dauerentladestrom und 450A Spitzenstrom f\u00fcr 10 Sekunden. Mit der Schutzart IP66 kann es auch in rauen Umgebungen sicher arbeiten.<br \/>\nSie hat eine Selbstentladungsrate von weniger als 2% pro Monat und einen breiten Betriebstemperaturbereich von -20\u2103 bis 60\u2103. Die Batterie kann bis zu 32 Zellen laden und hat eine 5-Jahres-Garantie.<br \/>\nOEM &amp; ODM sind akzeptabel. Diese Batterie ist weit verbreitet in Booten, Golfwagen, elektrische Stromsysteme, elektrische Gabelstapler, U-Boote und Elektrofahrzeuge verwendet.<\/p>","protected":false},"excerpt":{"rendered":"<p>LiFePO4 Akkupack mit Touchscreen, MOQ 10 LiFePO4 Akkupack, LiFePO4 Akkupack f\u00fcr Elektrofahrrad, LiFePO4 Akkupack f\u00fcr Elektroschiff<\/p>","protected":false},"featured_media":1096,"template":"","meta":{"_gspb_post_css":""},"product_brand":[],"product_cat":[491],"product_tag":[461,462,459,460],"class_list":{"0":"post-547","1":"product","2":"type-product","3":"status-publish","4":"has-post-thumbnail","6":"product_cat-forklift-battery-pack","7":"product_tag-lifepo4-battery-pack-for-electric-bicycle","8":"product_tag-lifepo4-battery-pack-for-electric-ship","9":"product_tag-lifepo4-battery-pack-with-touch-screen","10":"product_tag-moq-10-lifepo4-battery-pack","12":"first","13":"instock","14":"featured","15":"shipping-taxable","16":"product-type-simple"},"_links":{"self":[{"href":"https:\/\/coresparkbattery.com\/de\/wp-json\/wp\/v2\/product\/547","targetHints":{"allow":["GET"]}}],"collection":[{"href":"https:\/\/coresparkbattery.com\/de\/wp-json\/wp\/v2\/product"}],"about":[{"href":"https:\/\/coresparkbattery.com\/de\/wp-json\/wp\/v2\/types\/product"}],"wp:featuredmedia":[{"embeddable":true,"href":"https:\/\/coresparkbattery.com\/de\/wp-json\/wp\/v2\/media\/1096"}],"wp:attachment":[{"href":"https:\/\/coresparkbattery.com\/de\/wp-json\/wp\/v2\/media?parent=547"}],"wp:term":[{"taxonomy":"product_brand","embeddable":true,"href":"https:\/\/coresparkbattery.com\/de\/wp-json\/wp\/v2\/product_brand?post=547"},{"taxonomy":"product_cat","embeddable":true,"href":"https:\/\/coresparkbattery.com\/de\/wp-json\/wp\/v2\/product_cat?post=547"},{"taxonomy":"product_tag","embeddable":true,"href":"https:\/\/coresparkbattery.com\/de\/wp-json\/wp\/v2\/product_tag?post=547"}],"curies":[{"name":"wp","href":"https:\/\/api.w.org\/{rel}","templated":true}]}}