{"id":546,"date":"2026-04-28T08:15:43","date_gmt":"2026-04-28T08:15:43","guid":{"rendered":"https:\/\/coresparkbattery.com\/lfp-battery-48v-60v-72v-85ah-100ah-640ah-lifepo4-battery-for-golf-cart-forklift\/"},"modified":"2026-04-28T11:49:01","modified_gmt":"2026-04-28T11:49:01","slug":"lfp-battery-48v-60v-72v-85ah-100ah-640ah-lifepo4-battery-for-golf-cart-forklift","status":"publish","type":"product","link":"https:\/\/coresparkbattery.com\/de\/lfp-battery-48v-60v-72v-85ah-100ah-640ah-lifepo4-battery-for-golf-cart-forklift\/","title":{"rendered":"Lfp Batterie 48V 60V 72V 85Ah 100Ah 640Ah LiFePO4 Batterie f\u00fcr Golf Cart Gabelstapler"},"content":{"rendered":"<p>Dies ist ein LiFePO4-Lithium-Akkupack mit fortschrittlicher Lithium-Eisen-Phosphat-Technologie, einer Nennspannung von 48V und einer Energiekapazit\u00e4t von 2016Wh. Es unterst\u00fctzt bis zu 42 Zellen und bietet eine lange Lebensdauer von 4000 Zyklen, was eine stabile und dauerhafte Leistung gew\u00e4hrleistet.<br \/>\nDie Batterie arbeitet zuverl\u00e4ssig in einem weiten Temperaturbereich von -20\u2103 bis 60\u2103, hat eine silberne Oberfl\u00e4che und kompakte Abmessungen von 380290175 mm und wiegt nur 20 kg. Sie wird in Shandong, China, unter der Marke Sirui (Jinan) Technology hergestellt.<br \/>\nOEM- und ODM-Anpassung wird vollst\u00e4ndig unterst\u00fctzt. Diese Batterie wird h\u00e4ufig in Booten, Golfwagen, U-Booten, elektrischen Fahrr\u00e4dern\/Scootern, Elektrofahrzeugen, elektrischen Rollst\u00fchlen und elektrischen Gabelstaplern verwendet.<\/p>","protected":false},"excerpt":{"rendered":"<p>LiFePO4-Akku mit hoher Kapazit\u00e4t 500Ah, Gro\u00dfbestellung LiFePO4-Akkupack, LiFePO4-Akkupack f\u00fcr Elektro-Dreirad, LiFePO4-Akkupack f\u00fcr Elektrozug<\/p>","protected":false},"featured_media":1089,"template":"","meta":{"_gspb_post_css":""},"product_brand":[],"product_cat":[489,488,491,15],"product_tag":[456,455,458,457],"class_list":{"0":"post-546","1":"product","2":"type-product","3":"status-publish","4":"has-post-thumbnail","6":"product_cat-48v-golf-cart-battery","7":"product_cat-76-8v-golf-cart-battery","8":"product_cat-forklift-battery-pack","9":"product_cat-golf-cart-battery","10":"product_tag-bulk-order-lifepo4-battery-pack","11":"product_tag-high-capacity-500ah-lifepo4-battery","12":"product_tag-lifepo4-battery-pack-for-electric-train","13":"product_tag-lifepo4-battery-pack-for-electric-tricycle","15":"first","16":"instock","17":"featured","18":"shipping-taxable","19":"product-type-simple"},"_links":{"self":[{"href":"https:\/\/coresparkbattery.com\/de\/wp-json\/wp\/v2\/product\/546","targetHints":{"allow":["GET"]}}],"collection":[{"href":"https:\/\/coresparkbattery.com\/de\/wp-json\/wp\/v2\/product"}],"about":[{"href":"https:\/\/coresparkbattery.com\/de\/wp-json\/wp\/v2\/types\/product"}],"wp:featuredmedia":[{"embeddable":true,"href":"https:\/\/coresparkbattery.com\/de\/wp-json\/wp\/v2\/media\/1089"}],"wp:attachment":[{"href":"https:\/\/coresparkbattery.com\/de\/wp-json\/wp\/v2\/media?parent=546"}],"wp:term":[{"taxonomy":"product_brand","embeddable":true,"href":"https:\/\/coresparkbattery.com\/de\/wp-json\/wp\/v2\/product_brand?post=546"},{"taxonomy":"product_cat","embeddable":true,"href":"https:\/\/coresparkbattery.com\/de\/wp-json\/wp\/v2\/product_cat?post=546"},{"taxonomy":"product_tag","embeddable":true,"href":"https:\/\/coresparkbattery.com\/de\/wp-json\/wp\/v2\/product_tag?post=546"}],"curies":[{"name":"wp","href":"https:\/\/api.w.org\/{rel}","templated":true}]}}