{"id":543,"date":"2026-04-28T08:15:43","date_gmt":"2026-04-28T08:15:43","guid":{"rendered":"https:\/\/coresparkbattery.com\/60v-400ah-electric-forklift-lithium-battery-faster-charging-zero-maintenance-perfect-for-walkie-stackers-and-forklifts-for-sale\/"},"modified":"2026-04-28T11:45:27","modified_gmt":"2026-04-28T11:45:27","slug":"60v-400ah-electric-forklift-lithium-battery-faster-charging-zero-maintenance-perfect-for-walkie-stackers-and-forklifts-for-sale","status":"publish","type":"product","link":"https:\/\/coresparkbattery.com\/de\/60v-400ah-electric-forklift-lithium-battery-faster-charging-zero-maintenance-perfect-for-walkie-stackers-and-forklifts-for-sale\/","title":{"rendered":"60V 400Ah Elektro-Gabelstapler Lithium-Batterie Schnelleres Aufladen Null Wartung Perfekt f\u00fcr Walkie Stackers und Gabelstapler zu verkaufen"},"content":{"rendered":"<p>Unsere Lithiumbatterien f\u00fcr Gabelstapler zeichnen sich durch hohe Effizienz, lange Lebensdauer, Wartungsfreiheit, Umweltfreundlichkeit und Sicherheit aus. Sie wurden entwickelt, um herk\u00f6mmliche Blei-S\u00e4ure-Batterien zu ersetzen und die bevorzugte Energiel\u00f6sung f\u00fcr die moderne Logistik- und Lagerhaltungsbranche zu werden.<\/p>","protected":false},"excerpt":{"rendered":"<p>LiFePO4-Akkupack mit aktivem Balancing, ISO-zertifizierte LiFePO4-Akkufabrik, LiFePO4-Akkupack f\u00fcr Reinigungsmaschine, LiFePO4-Akkupack f\u00fcr Elektroauto<\/p>","protected":false},"featured_media":1074,"template":"","meta":{"_gspb_post_css":""},"product_brand":[],"product_cat":[491],"product_tag":[444,445,446,443],"class_list":{"0":"post-543","1":"product","2":"type-product","3":"status-publish","4":"has-post-thumbnail","6":"product_cat-forklift-battery-pack","7":"product_tag-iso-certified-lifepo4-battery-factory","8":"product_tag-lifepo4-battery-pack-for-cleaning-machine","9":"product_tag-lifepo4-battery-pack-for-electric-car","10":"product_tag-lifepo4-battery-pack-with-active-balancing","12":"first","13":"instock","14":"featured","15":"shipping-taxable","16":"product-type-simple"},"_links":{"self":[{"href":"https:\/\/coresparkbattery.com\/de\/wp-json\/wp\/v2\/product\/543","targetHints":{"allow":["GET"]}}],"collection":[{"href":"https:\/\/coresparkbattery.com\/de\/wp-json\/wp\/v2\/product"}],"about":[{"href":"https:\/\/coresparkbattery.com\/de\/wp-json\/wp\/v2\/types\/product"}],"wp:featuredmedia":[{"embeddable":true,"href":"https:\/\/coresparkbattery.com\/de\/wp-json\/wp\/v2\/media\/1074"}],"wp:attachment":[{"href":"https:\/\/coresparkbattery.com\/de\/wp-json\/wp\/v2\/media?parent=543"}],"wp:term":[{"taxonomy":"product_brand","embeddable":true,"href":"https:\/\/coresparkbattery.com\/de\/wp-json\/wp\/v2\/product_brand?post=543"},{"taxonomy":"product_cat","embeddable":true,"href":"https:\/\/coresparkbattery.com\/de\/wp-json\/wp\/v2\/product_cat?post=543"},{"taxonomy":"product_tag","embeddable":true,"href":"https:\/\/coresparkbattery.com\/de\/wp-json\/wp\/v2\/product_tag?post=543"}],"curies":[{"name":"wp","href":"https:\/\/api.w.org\/{rel}","templated":true}]}}