{"id":538,"date":"2026-04-28T08:15:43","date_gmt":"2026-04-28T08:15:43","guid":{"rendered":"https:\/\/coresparkbattery.com\/lifepo4-48v-300ah-400ah-600ah-energy-storage-battery-300ah-400ah-600ah-heating-for-home-solar-energy-storage\/"},"modified":"2026-04-28T11:37:20","modified_gmt":"2026-04-28T11:37:20","slug":"lifepo4-48v-300ah-400ah-600ah-energy-storage-battery-300ah-400ah-600ah-heating-for-home-solar-energy-storage","status":"publish","type":"product","link":"https:\/\/coresparkbattery.com\/de\/lifepo4-48v-300ah-400ah-600ah-energy-storage-battery-300ah-400ah-600ah-heating-for-home-solar-energy-storage\/","title":{"rendered":"LiFePo4 48v 300ah 400ah 600ah Energie-Speicher-Akku 300ah 400ah 600ah Heizung f\u00fcr Home Solar Energy Storage"},"content":{"rendered":"<p>Es handelt sich um eine 48V LiFePO4-Batterie mit einem Gewicht von 50kg, die in Kapazit\u00e4ten von 300Ah, 400Ah und 600Ah erh\u00e4ltlich ist.<br \/>\nEs verwendet hochwertiges LiFePO4-Kathodenmaterial und Premiumzellen von EVE, Gotion, LG und DJ.<br \/>\nMit einer Lebensdauer von \u00fcber 6000 Zyklen unterst\u00fctzt es einen empfohlenen Ladestrom von 300 A und einen empfohlenen Entladestrom von 300 A.<br \/>\nEs verf\u00fcgt \u00fcber einen breiten Betriebstemperaturbereich: 0~60\u2103 zum Laden und -20~60\u2103 zum Entladen.<br \/>\nHergestellt in Guangdong, China, sind OEM- und ODM-Anpassungen m\u00f6glich.<\/p>","protected":false},"excerpt":{"rendered":"<p>12V 100Ah LiFePO4-Akku, LiFePO4-Akku f\u00fcr Wohnmobil-Solaranlagen, Deep Cycle LiFePO4-Akku f\u00fcr netzunabh\u00e4ngige Anwendungen, OEM-Industrie-LiFePO4-Akku<\/p>","protected":false},"featured_media":1052,"template":"","meta":{"_gspb_post_css":""},"product_brand":[],"product_cat":[494],"product_tag":[420,427,426,428],"class_list":{"0":"post-538","1":"product","2":"type-product","3":"status-publish","4":"has-post-thumbnail","6":"product_cat-12v-lifepo4-battery","7":"product_tag-12v-100ah-lifepo4-battery-pack","8":"product_tag-deep-cycle-lifepo4-battery-for-off-grid","9":"product_tag-lifepo4-battery-pack-for-rv-solar","10":"product_tag-oem-industrial-lifepo4-battery-pack","12":"first","13":"instock","14":"featured","15":"shipping-taxable","16":"product-type-simple"},"_links":{"self":[{"href":"https:\/\/coresparkbattery.com\/de\/wp-json\/wp\/v2\/product\/538","targetHints":{"allow":["GET"]}}],"collection":[{"href":"https:\/\/coresparkbattery.com\/de\/wp-json\/wp\/v2\/product"}],"about":[{"href":"https:\/\/coresparkbattery.com\/de\/wp-json\/wp\/v2\/types\/product"}],"wp:featuredmedia":[{"embeddable":true,"href":"https:\/\/coresparkbattery.com\/de\/wp-json\/wp\/v2\/media\/1052"}],"wp:attachment":[{"href":"https:\/\/coresparkbattery.com\/de\/wp-json\/wp\/v2\/media?parent=538"}],"wp:term":[{"taxonomy":"product_brand","embeddable":true,"href":"https:\/\/coresparkbattery.com\/de\/wp-json\/wp\/v2\/product_brand?post=538"},{"taxonomy":"product_cat","embeddable":true,"href":"https:\/\/coresparkbattery.com\/de\/wp-json\/wp\/v2\/product_cat?post=538"},{"taxonomy":"product_tag","embeddable":true,"href":"https:\/\/coresparkbattery.com\/de\/wp-json\/wp\/v2\/product_tag?post=538"}],"curies":[{"name":"wp","href":"https:\/\/api.w.org\/{rel}","templated":true}]}}