{"id":532,"date":"2026-04-28T08:15:42","date_gmt":"2026-04-28T08:15:42","guid":{"rendered":"https:\/\/coresparkbattery.com\/industrial-48v-100ah-150ah-200ah-280ah-ip54-waterproof-oem-odm-lifepo4-battery-for-electric-forklift-lithium-battery\/"},"modified":"2026-04-28T11:29:49","modified_gmt":"2026-04-28T11:29:49","slug":"industrial-48v-100ah-150ah-200ah-280ah-ip54-waterproof-oem-odm-lifepo4-battery-for-electric-forklift-lithium-battery","status":"publish","type":"product","link":"https:\/\/coresparkbattery.com\/de\/industrial-48v-100ah-150ah-200ah-280ah-ip54-waterproof-oem-odm-lifepo4-battery-for-electric-forklift-lithium-battery\/","title":{"rendered":"Industrielle 48V 100Ah 150Ah 200Ah 280Ah IP54 Wasserdicht OEM ODM LiFePO4 Batterie f\u00fcr Elektro-Gabelstapler Lithium Batterie"},"content":{"rendered":"<p>Es handelt sich um einen LiFePO4-Festk\u00f6rperakku mit einer Nennspannung von 48 V, der in den Kapazit\u00e4ten 100Ah, 150Ah, 200Ah und 280Ah erh\u00e4ltlich ist.<br \/>\nEr hat ein Standardgewicht von 139 kg, aber auch ein kundenspezifisches Gewicht ist m\u00f6glich, und die Gesamtabmessungen betragen 975 mm, 780 mm und 625 mm.<br \/>\nDie Batterie hat eine Lebensdauer von mehr als 5000 Zyklen und ist aufladbar.<br \/>\nEs unterst\u00fctzt einen Ladetemperaturbereich von 0~60\u2103 und einen Entladetemperaturbereich von -20~60\u2103.<br \/>\nProduziert mit zuverl\u00e4ssiger LiFePO4-Zellenchemie, sind OEM- und ODM-Dienstleistungen akzeptabel, um unterschiedliche Kundenanforderungen zu erf\u00fcllen.<\/p>","protected":false},"excerpt":{"rendered":"<p>Umweltfreundlicher LiFePO4-Akku, Leichter LiFePO4-Akku, Kompakter LiFePO4-Akku, LiFePO4-Akku mit hoher Energiedichte<\/p>","protected":false},"featured_media":1026,"template":"","meta":{"_gspb_post_css":""},"product_brand":[],"product_cat":[491],"product_tag":[414,412,415,413],"class_list":{"0":"post-532","1":"product","2":"type-product","3":"status-publish","4":"has-post-thumbnail","6":"product_cat-forklift-battery-pack","7":"product_tag-compact-lifepo4-battery-pack","8":"product_tag-eco-friendly-lifepo4-battery","9":"product_tag-high-energy-density-lifepo4-battery","10":"product_tag-light-weight-lifepo4-battery-pack","12":"first","13":"instock","14":"featured","15":"shipping-taxable","16":"product-type-simple"},"_links":{"self":[{"href":"https:\/\/coresparkbattery.com\/de\/wp-json\/wp\/v2\/product\/532","targetHints":{"allow":["GET"]}}],"collection":[{"href":"https:\/\/coresparkbattery.com\/de\/wp-json\/wp\/v2\/product"}],"about":[{"href":"https:\/\/coresparkbattery.com\/de\/wp-json\/wp\/v2\/types\/product"}],"wp:featuredmedia":[{"embeddable":true,"href":"https:\/\/coresparkbattery.com\/de\/wp-json\/wp\/v2\/media\/1026"}],"wp:attachment":[{"href":"https:\/\/coresparkbattery.com\/de\/wp-json\/wp\/v2\/media?parent=532"}],"wp:term":[{"taxonomy":"product_brand","embeddable":true,"href":"https:\/\/coresparkbattery.com\/de\/wp-json\/wp\/v2\/product_brand?post=532"},{"taxonomy":"product_cat","embeddable":true,"href":"https:\/\/coresparkbattery.com\/de\/wp-json\/wp\/v2\/product_cat?post=532"},{"taxonomy":"product_tag","embeddable":true,"href":"https:\/\/coresparkbattery.com\/de\/wp-json\/wp\/v2\/product_tag?post=532"}],"curies":[{"name":"wp","href":"https:\/\/api.w.org\/{rel}","templated":true}]}}