{"id":530,"date":"2026-04-28T08:15:42","date_gmt":"2026-04-28T08:15:42","guid":{"rendered":"https:\/\/coresparkbattery.com\/wholesale-customized-12v-300ah-solar-energy-rechargeable-storage-battery-lithium-ion-lifepo4-battery-pack-with-bms\/"},"modified":"2026-04-28T11:24:47","modified_gmt":"2026-04-28T11:24:47","slug":"wholesale-customized-12v-300ah-solar-energy-rechargeable-storage-battery-lithium-ion-lifepo4-battery-pack-with-bms","status":"publish","type":"product","link":"https:\/\/coresparkbattery.com\/de\/wholesale-customized-12v-300ah-solar-energy-rechargeable-storage-battery-lithium-ion-lifepo4-battery-pack-with-bms\/","title":{"rendered":"Gro\u00dfhandel ma\u00dfgeschneiderte 12V 300Ah Solarenergie wiederaufladbare Batterie Lithium-Ionen LiFePO4 Akku-Pack mit BMS"},"content":{"rendered":"<p>Dieser Lithium-Eisen-Phosphat-Akku (LiFePO4) hat eine Spannung von 12,8V, eine Kapazit\u00e4t von 300Ah und eine Energie von 3840Wh bei einem Gewicht von 28kg.<br \/>\nEs unterst\u00fctzt einen maximalen Ladestrom von 300A und einen maximalen Entladestrom von 300A, mit einer Entladeschlussspannung von 10V.<br \/>\nDer Anschluss ist M8 (anpassbar).<br \/>\nOEM- und ODM-Services werden unterst\u00fctzt, und das Produkt wird mit einer 2-j\u00e4hrigen Garantie geliefert.<\/p>\n<p>12,8V 300Ah LiFePO4-Akku:<br \/>\n* Unterst\u00fctzt Bluetooth APP, APP-Anpassung<br \/>\n* Unterst\u00fctzt 4 Serien 4Parallelschaltung f\u00fcr den Einsatz<br \/>\n* Kompatibel mit Android- und iOS-Systemen<br \/>\n* Gleiche Gr\u00f6\u00dfe, mehr Leistung im Inneren<br \/>\n* Bis zu 6000 Zyklen Lebensdauer und hervorragende Wirtschaftlichkeit<\/p>","protected":false},"excerpt":{"rendered":"<p>LiFePO4-Akku f\u00fcr medizinische Ger\u00e4te, LiFePO4-Akku f\u00fcr die Telekommunikation, wiederaufladbarer LiFePO4-Akku, Lithium-Ionen-LiFePO4-Akku<\/p>","protected":false},"featured_media":1016,"template":"","meta":{"_gspb_post_css":""},"product_brand":[],"product_cat":[494],"product_tag":[407,404,406,405],"class_list":{"0":"post-530","1":"product","2":"type-product","3":"status-publish","4":"has-post-thumbnail","6":"product_cat-12v-lifepo4-battery","7":"product_tag-lithium-ion-lifepo4-battery-pack","8":"product_tag-medical-equipment-lifepo4-battery","9":"product_tag-rechargeable-lifepo4-battery-pack","10":"product_tag-telecom-lifepo4-battery-pack","12":"first","13":"instock","14":"featured","15":"shipping-taxable","16":"product-type-simple"},"_links":{"self":[{"href":"https:\/\/coresparkbattery.com\/de\/wp-json\/wp\/v2\/product\/530","targetHints":{"allow":["GET"]}}],"collection":[{"href":"https:\/\/coresparkbattery.com\/de\/wp-json\/wp\/v2\/product"}],"about":[{"href":"https:\/\/coresparkbattery.com\/de\/wp-json\/wp\/v2\/types\/product"}],"wp:featuredmedia":[{"embeddable":true,"href":"https:\/\/coresparkbattery.com\/de\/wp-json\/wp\/v2\/media\/1016"}],"wp:attachment":[{"href":"https:\/\/coresparkbattery.com\/de\/wp-json\/wp\/v2\/media?parent=530"}],"wp:term":[{"taxonomy":"product_brand","embeddable":true,"href":"https:\/\/coresparkbattery.com\/de\/wp-json\/wp\/v2\/product_brand?post=530"},{"taxonomy":"product_cat","embeddable":true,"href":"https:\/\/coresparkbattery.com\/de\/wp-json\/wp\/v2\/product_cat?post=530"},{"taxonomy":"product_tag","embeddable":true,"href":"https:\/\/coresparkbattery.com\/de\/wp-json\/wp\/v2\/product_tag?post=530"}],"curies":[{"name":"wp","href":"https:\/\/api.w.org\/{rel}","templated":true}]}}