{"id":529,"date":"2026-04-28T08:15:42","date_gmt":"2026-04-28T08:15:42","guid":{"rendered":"https:\/\/coresparkbattery.com\/golf-cart-battery-48v-51-2v-100ah-105ah-lifepo4-battery-200a-smart-bms-6000-cycles-with-20a-waterproof-charger-color-customized\/"},"modified":"2026-04-28T11:23:29","modified_gmt":"2026-04-28T11:23:29","slug":"golf-cart-battery-48v-51-2v-100ah-105ah-lifepo4-battery-200a-smart-bms-6000-cycles-with-20a-waterproof-charger-color-customized","status":"publish","type":"product","link":"https:\/\/coresparkbattery.com\/de\/golf-cart-battery-48v-51-2v-100ah-105ah-lifepo4-battery-200a-smart-bms-6000-cycles-with-20a-waterproof-charger-color-customized\/","title":{"rendered":"Golf Cart Batterie 48V 51.2V 100Ah 105Ah LiFePO4 Batterie 200A Smart BMS 6000+ Zyklen mit 20A Wasserdichtes Ladeger\u00e4t Farbe angepasst"},"content":{"rendered":"<p>Dies ist ein LiFePO4 Golf Cart Battery Pack mit einer Nennspannung von 51,2V und einer Nennkapazit\u00e4t von 105Ah, das eine Energieabgabe von 5376Wh bietet und 47KG wiegt.<br \/>\nEr verwendet prismatische LiFePO4-Zellen der Klasse A und unterst\u00fctzt einen Entladestrom von bis zu 200 A.<br \/>\nAusgestattet mit Kommunikationsanschl\u00fcssen wie CAN, RS485 und Bluetooth, verf\u00fcgt es \u00fcber eine Bluetooth-APP-\u00dcberwachung, ein LCD-Display und ein wasserdichtes 20-A-Ladeger\u00e4t.<br \/>\nDiese Batterie wird h\u00e4ufig in Golfwagen, Schiffen, Yachten, Wohnmobilen und anderen Anwendungen eingesetzt, und OEM- und ODM-Dienstleistungen sind akzeptabel.<\/p>","protected":false},"excerpt":{"rendered":"<p>100A LiFePO4-Akkupack, 200A LiFePO4-Akkupack, 300A LiFePO4-Akkupack, LiFePO4-Akkupack mit Spitzenentladung<\/p>","protected":false},"featured_media":1011,"template":"","meta":{"_gspb_post_css":""},"product_brand":[],"product_cat":[489,487,15],"product_tag":[400,401,402,403],"class_list":{"0":"post-529","1":"product","2":"type-product","3":"status-publish","4":"has-post-thumbnail","6":"product_cat-48v-golf-cart-battery","7":"product_cat-51-2v-golf-cart-battery","8":"product_cat-golf-cart-battery","9":"product_tag-100a-lifepo4-battery-pack","10":"product_tag-200a-lifepo4-battery-pack","11":"product_tag-300a-lifepo4-battery-pack","12":"product_tag-peak-discharge-lifepo4-battery-pack","14":"first","15":"instock","16":"featured","17":"shipping-taxable","18":"product-type-simple"},"_links":{"self":[{"href":"https:\/\/coresparkbattery.com\/de\/wp-json\/wp\/v2\/product\/529","targetHints":{"allow":["GET"]}}],"collection":[{"href":"https:\/\/coresparkbattery.com\/de\/wp-json\/wp\/v2\/product"}],"about":[{"href":"https:\/\/coresparkbattery.com\/de\/wp-json\/wp\/v2\/types\/product"}],"wp:featuredmedia":[{"embeddable":true,"href":"https:\/\/coresparkbattery.com\/de\/wp-json\/wp\/v2\/media\/1011"}],"wp:attachment":[{"href":"https:\/\/coresparkbattery.com\/de\/wp-json\/wp\/v2\/media?parent=529"}],"wp:term":[{"taxonomy":"product_brand","embeddable":true,"href":"https:\/\/coresparkbattery.com\/de\/wp-json\/wp\/v2\/product_brand?post=529"},{"taxonomy":"product_cat","embeddable":true,"href":"https:\/\/coresparkbattery.com\/de\/wp-json\/wp\/v2\/product_cat?post=529"},{"taxonomy":"product_tag","embeddable":true,"href":"https:\/\/coresparkbattery.com\/de\/wp-json\/wp\/v2\/product_tag?post=529"}],"curies":[{"name":"wp","href":"https:\/\/api.w.org\/{rel}","templated":true}]}}