{"id":527,"date":"2026-04-28T08:15:42","date_gmt":"2026-04-28T08:15:42","guid":{"rendered":"https:\/\/coresparkbattery.com\/oem-golf-cart-lithium-battery-36v-105ah-lifepo4-battery-large-power-built-in-200a-smart-bt-bms-with-20a-waterproof-charger\/"},"modified":"2026-04-28T11:19:18","modified_gmt":"2026-04-28T11:19:18","slug":"oem-golf-cart-lithium-battery-36v-105ah-lifepo4-battery-large-power-built-in-200a-smart-bt-bms-with-20a-waterproof-charger","status":"publish","type":"product","link":"https:\/\/coresparkbattery.com\/de\/oem-golf-cart-lithium-battery-36v-105ah-lifepo4-battery-large-power-built-in-200a-smart-bt-bms-with-20a-waterproof-charger\/","title":{"rendered":"OEM Golf Cart Lithium Batterie 36V 105Ah LiFePO4 Batterie Gro\u00dfe Leistung Eingebaut 200A Smart BT BMS mit 20A Wasserdichtes Ladeger\u00e4t"},"content":{"rendered":"<p>Dies ist ein LiFePO4 Golf Cart Battery Pack mit einer Nennspannung von 36V und einer Nennkapazit\u00e4t von 105Ah, das eine Energie von 3780Wh liefert und 40KG wiegt.<br \/>\nEr verwendet prismatische LiFePO4-Zellen der Klasse A und unterst\u00fctzt einen Entladestrom von bis zu 200 A.<br \/>\nDie Batterie ist mit CAN-, RS485- und Bluetooth-Kommunikationsfunktionen ausgestattet und verf\u00fcgt \u00fcber eine Bluetooth-APP-\u00dcberwachung, ein LCD-Display und ein wasserdichtes 20-A-Ladeger\u00e4t.<br \/>\nEs findet breite Anwendung in Golfwagen, Schiffen, Jachten, Wohnmobilen und anderen Szenarien, und OEM- und ODM-Dienstleistungen sind akzeptabel.<\/p>","protected":false},"excerpt":{"rendered":"<p>25,6V LiFePO4-Akku, 12,8V LiFePO4-Akku, 76,8V LiFePO4-Akku, Multi-Voltage-LiFePO4-Akku<\/p>","protected":false},"featured_media":1001,"template":"","meta":{"_gspb_post_css":""},"product_brand":[],"product_cat":[490,15],"product_tag":[393,392,394,395],"class_list":{"0":"post-527","1":"product","2":"type-product","3":"status-publish","4":"has-post-thumbnail","6":"product_cat-25-6v-golf-cart-battery","7":"product_cat-golf-cart-battery","8":"product_tag-12-8v-lifepo4-battery-pack","9":"product_tag-25-6v-lifepo4-battery-pack","10":"product_tag-76-8v-lifepo4-battery-pack","11":"product_tag-multi-voltage-lifepo4-battery-pack","13":"first","14":"instock","15":"featured","16":"shipping-taxable","17":"product-type-simple"},"_links":{"self":[{"href":"https:\/\/coresparkbattery.com\/de\/wp-json\/wp\/v2\/product\/527","targetHints":{"allow":["GET"]}}],"collection":[{"href":"https:\/\/coresparkbattery.com\/de\/wp-json\/wp\/v2\/product"}],"about":[{"href":"https:\/\/coresparkbattery.com\/de\/wp-json\/wp\/v2\/types\/product"}],"wp:featuredmedia":[{"embeddable":true,"href":"https:\/\/coresparkbattery.com\/de\/wp-json\/wp\/v2\/media\/1001"}],"wp:attachment":[{"href":"https:\/\/coresparkbattery.com\/de\/wp-json\/wp\/v2\/media?parent=527"}],"wp:term":[{"taxonomy":"product_brand","embeddable":true,"href":"https:\/\/coresparkbattery.com\/de\/wp-json\/wp\/v2\/product_brand?post=527"},{"taxonomy":"product_cat","embeddable":true,"href":"https:\/\/coresparkbattery.com\/de\/wp-json\/wp\/v2\/product_cat?post=527"},{"taxonomy":"product_tag","embeddable":true,"href":"https:\/\/coresparkbattery.com\/de\/wp-json\/wp\/v2\/product_tag?post=527"}],"curies":[{"name":"wp","href":"https:\/\/api.w.org\/{rel}","templated":true}]}}