{"id":523,"date":"2026-04-28T08:15:41","date_gmt":"2026-04-28T08:15:41","guid":{"rendered":"https:\/\/coresparkbattery.com\/customized-12-8v-100ah-lifepo4-solid-state-battery-1280wh-6000-cycles-solar-energy-storage-battery\/"},"modified":"2026-04-28T11:14:58","modified_gmt":"2026-04-28T11:14:58","slug":"customized-12-8v-100ah-lifepo4-solid-state-battery-1280wh-6000-cycles-solar-energy-storage-battery","status":"publish","type":"product","link":"https:\/\/coresparkbattery.com\/de\/customized-12-8v-100ah-lifepo4-solid-state-battery-1280wh-6000-cycles-solar-energy-storage-battery\/","title":{"rendered":"Kundenspezifische 12.8V 100Ah LiFePO4 Festk\u00f6rperbatterie 1280Wh 6000 Zyklen Solarenergie Speicherbatterie"},"content":{"rendered":"<p>Hier ist eine glatte, professionelle Produktbeschreibung, die Sie direkt verwenden k\u00f6nnen:<br \/>\nDieser LiFePO4-Akku hat eine Spannung von 12,8V und eine Kapazit\u00e4t von 100Ah, bei einem Nettogewicht von 10,5kg.<br \/>\nEs unterst\u00fctzt einen maximalen Ladestrom von 100 A und einen maximalen Entladestrom von 100 A, w\u00e4hrend die Entladeschlussspannung 10 V betr\u00e4gt.<br \/>\nDer empfohlene Ladestrom liegt bei 10 A und der empfohlene Entladestrom bei 100 A.<br \/>\nOEM- und ODM-Services sind akzeptabel, und f\u00fcr den Akku gilt eine 3-j\u00e4hrige Garantie.<br \/>\nIch habe die Einheit von Ah auf A f\u00fcr Strom korrigiert, was in Au\u00dfenhandelslisten Standard ist.<\/p>","protected":false},"excerpt":{"rendered":"<p>LiFePO4-Akkupack, Lithium-Eisenphosphat-Akkupack, LFP-Akkupack, LiFePO4-Akku<\/p>","protected":false},"featured_media":982,"template":"","meta":{"_gspb_post_css":""},"product_brand":[],"product_cat":[494],"product_tag":[378,379,376,377],"class_list":{"0":"post-523","1":"product","2":"type-product","3":"status-publish","4":"has-post-thumbnail","6":"product_cat-12v-lifepo4-battery","7":"product_tag-lfp-battery-pack","8":"product_tag-lifepo4-battery","9":"product_tag-lifepo4-battery-pack","10":"product_tag-lithium-iron-phosphate-battery-pack","12":"first","13":"instock","14":"featured","15":"shipping-taxable","16":"product-type-simple"},"_links":{"self":[{"href":"https:\/\/coresparkbattery.com\/de\/wp-json\/wp\/v2\/product\/523","targetHints":{"allow":["GET"]}}],"collection":[{"href":"https:\/\/coresparkbattery.com\/de\/wp-json\/wp\/v2\/product"}],"about":[{"href":"https:\/\/coresparkbattery.com\/de\/wp-json\/wp\/v2\/types\/product"}],"wp:featuredmedia":[{"embeddable":true,"href":"https:\/\/coresparkbattery.com\/de\/wp-json\/wp\/v2\/media\/982"}],"wp:attachment":[{"href":"https:\/\/coresparkbattery.com\/de\/wp-json\/wp\/v2\/media?parent=523"}],"wp:term":[{"taxonomy":"product_brand","embeddable":true,"href":"https:\/\/coresparkbattery.com\/de\/wp-json\/wp\/v2\/product_brand?post=523"},{"taxonomy":"product_cat","embeddable":true,"href":"https:\/\/coresparkbattery.com\/de\/wp-json\/wp\/v2\/product_cat?post=523"},{"taxonomy":"product_tag","embeddable":true,"href":"https:\/\/coresparkbattery.com\/de\/wp-json\/wp\/v2\/product_tag?post=523"}],"curies":[{"name":"wp","href":"https:\/\/api.w.org\/{rel}","templated":true}]}}