{"id":521,"date":"2026-04-28T08:15:41","date_gmt":"2026-04-28T08:15:41","guid":{"rendered":"https:\/\/coresparkbattery.com\/lifepo4-24v-72v-lithium-ion-battery-pack-20ah-60ah-range-for-electric-tricycle-36v-60v-electric-vehicles-72v-solar-energy\/"},"modified":"2026-04-28T11:09:29","modified_gmt":"2026-04-28T11:09:29","slug":"lifepo4-24v-72v-lithium-ion-battery-pack-20ah-60ah-range-for-electric-tricycle-36v-60v-electric-vehicles-72v-solar-energy","status":"publish","type":"product","link":"https:\/\/coresparkbattery.com\/de\/lifepo4-24v-72v-lithium-ion-battery-pack-20ah-60ah-range-for-electric-tricycle-36v-60v-electric-vehicles-72v-solar-energy\/","title":{"rendered":"LifePo4 24V-72V Lithium-Ionen-Akkupack 20Ah-60Ah Reichweite f\u00fcr Elektro-Dreirad 36V-60V Elektrofahrzeuge 72V Solarenergie"},"content":{"rendered":"<p>Dies ist ein 72-V-Lithium-Akkupack mit LiFePO4\/Lithium-Akku, der 20 kg wiegt und ein Metallgeh\u00e4use hat.<br \/>\nEs unterst\u00fctzt eine Spannung von 24V und eine anpassbare Kapazit\u00e4t von 20Ah bis 60Ah, um unterschiedlichen Anforderungen gerecht zu werden.<br \/>\nMit einer Lebensdauer von mehr als 6000 Zyklen und einer 1-Jahres-Garantie wird es haupts\u00e4chlich f\u00fcr Motorr\u00e4der und Elektrostapler verwendet.<br \/>\nWir bieten einen umfassenden kundenspezifischen OEM- und ODM-Service f\u00fcr Akkupacks an, der eine ideale L\u00f6sung f\u00fcr Elektroroller und \u00e4hnliche Ger\u00e4te darstellt.<\/p>","protected":false},"excerpt":{"rendered":"<p>Deep-Cycle-Batterie f\u00fcr Boote, Deep-Cycle-Batterie f\u00fcr Schiffe, Bootsbatterie, OEM-Batterie f\u00fcr Gabelstapler, kundenspezifische Anpassung<\/p>","protected":false},"featured_media":973,"template":"","meta":{"_gspb_post_css":""},"product_brand":[],"product_cat":[499],"product_tag":[370,368,369,371],"class_list":{"0":"post-521","1":"product","2":"type-product","3":"status-publish","4":"has-post-thumbnail","6":"product_cat-24v-lifepo4-battery","7":"product_tag-boat-battery","8":"product_tag-deep-cycle-boat-battery","9":"product_tag-deep-cycle-marine-battery","10":"product_tag-oem-forklift-battery-pack-customization","12":"first","13":"instock","14":"featured","15":"shipping-taxable","16":"product-type-simple"},"_links":{"self":[{"href":"https:\/\/coresparkbattery.com\/de\/wp-json\/wp\/v2\/product\/521","targetHints":{"allow":["GET"]}}],"collection":[{"href":"https:\/\/coresparkbattery.com\/de\/wp-json\/wp\/v2\/product"}],"about":[{"href":"https:\/\/coresparkbattery.com\/de\/wp-json\/wp\/v2\/types\/product"}],"wp:featuredmedia":[{"embeddable":true,"href":"https:\/\/coresparkbattery.com\/de\/wp-json\/wp\/v2\/media\/973"}],"wp:attachment":[{"href":"https:\/\/coresparkbattery.com\/de\/wp-json\/wp\/v2\/media?parent=521"}],"wp:term":[{"taxonomy":"product_brand","embeddable":true,"href":"https:\/\/coresparkbattery.com\/de\/wp-json\/wp\/v2\/product_brand?post=521"},{"taxonomy":"product_cat","embeddable":true,"href":"https:\/\/coresparkbattery.com\/de\/wp-json\/wp\/v2\/product_cat?post=521"},{"taxonomy":"product_tag","embeddable":true,"href":"https:\/\/coresparkbattery.com\/de\/wp-json\/wp\/v2\/product_tag?post=521"}],"curies":[{"name":"wp","href":"https:\/\/api.w.org\/{rel}","templated":true}]}}