{"id":520,"date":"2026-04-28T08:15:41","date_gmt":"2026-04-28T08:15:41","guid":{"rendered":"https:\/\/coresparkbattery.com\/96v-lifepo4-battery-rechargeable-96v-100ah-solar-system-energy-storage-battery\/"},"modified":"2026-04-28T11:08:30","modified_gmt":"2026-04-28T11:08:30","slug":"96v-lifepo4-battery-rechargeable-96v-100ah-solar-system-energy-storage-battery","status":"publish","type":"product","link":"https:\/\/coresparkbattery.com\/de\/96v-lifepo4-battery-rechargeable-96v-100ah-solar-system-energy-storage-battery\/","title":{"rendered":"96V LiFePO4 Akku Wiederaufladbar 96V 100Ah Solaranlage Energiespeicher Akku"},"content":{"rendered":"<p>Bei dem Produkt handelt es sich um eine 72V Lithium-Batterie, die haupts\u00e4chlich als Stromquelle f\u00fcr Elektroroller verwendet wird (wie durch das Hauptstichwort \"Elektroroller-Batterie\" angegeben). Es ist ein LiFePO4\/Lithium-Akku mit einer Nennspannung von 24V und einer Kapazit\u00e4t von 20Ah bis 60Ah, der je nach Kundenbedarf angepasst werden kann, um die unterschiedlichen Leistungsanforderungen von Elektrorollern zu erf\u00fcllen.<br \/>\nDer aus hochwertigem Metall gefertigte Akku ist langlebig und robust und gew\u00e4hrleistet einen stabilen Betrieb in verschiedenen Nutzungsszenarien. Er verf\u00fcgt \u00fcber eine ultralange Lebensdauer von mehr als 6000 Zyklen und bietet eine langfristige und zuverl\u00e4ssige Energieversorgung. Das Akkupaket wiegt 20 kg und wird mit einer 1-Jahres-Garantie geliefert, die den Kunden garantierte Qualit\u00e4t und Kundendienstleistungen bietet.<br \/>\nDar\u00fcber hinaus bieten wir kundenspezifische OEM- und ODM-Batteriepacks an, die auf die spezifischen Spezifikationen, das Aussehen und die Leistungsanforderungen der verschiedenen Kunden zugeschnitten werden k\u00f6nnen, was sie zu einer vielseitigen und praktischen Stromversorgungsl\u00f6sung f\u00fcr Elektroroller macht.<\/p>","protected":false},"excerpt":{"rendered":"<p>1000 Zyklus Marine-Batterie, 48V Lithium-Batterie f\u00fcr Boote, Marine-Batterie, Gro\u00dfhandel Gabelstapler Batterie Pack Preis<\/p>","protected":false},"featured_media":968,"template":"","meta":{"_gspb_post_css":""},"product_brand":[],"product_cat":[504],"product_tag":[364,365,366,367],"class_list":{"0":"post-520","1":"product","2":"type-product","3":"status-publish","4":"has-post-thumbnail","6":"product_cat-lead-acid-replacement-batteries","7":"product_tag-1000-cycle-marine-battery","8":"product_tag-48v-lithium-battery-for-boats","9":"product_tag-marine-battery","10":"product_tag-wholesale-forklift-battery-pack-price","12":"first","13":"instock","14":"featured","15":"shipping-taxable","16":"product-type-simple"},"_links":{"self":[{"href":"https:\/\/coresparkbattery.com\/de\/wp-json\/wp\/v2\/product\/520","targetHints":{"allow":["GET"]}}],"collection":[{"href":"https:\/\/coresparkbattery.com\/de\/wp-json\/wp\/v2\/product"}],"about":[{"href":"https:\/\/coresparkbattery.com\/de\/wp-json\/wp\/v2\/types\/product"}],"wp:featuredmedia":[{"embeddable":true,"href":"https:\/\/coresparkbattery.com\/de\/wp-json\/wp\/v2\/media\/968"}],"wp:attachment":[{"href":"https:\/\/coresparkbattery.com\/de\/wp-json\/wp\/v2\/media?parent=520"}],"wp:term":[{"taxonomy":"product_brand","embeddable":true,"href":"https:\/\/coresparkbattery.com\/de\/wp-json\/wp\/v2\/product_brand?post=520"},{"taxonomy":"product_cat","embeddable":true,"href":"https:\/\/coresparkbattery.com\/de\/wp-json\/wp\/v2\/product_cat?post=520"},{"taxonomy":"product_tag","embeddable":true,"href":"https:\/\/coresparkbattery.com\/de\/wp-json\/wp\/v2\/product_tag?post=520"}],"curies":[{"name":"wp","href":"https:\/\/api.w.org\/{rel}","templated":true}]}}