{"id":519,"date":"2026-04-28T08:15:40","date_gmt":"2026-04-28T08:15:40","guid":{"rendered":"https:\/\/coresparkbattery.com\/most-popular-hot-sale-12v-lifepo4-battery-lead-acid-replacement-solar-rv-marine-100ah-200ah-300ah-lifepo4-lithium-ion-battery\/"},"modified":"2026-04-28T11:07:33","modified_gmt":"2026-04-28T11:07:33","slug":"most-popular-hot-sale-12v-lifepo4-battery-lead-acid-replacement-solar-rv-marine-100ah-200ah-300ah-lifepo4-lithium-ion-battery","status":"publish","type":"product","link":"https:\/\/coresparkbattery.com\/de\/most-popular-hot-sale-12v-lifepo4-battery-lead-acid-replacement-solar-rv-marine-100ah-200ah-300ah-lifepo4-lithium-ion-battery\/","title":{"rendered":"Beliebtester hei\u00dfer Verkauf 12V Lifepo4 Batterie Blei-S\u00e4ure-Ersatz Solar RV Marine 100Ah 200Ah 300Ah LiFePO4 Lithium Ion Batterie"},"content":{"rendered":"<p>Dieses Produkt ist eine Energiespeicherbatterie, die speziell f\u00fcr Elektroautos und Elektrofahrzeuge entwickelt wurde. Er verf\u00fcgt \u00fcber eine Nennspannung von 96V und eine Nennkapazit\u00e4t von 100Ah bei einem Nettogewicht von 85KG. Die Batterie ist vom Typ LiFePO4\/Lithium-Batterie und verwendet hochwertige LiFePO4-Batteriezellen, um eine stabile und zuverl\u00e4ssige Leistung zu gew\u00e4hrleisten.<br \/>\nMit einer ultralangen Zykluslebensdauer von bis zu 6000 Mal kann diese Batterie eine langfristige und effiziente Energieversorgung f\u00fcr Elektrofahrzeuge bieten. Als Lithium-Ionen-\/LiFePO4-Batteriepaket kombiniert sie die Vorteile hoher Sicherheit und langer Lebensdauer. Dar\u00fcber hinaus sind OEM- und ODM-Dienstleistungen verf\u00fcgbar, um kundenspezifische Anforderungen f\u00fcr verschiedene Elektrofahrzeuganwendungen zu erf\u00fcllen.<\/p>","protected":false},"excerpt":{"rendered":"<p>Bootsbatterie mit gro\u00dfer Kapazit\u00e4t, 24V Bootsbatterie, 12V 24V 48V wiederaufladbare Marinebatterie f\u00fcr Boote, Wo kann man Gabelstaplerbatterien kaufen<\/p>","protected":false},"featured_media":963,"template":"","meta":{"_gspb_post_css":""},"product_brand":[],"product_cat":[494,493,504,492],"product_tag":[362,361,360,363],"class_list":{"0":"post-519","1":"product","2":"type-product","3":"status-publish","4":"has-post-thumbnail","6":"product_cat-12v-lifepo4-battery","7":"product_cat-12v-rv-lifepo4-battery","8":"product_cat-lead-acid-replacement-batteries","9":"product_cat-rv-lifepo4-battery","10":"product_tag-12v-24v-48v-rechargeable-marine-battery-for-boats","11":"product_tag-24v-boat-battery","12":"product_tag-large-capacity-boat-battery","13":"product_tag-where-to-buy-forklift-battery-pack","15":"first","16":"instock","17":"featured","18":"shipping-taxable","19":"product-type-simple"},"_links":{"self":[{"href":"https:\/\/coresparkbattery.com\/de\/wp-json\/wp\/v2\/product\/519","targetHints":{"allow":["GET"]}}],"collection":[{"href":"https:\/\/coresparkbattery.com\/de\/wp-json\/wp\/v2\/product"}],"about":[{"href":"https:\/\/coresparkbattery.com\/de\/wp-json\/wp\/v2\/types\/product"}],"wp:featuredmedia":[{"embeddable":true,"href":"https:\/\/coresparkbattery.com\/de\/wp-json\/wp\/v2\/media\/963"}],"wp:attachment":[{"href":"https:\/\/coresparkbattery.com\/de\/wp-json\/wp\/v2\/media?parent=519"}],"wp:term":[{"taxonomy":"product_brand","embeddable":true,"href":"https:\/\/coresparkbattery.com\/de\/wp-json\/wp\/v2\/product_brand?post=519"},{"taxonomy":"product_cat","embeddable":true,"href":"https:\/\/coresparkbattery.com\/de\/wp-json\/wp\/v2\/product_cat?post=519"},{"taxonomy":"product_tag","embeddable":true,"href":"https:\/\/coresparkbattery.com\/de\/wp-json\/wp\/v2\/product_tag?post=519"}],"curies":[{"name":"wp","href":"https:\/\/api.w.org\/{rel}","templated":true}]}}