{"id":517,"date":"2026-04-28T08:15:40","date_gmt":"2026-04-28T08:15:40","guid":{"rendered":"https:\/\/coresparkbattery.com\/lfp-solar-battery-pack-rechargeable-with-bms-12-8v-200ah-300ah-400ah-lithium-ion-home-energy-storage-battery-lifepo4\/"},"modified":"2026-04-28T11:05:19","modified_gmt":"2026-04-28T11:05:19","slug":"lfp-solar-battery-pack-rechargeable-with-bms-12-8v-200ah-300ah-400ah-lithium-ion-home-energy-storage-battery-lifepo4","status":"publish","type":"product","link":"https:\/\/coresparkbattery.com\/de\/lfp-solar-battery-pack-rechargeable-with-bms-12-8v-200ah-300ah-400ah-lithium-ion-home-energy-storage-battery-lifepo4\/","title":{"rendered":"LFP Solar Battery Pack Wiederaufladbar mit BMS 12.8V 200Ah 300Ah 400Ah Lithium Ion Home Energy Storage Batterie LiFePO4"},"content":{"rendered":"<p>Dies ist ein 12V 150Ah LiFePO4 Lithium-Ionen-Akku mit einer Energieabgabe von 1920Wh. Er zeichnet sich durch eine leichte Konstruktion und eine h\u00f6here Energiedichte aus und bietet eine bessere Leistung als herk\u00f6mmliche Ni-Cd- und Ni-MH-Akkus.<br \/>\nGr\u00f6\u00dfe und Kapazit\u00e4t aller LiFePO4-Batterien k\u00f6nnen an die jeweiligen Anforderungen angepasst werden und unterst\u00fctzen OEM- und ODM-Dienste. Sie bieten eine lange Lebensdauer von 1000 bis 6000 Zyklen, mit einem Ladetemperaturbereich von 0\u00b0C-45\u00b0C und einem Entladebereich von -20\u00b0C~60\u00b0C (oder -20\u00b0C~55\u00b0C).<br \/>\nDiese Batterie verf\u00fcgt \u00fcber vollst\u00e4ndige Zertifizierungen, einschlie\u00dflich CE, UN38.3, MSDS, RoHS und ISO9001. Jede Einheit wird vor der Auslieferung einer vollst\u00e4ndigen 100%-Inspektion unterzogen, die die Pr\u00fcfung des Innenwiderstands, die \u00dcberpr\u00fcfung der Entladeplattform und die Erkennung der Selbstentladung umfasst, um eine stabile und zuverl\u00e4ssige Qualit\u00e4t zu gew\u00e4hrleisten.<\/p>","protected":false},"excerpt":{"rendered":"<p>Lithium-Batterie f\u00fcr die Schifffahrt, Bootsbatterie mit hoher Lebensdauer, Wiederaufladbare LiFePO4-Batterie f\u00fcr Schiffsantriebe, Wartung von Gabelstapler-Batterien<\/p>","protected":false},"featured_media":953,"template":"","meta":{"_gspb_post_css":""},"product_brand":[],"product_cat":[494],"product_tag":[354,355,343,347],"class_list":{"0":"post-517","1":"product","2":"type-product","3":"status-publish","4":"has-post-thumbnail","6":"product_cat-12v-lifepo4-battery","7":"product_tag-high-cycle-life-boat-battery","8":"product_tag-how-to-maintain-forklift-battery-pack","9":"product_tag-marine-lithium-battery","10":"product_tag-rechargeable-lifepo4-battery-for-marine-propulsion","12":"first","13":"instock","14":"featured","15":"shipping-taxable","16":"product-type-simple"},"_links":{"self":[{"href":"https:\/\/coresparkbattery.com\/de\/wp-json\/wp\/v2\/product\/517","targetHints":{"allow":["GET"]}}],"collection":[{"href":"https:\/\/coresparkbattery.com\/de\/wp-json\/wp\/v2\/product"}],"about":[{"href":"https:\/\/coresparkbattery.com\/de\/wp-json\/wp\/v2\/types\/product"}],"wp:featuredmedia":[{"embeddable":true,"href":"https:\/\/coresparkbattery.com\/de\/wp-json\/wp\/v2\/media\/953"}],"wp:attachment":[{"href":"https:\/\/coresparkbattery.com\/de\/wp-json\/wp\/v2\/media?parent=517"}],"wp:term":[{"taxonomy":"product_brand","embeddable":true,"href":"https:\/\/coresparkbattery.com\/de\/wp-json\/wp\/v2\/product_brand?post=517"},{"taxonomy":"product_cat","embeddable":true,"href":"https:\/\/coresparkbattery.com\/de\/wp-json\/wp\/v2\/product_cat?post=517"},{"taxonomy":"product_tag","embeddable":true,"href":"https:\/\/coresparkbattery.com\/de\/wp-json\/wp\/v2\/product_tag?post=517"}],"curies":[{"name":"wp","href":"https:\/\/api.w.org\/{rel}","templated":true}]}}