{"id":516,"date":"2026-04-28T08:15:40","date_gmt":"2026-04-28T08:15:40","guid":{"rendered":"https:\/\/coresparkbattery.com\/hot-sale-12-8v-100ah-150ah-200ah-300ah-battery-rechargeable-built-in-bms-lifepo4-lithium-ion-for-home-car-camper-van-rv-battery\/"},"modified":"2026-04-28T11:04:09","modified_gmt":"2026-04-28T11:04:09","slug":"hot-sale-12-8v-100ah-150ah-200ah-300ah-battery-rechargeable-built-in-bms-lifepo4-lithium-ion-for-home-car-camper-van-rv-battery","status":"publish","type":"product","link":"https:\/\/coresparkbattery.com\/de\/hot-sale-12-8v-100ah-150ah-200ah-300ah-battery-rechargeable-built-in-bms-lifepo4-lithium-ion-for-home-car-camper-van-rv-battery\/","title":{"rendered":"Hei\u00dfer Verkauf 12.8V 100Ah 150Ah 200Ah 300Ah Akku Wiederaufladbar Eingebautes BMS LiFePo4 Lithium Ion f\u00fcr Haus\/Auto\/Camper Van\/rv Akku"},"content":{"rendered":"<p>Dies ist ein 12-Volt-LiFePO4-Akkupack, das haupts\u00e4chlich f\u00fcr die Speicherung von Solarenergie zu Hause und f\u00fcr Solarenergiesysteme verwendet wird. Er ist mit Kapazit\u00e4ten von 100Ah, 150Ah, 200Ah und 300Ah erh\u00e4ltlich, mit entsprechenden Gewichten von 10kg, 12kg, 15kg, 22kg, 30kg, 32kg und 38kg f\u00fcr verschiedene Konfigurationen.<br \/>\nDie Batterie bietet eine ultralange Lebensdauer von bis zu 6000 Zyklen und ist mit einem integrierten BMS f\u00fcr einen sicheren und stabilen Betrieb ausgestattet. OEM- und ODM-Services werden akzeptiert, und die MOQ betr\u00e4gt 1 St\u00fcck. Ihr herausragendes Merkmal ist die lange Zykluslebensdauer, die sie zu einer zuverl\u00e4ssigen Energiespeicherl\u00f6sung f\u00fcr Solaranwendungen macht.<\/p>","protected":false},"excerpt":{"rendered":"<p>Bootspropeller-Batterie, Lithium-Eisen-Phosphat-Batterie f\u00fcr die Schifffahrt, 1000-Zyklus-Lithium-Batterie f\u00fcr Boote, Installation einer Gabelstapler-Batterie<\/p>","protected":false},"featured_media":948,"template":"","meta":{"_gspb_post_css":""},"product_brand":[],"product_cat":[494,493,492],"product_tag":[346,342,353,352],"class_list":{"0":"post-516","1":"product","2":"type-product","3":"status-publish","4":"has-post-thumbnail","6":"product_cat-12v-lifepo4-battery","7":"product_cat-12v-rv-lifepo4-battery","8":"product_cat-rv-lifepo4-battery","9":"product_tag-1000-cycle-deep-cycle-lithium-battery-for-boats","10":"product_tag-boat-propeller-battery","11":"product_tag-how-to-install-forklift-battery-pack","12":"product_tag-marine-lithium-iron-phosphate-battery","14":"first","15":"instock","16":"featured","17":"shipping-taxable","18":"product-type-simple"},"_links":{"self":[{"href":"https:\/\/coresparkbattery.com\/de\/wp-json\/wp\/v2\/product\/516","targetHints":{"allow":["GET"]}}],"collection":[{"href":"https:\/\/coresparkbattery.com\/de\/wp-json\/wp\/v2\/product"}],"about":[{"href":"https:\/\/coresparkbattery.com\/de\/wp-json\/wp\/v2\/types\/product"}],"wp:featuredmedia":[{"embeddable":true,"href":"https:\/\/coresparkbattery.com\/de\/wp-json\/wp\/v2\/media\/948"}],"wp:attachment":[{"href":"https:\/\/coresparkbattery.com\/de\/wp-json\/wp\/v2\/media?parent=516"}],"wp:term":[{"taxonomy":"product_brand","embeddable":true,"href":"https:\/\/coresparkbattery.com\/de\/wp-json\/wp\/v2\/product_brand?post=516"},{"taxonomy":"product_cat","embeddable":true,"href":"https:\/\/coresparkbattery.com\/de\/wp-json\/wp\/v2\/product_cat?post=516"},{"taxonomy":"product_tag","embeddable":true,"href":"https:\/\/coresparkbattery.com\/de\/wp-json\/wp\/v2\/product_tag?post=516"}],"curies":[{"name":"wp","href":"https:\/\/api.w.org\/{rel}","templated":true}]}}