{"id":514,"date":"2026-04-28T08:15:40","date_gmt":"2026-04-28T08:15:40","guid":{"rendered":"https:\/\/coresparkbattery.com\/12v-200ah-outdoor-lighting-battery-rechargeable-lithium-ion-battery-pack-12v-deep-cycle-energy-storage-battery\/"},"modified":"2026-04-28T11:01:16","modified_gmt":"2026-04-28T11:01:16","slug":"12v-200ah-outdoor-lighting-battery-rechargeable-lithium-ion-battery-pack-12v-deep-cycle-energy-storage-battery","status":"publish","type":"product","link":"https:\/\/coresparkbattery.com\/de\/12v-200ah-outdoor-lighting-battery-rechargeable-lithium-ion-battery-pack-12v-deep-cycle-energy-storage-battery\/","title":{"rendered":"12V 200Ah Au\u00dfenbeleuchtungsbatterie Wiederaufladbare Lithium-Ionen-Batterie Pack 12V Deep Cycle Energiespeicher Batterie"},"content":{"rendered":"<p>Bei diesem Produkt handelt es sich um einen 12,8-V-Energiespeicher mit einer anpassbaren Nennspannung von 12 V oder 24 V, um unterschiedliche Anwendungsanforderungen zu erf\u00fcllen. Es bietet optionale Nennkapazit\u00e4ten von 100Ah, 200Ah und 300Ah, aus denen die Kunden w\u00e4hlen k\u00f6nnen, und unterst\u00fctzt eine flexible Auswahl an Zellentypen, einschlie\u00dflich LiFePO4, Lithium-Ionen-Batterien und 32700-Zellen, sowie Lade-\/Entlademodi mit gleichem Ende oder Ketzerei.<br \/>\nDurch die Verwendung von Lithium-Eisenphosphat-Akkuzellen der G\u00fcteklasse A wird eine ultralange Lebensdauer von bis zu 6000 Zyklen erreicht. Der maximale Ladestrom betr\u00e4gt 50A f\u00fcr 100Ah, 100A f\u00fcr 200Ah und 150A f\u00fcr 300Ah, w\u00e4hrend der maximale Entladestrom 100A f\u00fcr 100Ah, 150A f\u00fcr 200Ah und 150A f\u00fcr 300Ah betr\u00e4gt. Ausgestattet mit einem einzelligen \u00dcberladungsschutz bei 2,8V\u00b120mV, gew\u00e4hrleistet sie einen sicheren und stabilen Betrieb.<br \/>\nDie Batterie verf\u00fcgt \u00fcber vollst\u00e4ndige Zertifizierungen, einschlie\u00dflich CE, RoHS, UN38.3 und MSDS, und bietet eine optionale APP-Bluetooth-Funktion f\u00fcr intelligente \u00dcberwachung. Er verf\u00fcgt \u00fcber einen weiten Betriebstemperaturbereich: 0~45\u00b0C zum Laden und -20~60\u00b0C zum Entladen; die Lagertemperatur betr\u00e4gt -5~35\u00b0C innerhalb von 1 Monat und 0~35\u00b0C innerhalb von 6 Monaten.<br \/>\nDiese Batterie findet breite Anwendung in der Solarbeleuchtung, der Solarenergiespeicherung, in Telekommunikationsstationen, Elektrofahrzeugen, Booten, Wohnmobilen, Kraftwerken und der Energiespeicherung in privaten Solarsystemen und ist eine zuverl\u00e4ssige Stromversorgungsl\u00f6sung f\u00fcr verschiedene Szenarien.<br \/>\n\u9700\u8981\u6211\u628a\u8fd9\u6bb5\u6539\u6210\u66f4\u7b80\u6d01\u7684\u5916\u8d38\u77ed\u63cf\u8ff0\uff0c\u6216\u8005\u62c6\u6210\u4e9a\u9a6c\u900a\u4e94\u70b9 Bullet\u5417\uff1f<\/p>","protected":false},"excerpt":{"rendered":"<p>12V 24V 48V LiFePO4 Batterie, Marine Antriebsbatterie, 12V 24V 48V Lithium-Eisen-Phosphat Batterie f\u00fcr Bootspropeller, Marine Power Batterie<\/p>","protected":false},"featured_media":940,"template":"","meta":{"_gspb_post_css":""},"product_brand":[],"product_cat":[494,499],"product_tag":[340,344,349,348],"class_list":{"0":"post-514","1":"product","2":"type-product","3":"status-publish","4":"has-post-thumbnail","6":"product_cat-12v-lifepo4-battery","7":"product_cat-24v-lifepo4-battery","8":"product_tag-12v-24v-48v-lifepo4-battery","9":"product_tag-12v-24v-48v-lithium-iron-phosphate-battery-for-boat-propeller","10":"product_tag-marine-power-battery","11":"product_tag-marine-propulsion-battery","13":"first","14":"instock","15":"featured","16":"shipping-taxable","17":"product-type-simple"},"_links":{"self":[{"href":"https:\/\/coresparkbattery.com\/de\/wp-json\/wp\/v2\/product\/514","targetHints":{"allow":["GET"]}}],"collection":[{"href":"https:\/\/coresparkbattery.com\/de\/wp-json\/wp\/v2\/product"}],"about":[{"href":"https:\/\/coresparkbattery.com\/de\/wp-json\/wp\/v2\/types\/product"}],"wp:featuredmedia":[{"embeddable":true,"href":"https:\/\/coresparkbattery.com\/de\/wp-json\/wp\/v2\/media\/940"}],"wp:attachment":[{"href":"https:\/\/coresparkbattery.com\/de\/wp-json\/wp\/v2\/media?parent=514"}],"wp:term":[{"taxonomy":"product_brand","embeddable":true,"href":"https:\/\/coresparkbattery.com\/de\/wp-json\/wp\/v2\/product_brand?post=514"},{"taxonomy":"product_cat","embeddable":true,"href":"https:\/\/coresparkbattery.com\/de\/wp-json\/wp\/v2\/product_cat?post=514"},{"taxonomy":"product_tag","embeddable":true,"href":"https:\/\/coresparkbattery.com\/de\/wp-json\/wp\/v2\/product_tag?post=514"}],"curies":[{"name":"wp","href":"https:\/\/api.w.org\/{rel}","templated":true}]}}