{"id":511,"date":"2026-04-28T08:15:40","date_gmt":"2026-04-28T08:15:40","guid":{"rendered":"https:\/\/coresparkbattery.com\/12v-100ah-lifepo4-lithium-ion-battery-replacement-pack-for-solar-rv-marine-camping-gnli-brand-1500-cycles\/"},"modified":"2026-04-28T10:57:45","modified_gmt":"2026-04-28T10:57:45","slug":"12v-100ah-lifepo4-lithium-ion-battery-replacement-pack-for-solar-rv-marine-camping-gnli-brand-1500-cycles","status":"publish","type":"product","link":"https:\/\/coresparkbattery.com\/de\/12v-100ah-lifepo4-lithium-ion-battery-replacement-pack-for-solar-rv-marine-camping-gnli-brand-1500-cycles\/","title":{"rendered":"12V 100Ah LiFePO4 Lithium-Ionen-Akku Ersatzpack f\u00fcr Solar RV Marine Camping GNLi Marke 1500 Zyklen"},"content":{"rendered":"<p>Diese 12V LiFePO4-Lithium-Batterie von GNLi zeichnet sich durch eine lange Zyklenlebensdauer von bis zu 1500 Zyklen aus und verwendet hochwertiges LiFePO4 als Kathodenmaterial. Er unterst\u00fctzt eine maximale Ladungsmenge von 32 Zellen und kann in einem breiten Temperaturbereich von -20\u2103 bis +60\u2103 zuverl\u00e4ssig arbeiten.<br \/>\nErh\u00e4ltlich in Kapazit\u00e4ten von 50Ah, 100Ah, 150Ah, 200Ah und 300Ah mit Spannungsoptionen von 12V und 12,8V, ist diese Batterie mit 3,2V LiFePO4-Zellen ausgestattet und wird mit einer 2-j\u00e4hrigen Garantie geliefert. Sie hat die Modellnummer GN 12V100AH, misst 330175216mm, wiegt 12kg und kommt aus Guangdong, China.<br \/>\nEs wurde f\u00fcr Solar-, Wohnmobil- und Schiffsanwendungen entwickelt und unterst\u00fctzt einen Ladestrom von 30 A und einen Entladestrom von 50 A. OEM- und ODM-Dienstleistungen sind ebenfalls m\u00f6glich.<\/p>","protected":false},"excerpt":{"rendered":"<p>wie installiert man eine 24V LiFePO4 Wohnmobilbatterie, 24V LiFePO4 Wohnmobilbatterie Preis, wie lange h\u00e4lt eine 24V LiFePO4 Wohnmobilbatterie, 24V LiFePO4 Wohnmobilbatterie Garantie<\/p>","protected":false},"featured_media":925,"template":"","meta":{"_gspb_post_css":""},"product_brand":[],"product_cat":[494,493,499,498,492],"product_tag":[337,339,338,336],"class_list":{"0":"post-511","1":"product","2":"type-product","3":"status-publish","4":"has-post-thumbnail","6":"product_cat-12v-lifepo4-battery","7":"product_cat-12v-rv-lifepo4-battery","8":"product_cat-24v-lifepo4-battery","9":"product_cat-24v-rv-lifepo4-battery","10":"product_cat-rv-lifepo4-battery","11":"product_tag-24v-lifepo4-rv-battery-price","12":"product_tag-24v-lifepo4-rv-battery-warranty","13":"product_tag-how-long-does-24v-lifepo4-rv-battery-last","14":"product_tag-how-to-install-24v-lifepo4-rv-battery","16":"first","17":"instock","18":"featured","19":"shipping-taxable","20":"product-type-simple"},"_links":{"self":[{"href":"https:\/\/coresparkbattery.com\/de\/wp-json\/wp\/v2\/product\/511","targetHints":{"allow":["GET"]}}],"collection":[{"href":"https:\/\/coresparkbattery.com\/de\/wp-json\/wp\/v2\/product"}],"about":[{"href":"https:\/\/coresparkbattery.com\/de\/wp-json\/wp\/v2\/types\/product"}],"wp:featuredmedia":[{"embeddable":true,"href":"https:\/\/coresparkbattery.com\/de\/wp-json\/wp\/v2\/media\/925"}],"wp:attachment":[{"href":"https:\/\/coresparkbattery.com\/de\/wp-json\/wp\/v2\/media?parent=511"}],"wp:term":[{"taxonomy":"product_brand","embeddable":true,"href":"https:\/\/coresparkbattery.com\/de\/wp-json\/wp\/v2\/product_brand?post=511"},{"taxonomy":"product_cat","embeddable":true,"href":"https:\/\/coresparkbattery.com\/de\/wp-json\/wp\/v2\/product_cat?post=511"},{"taxonomy":"product_tag","embeddable":true,"href":"https:\/\/coresparkbattery.com\/de\/wp-json\/wp\/v2\/product_tag?post=511"}],"curies":[{"name":"wp","href":"https:\/\/api.w.org\/{rel}","templated":true}]}}