{"id":510,"date":"2026-04-28T08:15:40","date_gmt":"2026-04-28T08:15:40","guid":{"rendered":"https:\/\/coresparkbattery.com\/38-4v-690ah-lifepo4-lithium-ion-traction-battery-5-years-warranty-3000-cycles-electric-forklift-lift-truck-agv-built-in\/"},"modified":"2026-04-28T10:56:39","modified_gmt":"2026-04-28T10:56:39","slug":"38-4v-690ah-lifepo4-lithium-ion-traction-battery-5-years-warranty-3000-cycles-electric-forklift-lift-truck-agv-built-in","status":"publish","type":"product","link":"https:\/\/coresparkbattery.com\/de\/38-4v-690ah-lifepo4-lithium-ion-traction-battery-5-years-warranty-3000-cycles-electric-forklift-lift-truck-agv-built-in\/","title":{"rendered":"38.4V 690Ah LiFePO4 Lithium Ion Traktionsbatterie 5 Jahre Garantie 3000 Zyklen Elektro-Gabelstapler Gabelstapler AGV Eingebaut"},"content":{"rendered":"<p>Dieser LiFePO4-Akkupack zeichnet sich durch eine ultralange Lebensdauer von bis zu 3000 Zyklen aus und verwendet leistungsstarke LiFePO4-Kathodenmaterialien. Er unterst\u00fctzt eine maximale Lastmenge von 32 Zellen und arbeitet stabil in einem Temperaturbereich von -20\u2103 bis 60\u2103. Das unter dem Markennamen GNLi vertriebene Modell hat eine Spannung von 38,4V 690Ah, auch 36V 690Ah genannt, und stammt aus Guangdong, China. Es hat eine Standardabmessung von 45,733,223,9 cm und eine Hochleistungsgr\u00f6\u00dfe von 968516780 mm oder eine kundenspezifische Gr\u00f6\u00dfe, mit einem Nettogewicht von 44 kg.<br \/>\nDie f\u00fcr elektrische Gabelstapler konzipierte Batterie ist mit einem integrierten intelligenten BMS f\u00fcr umfassenden Schutz ausgestattet. Sie bietet einen maximalen Entladestrom von 100A-200A und einen Dauerentladestrom von 690A oder einen anpassbaren Wert. Die Kommunikation kann \u00fcber einen CANBus-Anschluss oder kundenspezifische Anschl\u00fcsse erfolgen. OEM- und ODM-Dienste sind akzeptabel. Die Batterie erfordert normale Lagerbedingungen f\u00fcr eine sichere und langfristige Nutzung.<\/p>","protected":false},"excerpt":{"rendered":"<p>Elektrische Antriebssysteme, Elektrische Fahrr\u00e4der\/Roller, Elektrische Gabelstapler, U-Boote, Haushaltsger\u00e4te, Elektrofahrzeuge, Drohnen, Staubsaugerroboter<\/p>","protected":false},"featured_media":920,"template":"","meta":{"_gspb_post_css":""},"product_brand":[],"product_cat":[491],"product_tag":[333,328,329,327,332,331,334,330],"class_list":{"0":"post-510","1":"product","2":"type-product","3":"status-publish","4":"has-post-thumbnail","6":"product_cat-forklift-battery-pack","7":"product_tag-drone","8":"product_tag-electric-bicycles-scooters","9":"product_tag-electric-forklifts","10":"product_tag-electric-power-systems","11":"product_tag-electric-vehicles","12":"product_tag-home-appliances","13":"product_tag-robot-vacuum-cleaner","14":"product_tag-submarines","16":"first","17":"instock","18":"featured","19":"shipping-taxable","20":"product-type-simple"},"_links":{"self":[{"href":"https:\/\/coresparkbattery.com\/de\/wp-json\/wp\/v2\/product\/510","targetHints":{"allow":["GET"]}}],"collection":[{"href":"https:\/\/coresparkbattery.com\/de\/wp-json\/wp\/v2\/product"}],"about":[{"href":"https:\/\/coresparkbattery.com\/de\/wp-json\/wp\/v2\/types\/product"}],"wp:featuredmedia":[{"embeddable":true,"href":"https:\/\/coresparkbattery.com\/de\/wp-json\/wp\/v2\/media\/920"}],"wp:attachment":[{"href":"https:\/\/coresparkbattery.com\/de\/wp-json\/wp\/v2\/media?parent=510"}],"wp:term":[{"taxonomy":"product_brand","embeddable":true,"href":"https:\/\/coresparkbattery.com\/de\/wp-json\/wp\/v2\/product_brand?post=510"},{"taxonomy":"product_cat","embeddable":true,"href":"https:\/\/coresparkbattery.com\/de\/wp-json\/wp\/v2\/product_cat?post=510"},{"taxonomy":"product_tag","embeddable":true,"href":"https:\/\/coresparkbattery.com\/de\/wp-json\/wp\/v2\/product_tag?post=510"}],"curies":[{"name":"wp","href":"https:\/\/api.w.org\/{rel}","templated":true}]}}