{"id":509,"date":"2026-04-28T08:15:40","date_gmt":"2026-04-28T08:15:40","guid":{"rendered":"https:\/\/coresparkbattery.com\/38v-51-2-v72v105ah-lifepo4-golf-cart-battery-deep-cycle-solid-state-battery-100a-bms-5-year-warranty-ip67-waterproof-4000\/"},"modified":"2026-04-28T10:55:33","modified_gmt":"2026-04-28T10:55:33","slug":"38v-51-2-v72v105ah-lifepo4-golf-cart-battery-deep-cycle-solid-state-battery-100a-bms-5-year-warranty-ip67-waterproof-4000","status":"publish","type":"product","link":"https:\/\/coresparkbattery.com\/de\/38v-51-2-v72v105ah-lifepo4-golf-cart-battery-deep-cycle-solid-state-battery-100a-bms-5-year-warranty-ip67-waterproof-4000\/","title":{"rendered":"38V 51.2 V72V105Ah LiFePO4 Golf Cart Batterie Deep Cycle Solid State Batterie 100A BMS 5-Jahres-Garantie IP67 Wasserdicht 4000"},"content":{"rendered":"<p>Hohe Kapazit\u00e4t: 72V 105Ah liefern robuste Energie f\u00fcr Golfwagen.<br \/>\nDeep-Cycle-Design: Ideal f\u00fcr h\u00e4ufige Nutzung und Ladezyklen.<br \/>\nIP67 Wasserdicht: Sorgt f\u00fcr Langlebigkeit bei verschiedenen Wetterbedingungen.<br \/>\nLanglebigkeit: 4000 Zyklen sorgen f\u00fcr eine l\u00e4ngere Lebensdauer der Batterie.<br \/>\nSicher und zuverl\u00e4ssig: Die Festk\u00f6rpertechnologie gew\u00e4hrleistet Sicherheit und Zuverl\u00e4ssigkeit.<\/p>","protected":false},"excerpt":{"rendered":"<p>Neue Ankunft 36V 105Ah LiFePO4, Golf Cart Battery Pack mit Bluetooth,, Built-in BMS f\u00fcr Club Car Golf Cart, 36V 105Ah Lithium-Eisen-Phosphat-Akku Bluetooth Enabled,<\/p>","protected":false},"featured_media":915,"template":"","meta":{"_gspb_post_css":""},"product_brand":[],"product_cat":[15],"product_tag":[326,325,324,323],"class_list":{"0":"post-509","1":"product","2":"type-product","3":"status-publish","4":"has-post-thumbnail","6":"product_cat-golf-cart-battery","7":"product_tag-36v-105ah-lithium-iron-phosphate-battery-bluetooth-enabled","8":"product_tag-built-in-bms-for-club-car-golf-cart","9":"product_tag-golf-cart-battery-pack-with-bluetooth","10":"product_tag-new-arrival-36v-105ah-lifepo4","12":"first","13":"instock","14":"featured","15":"shipping-taxable","16":"product-type-simple"},"_links":{"self":[{"href":"https:\/\/coresparkbattery.com\/de\/wp-json\/wp\/v2\/product\/509","targetHints":{"allow":["GET"]}}],"collection":[{"href":"https:\/\/coresparkbattery.com\/de\/wp-json\/wp\/v2\/product"}],"about":[{"href":"https:\/\/coresparkbattery.com\/de\/wp-json\/wp\/v2\/types\/product"}],"wp:featuredmedia":[{"embeddable":true,"href":"https:\/\/coresparkbattery.com\/de\/wp-json\/wp\/v2\/media\/915"}],"wp:attachment":[{"href":"https:\/\/coresparkbattery.com\/de\/wp-json\/wp\/v2\/media?parent=509"}],"wp:term":[{"taxonomy":"product_brand","embeddable":true,"href":"https:\/\/coresparkbattery.com\/de\/wp-json\/wp\/v2\/product_brand?post=509"},{"taxonomy":"product_cat","embeddable":true,"href":"https:\/\/coresparkbattery.com\/de\/wp-json\/wp\/v2\/product_cat?post=509"},{"taxonomy":"product_tag","embeddable":true,"href":"https:\/\/coresparkbattery.com\/de\/wp-json\/wp\/v2\/product_tag?post=509"}],"curies":[{"name":"wp","href":"https:\/\/api.w.org\/{rel}","templated":true}]}}