{"id":507,"date":"2026-04-28T08:15:39","date_gmt":"2026-04-28T08:15:39","guid":{"rendered":"https:\/\/coresparkbattery.com\/customized-lifepo4-24v-36v-70v-80v-forklift-battery-with-200ah-400ah-500ah-600ah-lithium-ion-forklift-battery\/"},"modified":"2026-04-28T10:51:48","modified_gmt":"2026-04-28T10:51:48","slug":"customized-lifepo4-24v-36v-70v-80v-forklift-battery-with-200ah-400ah-500ah-600ah-lithium-ion-forklift-battery","status":"publish","type":"product","link":"https:\/\/coresparkbattery.com\/de\/customized-lifepo4-24v-36v-70v-80v-forklift-battery-with-200ah-400ah-500ah-600ah-lithium-ion-forklift-battery\/","title":{"rendered":"Kundenspezifische Lifepo4 24V 36v 70V 80v Gabelstapler Batterie mit 200Ah 400Ah 500Ah 600Ah Lithium Ion Gabelstapler Batterie"},"content":{"rendered":"<p>Produkt-Spezifikation<br \/>\nNennspannung: 24V\/36V\/48V\/60V\/70V\/72V\/80V<br \/>\nNennkapazit\u00e4t: 100Ah-1000Ah<br \/>\nNennenergie: 2560Wh-80000Wh<br \/>\nLebensdauer: \u22655000 Zyklen<br \/>\nLadung\/Entladung\/Lagerungstemperatur: 0~45\u00b0C \/ -20~55\u00b0C \/ -10~45\u00b0C<br \/>\nLade- und Entladestrom: anpassbar bis zu 300A kontinuierlich, 600A Spitze<br \/>\nKommunikation: Fahrzeug-CAN, Ladung-CAN, Intranet-CAN, 485, Drahtlos<br \/>\nAbmessungen und Gewicht: Kundenspezifisch<br \/>\nSt\u00e4rken des Unternehmens<br \/>\nISO 9001 zertifizierter Hersteller. Starke F&amp;E-F\u00e4higkeiten mit einem erfahrenen technischen Team. Professioneller OEM- und ODM-Service. Mehrere Produktionslinien und ausreichend Arbeitskr\u00e4fte. Strenges Qualit\u00e4tskontrollsystem gew\u00e4hrleistet gleichbleibend hohe Qualit\u00e4t. Integrierte Produktion f\u00fcr kosteng\u00fcnstige und stabile Versorgung.<\/p>","protected":false},"excerpt":{"rendered":"<p>24V 200Ah Gabelstapler-Batteriepack, Lithium-Gabelstapler-Batteriepack, Gabelstapler-Batteriepack wartungsfrei, Gabelstapler-Batteriepack f\u00fcr Gabelstapler<\/p>","protected":false},"featured_media":905,"template":"","meta":{"_gspb_post_css":""},"product_brand":[],"product_cat":[491],"product_tag":[315,318,317,316],"class_list":{"0":"post-507","1":"product","2":"type-product","3":"status-publish","4":"has-post-thumbnail","6":"product_cat-forklift-battery-pack","7":"product_tag-24v-200ah-forklift-battery-pack","8":"product_tag-forklift-battery-pack-for-counterbalance","9":"product_tag-forklift-battery-pack-maintenance-free","10":"product_tag-lithium-forklift-battery-pack","12":"first","13":"instock","14":"featured","15":"shipping-taxable","16":"product-type-simple"},"_links":{"self":[{"href":"https:\/\/coresparkbattery.com\/de\/wp-json\/wp\/v2\/product\/507","targetHints":{"allow":["GET"]}}],"collection":[{"href":"https:\/\/coresparkbattery.com\/de\/wp-json\/wp\/v2\/product"}],"about":[{"href":"https:\/\/coresparkbattery.com\/de\/wp-json\/wp\/v2\/types\/product"}],"wp:featuredmedia":[{"embeddable":true,"href":"https:\/\/coresparkbattery.com\/de\/wp-json\/wp\/v2\/media\/905"}],"wp:attachment":[{"href":"https:\/\/coresparkbattery.com\/de\/wp-json\/wp\/v2\/media?parent=507"}],"wp:term":[{"taxonomy":"product_brand","embeddable":true,"href":"https:\/\/coresparkbattery.com\/de\/wp-json\/wp\/v2\/product_brand?post=507"},{"taxonomy":"product_cat","embeddable":true,"href":"https:\/\/coresparkbattery.com\/de\/wp-json\/wp\/v2\/product_cat?post=507"},{"taxonomy":"product_tag","embeddable":true,"href":"https:\/\/coresparkbattery.com\/de\/wp-json\/wp\/v2\/product_tag?post=507"}],"curies":[{"name":"wp","href":"https:\/\/api.w.org\/{rel}","templated":true}]}}