{"id":506,"date":"2026-04-28T08:15:39","date_gmt":"2026-04-28T08:15:39","guid":{"rendered":"https:\/\/coresparkbattery.com\/customized-oem-odm-forklift-lifepo4-24v-36v-70v-80v-forklift-battery-with-200ah-400ah-500ah-600ah-lithium-battery-for-forklift\/"},"modified":"2026-04-28T10:50:46","modified_gmt":"2026-04-28T10:50:46","slug":"customized-oem-odm-forklift-lifepo4-24v-36v-70v-80v-forklift-battery-with-200ah-400ah-500ah-600ah-lithium-battery-for-forklift","status":"publish","type":"product","link":"https:\/\/coresparkbattery.com\/de\/customized-oem-odm-forklift-lifepo4-24v-36v-70v-80v-forklift-battery-with-200ah-400ah-500ah-600ah-lithium-battery-for-forklift\/","title":{"rendered":"Kundenspezifische OEM ODM Gabelstapler Lifepo4 24V 36v 70V 80v Gabelstapler Batterie mit 200Ah 400Ah 500Ah 600Ah Lithium Batterie f\u00fcr Gabelstapler"},"content":{"rendered":"<p>Leistungsstarke LiFePO4-Batterie<br \/>\nErh\u00e4ltlich in den Ausf\u00fchrungen 24V\/36V\/48V\/60V\/70V\/72V\/80V, mit einer Kapazit\u00e4t von 100Ah-1000Ah und einer Energie von 2560Wh-80000Wh. Kundenspezifische Gr\u00f6\u00dfe und Gewicht sind m\u00f6glich. Die Lebensdauer betr\u00e4gt mehr als 5000 Zyklen. Flexibler Lade-\/Entladestrom und eine breite Betriebstemperatur gew\u00e4hrleisten eine stabile Leistung in verschiedenen Umgebungen. Umfangreiche Kommunikationsoptionen: CAN-Bus, RS485, drahtlose Kommunikation.<br \/>\nWarum uns w\u00e4hlen<br \/>\nISO 9001-zertifiziertes Werk | Professionelles F&amp;E-Team | OEM- und ODM-L\u00f6sung aus einer Hand | Mehrere automatisierte Produktionslinien | Strenge Qualit\u00e4tskontrolle | Vollst\u00e4ndige Integration der industriellen Kette f\u00fcr zuverl\u00e4ssige Qualit\u00e4t.<\/p>","protected":false},"excerpt":{"rendered":"<p>24V 100Ah Gabelstapler-Batteriepack, Elektrostapler-Batteriepack, Gabelstapler-Batteriepack mit BMS, Gabelstapler-Batteriepack f\u00fcr Stapler<\/p>","protected":false},"featured_media":901,"template":"","meta":{"_gspb_post_css":""},"product_brand":[],"product_cat":[491],"product_tag":[311,312,314,313],"class_list":{"0":"post-506","1":"product","2":"type-product","3":"status-publish","4":"has-post-thumbnail","6":"product_cat-forklift-battery-pack","7":"product_tag-24v-100ah-forklift-battery-pack","8":"product_tag-electric-forklift-battery-pack","9":"product_tag-forklift-battery-pack-for-stacker","10":"product_tag-forklift-battery-pack-with-bms","12":"first","13":"instock","14":"featured","15":"shipping-taxable","16":"product-type-simple"},"_links":{"self":[{"href":"https:\/\/coresparkbattery.com\/de\/wp-json\/wp\/v2\/product\/506","targetHints":{"allow":["GET"]}}],"collection":[{"href":"https:\/\/coresparkbattery.com\/de\/wp-json\/wp\/v2\/product"}],"about":[{"href":"https:\/\/coresparkbattery.com\/de\/wp-json\/wp\/v2\/types\/product"}],"wp:featuredmedia":[{"embeddable":true,"href":"https:\/\/coresparkbattery.com\/de\/wp-json\/wp\/v2\/media\/901"}],"wp:attachment":[{"href":"https:\/\/coresparkbattery.com\/de\/wp-json\/wp\/v2\/media?parent=506"}],"wp:term":[{"taxonomy":"product_brand","embeddable":true,"href":"https:\/\/coresparkbattery.com\/de\/wp-json\/wp\/v2\/product_brand?post=506"},{"taxonomy":"product_cat","embeddable":true,"href":"https:\/\/coresparkbattery.com\/de\/wp-json\/wp\/v2\/product_cat?post=506"},{"taxonomy":"product_tag","embeddable":true,"href":"https:\/\/coresparkbattery.com\/de\/wp-json\/wp\/v2\/product_tag?post=506"}],"curies":[{"name":"wp","href":"https:\/\/api.w.org\/{rel}","templated":true}]}}