{"id":505,"date":"2026-04-28T08:15:39","date_gmt":"2026-04-28T08:15:39","guid":{"rendered":"https:\/\/coresparkbattery.com\/48v-deep-cycle-forklift-battery-48v-300ah-lithium-72v-100ah-150ah-200ah-300ah-400ah-500ah-lithium-lifepo4-battery-for-forklifts\/"},"modified":"2026-04-28T10:49:31","modified_gmt":"2026-04-28T10:49:31","slug":"48v-deep-cycle-forklift-battery-48v-300ah-lithium-72v-100ah-150ah-200ah-300ah-400ah-500ah-lithium-lifepo4-battery-for-forklifts","status":"publish","type":"product","link":"https:\/\/coresparkbattery.com\/de\/48v-deep-cycle-forklift-battery-48v-300ah-lithium-72v-100ah-150ah-200ah-300ah-400ah-500ah-lithium-lifepo4-battery-for-forklifts\/","title":{"rendered":"48V Deep Cycle Gabelstapler Batterie 48V 300Ah Lithium 72V 100ah 150ah 200Ah 300Ah 400Ah 500Ah Lithium Lifepo4 Batterie f\u00fcr Gabelstapler"},"content":{"rendered":"<p>LiFePO4 Akku Spezifikationen<br \/>\nDieses Lithium-Batteriepaket unterst\u00fctzt Nennspannungen von 24V\/36V\/48V\/60V\/70V\/72V\/80V, mit einer Nennkapazit\u00e4t von 100Ah bis 1000Ah und einer Nennenergie von 2560Wh bis 80000Wh. Die Abmessungen und das Gewicht sind vollst\u00e4ndig an die verschiedenen Anwendungsanforderungen angepasst. Sie bietet \u22655000 tiefe Zyklen f\u00fcr eine lange Lebensdauer. Die Ladespannung reicht von 29,3V bis 91,3V, die Entladeschlussspannung von 20V bis 62,5V. Der maximale Dauerladestrom erreicht 100A (anpassbar), der maximale Dauerentladestrom betr\u00e4gt 100A\/200A\/300A (anpassbar) und der Spitzenentladestrom bis zu 600A (anpassbar).<br \/>\nEr verf\u00fcgt \u00fcber einen gro\u00dfen Temperaturbereich: Laden bei 0~45\u00b0C, Entladen bei -20~55\u00b0C und Lagern bei -10~45\u00b0C. Es werden mehrere Kommunikationsmodi unterst\u00fctzt, darunter Fahrzeug-CAN, Lade-CAN, Intranet-CAN, RS485 und drahtlose Kommunikation.<br \/>\nWarum uns w\u00e4hlen<br \/>\nWir sind ein nach ISO 9001 zertifiziertes Unternehmen mit einem professionellen F&amp;E-Team, das sich aus erfahrenen Ingenieuren und Designern zusammensetzt. Wir haben uns auf OEM- und ODM-Dienstleistungen spezialisiert und verf\u00fcgen \u00fcber mehrere Produktionslinien und qualifizierte Mitarbeiter. Mit strengen Qualit\u00e4tskontrollsystemen w\u00e4hrend der gesamten Produktion sorgen wir f\u00fcr stabile und leistungsstarke Produkte durch integrierte Fertigung vom Rohstoff bis zur fertigen Ware.<\/p>","protected":false},"excerpt":{"rendered":"<p>80V Gabelstapler-Batteriepack, Gabelstapler-Batteriepack, Gabelstapler-Batteriepack mit hoher Kapazit\u00e4t, Gabelstapler-Batteriepack f\u00fcr Palettenheber<\/p>","protected":false},"featured_media":897,"template":"","meta":{"_gspb_post_css":""},"product_brand":[],"product_cat":[491],"product_tag":[307,308,310,309],"class_list":{"0":"post-505","1":"product","2":"type-product","3":"status-publish","4":"has-post-thumbnail","6":"product_cat-forklift-battery-pack","7":"product_tag-80v-forklift-battery-pack","8":"product_tag-forklift-battery-pack","9":"product_tag-forklift-battery-pack-for-pallet-jack","10":"product_tag-high-capacity-forklift-battery-pack","12":"first","13":"instock","14":"featured","15":"shipping-taxable","16":"product-type-simple"},"_links":{"self":[{"href":"https:\/\/coresparkbattery.com\/de\/wp-json\/wp\/v2\/product\/505","targetHints":{"allow":["GET"]}}],"collection":[{"href":"https:\/\/coresparkbattery.com\/de\/wp-json\/wp\/v2\/product"}],"about":[{"href":"https:\/\/coresparkbattery.com\/de\/wp-json\/wp\/v2\/types\/product"}],"wp:featuredmedia":[{"embeddable":true,"href":"https:\/\/coresparkbattery.com\/de\/wp-json\/wp\/v2\/media\/897"}],"wp:attachment":[{"href":"https:\/\/coresparkbattery.com\/de\/wp-json\/wp\/v2\/media?parent=505"}],"wp:term":[{"taxonomy":"product_brand","embeddable":true,"href":"https:\/\/coresparkbattery.com\/de\/wp-json\/wp\/v2\/product_brand?post=505"},{"taxonomy":"product_cat","embeddable":true,"href":"https:\/\/coresparkbattery.com\/de\/wp-json\/wp\/v2\/product_cat?post=505"},{"taxonomy":"product_tag","embeddable":true,"href":"https:\/\/coresparkbattery.com\/de\/wp-json\/wp\/v2\/product_tag?post=505"}],"curies":[{"name":"wp","href":"https:\/\/api.w.org\/{rel}","templated":true}]}}