{"id":503,"date":"2026-04-28T08:15:39","date_gmt":"2026-04-28T08:15:39","guid":{"rendered":"https:\/\/coresparkbattery.com\/factory-custom-lithium-battery-for-forklift-24v-36v-48v-300ah-800ah-high-capacity-forklift-battery-lifepo4-battery-for-forklifts\/"},"modified":"2026-04-28T10:47:42","modified_gmt":"2026-04-28T10:47:42","slug":"factory-custom-lithium-battery-for-forklift-24v-36v-48v-300ah-800ah-high-capacity-forklift-battery-lifepo4-battery-for-forklifts","status":"publish","type":"product","link":"https:\/\/coresparkbattery.com\/de\/factory-custom-lithium-battery-for-forklift-24v-36v-48v-300ah-800ah-high-capacity-forklift-battery-lifepo4-battery-for-forklifts\/","title":{"rendered":"Factory Custom Lithium-Batterie f\u00fcr Gabelstapler 24V 36V 48V 300Ah 800Ah Hohe Kapazit\u00e4t Gabelstapler Batterie Lifepo4 Batterie f\u00fcr Gabelstapler"},"content":{"rendered":"<p>LiFePO4-Gabelstapler-Batterie<br \/>\nDiese LiFePO4-Batterie wurde f\u00fcr schwere Gabelstapleranwendungen entwickelt und bietet eine ultralange Zyklenlebensdauer von 4000-5000 Zyklen und eine hervorragende Temperaturtoleranz von -20\u2103 bis 55\u2103. Mit bis zu 32 Zellen und vollen Spannungsoptionen (24V\/36V\/48V\/60V\/70V\/72V\/80V) ist sie in Bezug auf Marke, Gr\u00f6\u00dfe, Abmessung und Gewicht vollst\u00e4ndig anpassbar. OEM &amp; ODM werden mit einer niedrigen MOQ von 10 unterst\u00fctzt. Sie werden in Guangdong, China, hergestellt, sind wiederaufladbar und haben eine 5-j\u00e4hrige Garantie.<\/p>","protected":false},"excerpt":{"rendered":"<p>60V Gabelstapler-Batteriepack, Gabelstapler-Batteriepack Ersatz, Gabelstapler-Batteriepack Lieferant, Gabelstapler-Batteriepack f\u00fcr Hafen<\/p>","protected":false},"featured_media":887,"template":"","meta":{"_gspb_post_css":""},"product_brand":[],"product_cat":[491],"product_tag":[299,302,300,301],"class_list":{"0":"post-503","1":"product","2":"type-product","3":"status-publish","4":"has-post-thumbnail","6":"product_cat-forklift-battery-pack","7":"product_tag-60v-forklift-battery-pack","8":"product_tag-forklift-battery-pack-for-port","9":"product_tag-forklift-battery-pack-replacement","10":"product_tag-forklift-battery-pack-supplier","12":"first","13":"instock","14":"featured","15":"shipping-taxable","16":"product-type-simple"},"_links":{"self":[{"href":"https:\/\/coresparkbattery.com\/de\/wp-json\/wp\/v2\/product\/503","targetHints":{"allow":["GET"]}}],"collection":[{"href":"https:\/\/coresparkbattery.com\/de\/wp-json\/wp\/v2\/product"}],"about":[{"href":"https:\/\/coresparkbattery.com\/de\/wp-json\/wp\/v2\/types\/product"}],"wp:featuredmedia":[{"embeddable":true,"href":"https:\/\/coresparkbattery.com\/de\/wp-json\/wp\/v2\/media\/887"}],"wp:attachment":[{"href":"https:\/\/coresparkbattery.com\/de\/wp-json\/wp\/v2\/media?parent=503"}],"wp:term":[{"taxonomy":"product_brand","embeddable":true,"href":"https:\/\/coresparkbattery.com\/de\/wp-json\/wp\/v2\/product_brand?post=503"},{"taxonomy":"product_cat","embeddable":true,"href":"https:\/\/coresparkbattery.com\/de\/wp-json\/wp\/v2\/product_cat?post=503"},{"taxonomy":"product_tag","embeddable":true,"href":"https:\/\/coresparkbattery.com\/de\/wp-json\/wp\/v2\/product_tag?post=503"}],"curies":[{"name":"wp","href":"https:\/\/api.w.org\/{rel}","templated":true}]}}