{"id":502,"date":"2026-04-28T08:15:39","date_gmt":"2026-04-28T08:15:39","guid":{"rendered":"https:\/\/coresparkbattery.com\/24v-210ah-forklift-battery-24v-36v-48v-300ah-800ah-high-capacity-forklift-battery-lifepo4-battery-for-forklifts\/"},"modified":"2026-04-28T10:46:43","modified_gmt":"2026-04-28T10:46:43","slug":"24v-210ah-forklift-battery-24v-36v-48v-300ah-800ah-high-capacity-forklift-battery-lifepo4-battery-for-forklifts","status":"publish","type":"product","link":"https:\/\/coresparkbattery.com\/de\/24v-210ah-forklift-battery-24v-36v-48v-300ah-800ah-high-capacity-forklift-battery-lifepo4-battery-for-forklifts\/","title":{"rendered":"24v 210ah Gabelstapler Batterie 24V 36V 48V 300Ah 800Ah Hohe Kapazit\u00e4t Gabelstapler Batterie Lifepo4 Batterie f\u00fcr Gabelstapler"},"content":{"rendered":"<p>LiFePO4-Gabelstapler-Batterie<br \/>\nUnsere Lithium-Eisenphosphat-Gabelstapler-Batterie verwendet LiFePO4-Kathodenmaterialien mit einer Lebensdauer von 4000 bis 5000 Zyklen. Es arbeitet stabil in -20\u2103 ~ 55\u2103 und unterst\u00fctzt bis zu 32 Zellen. Spannungsmodelle: 24V, 36V, 48V, 60V, 70V, 72V, 80V. Anpassbare Marke, Dimension, Gr\u00f6\u00dfe und Gewicht werden unterst\u00fctzt. OEM- und ODM-Service ist mit MOQ 10 Einheiten verf\u00fcgbar. Der in Guangdong, China, hergestellte Akku wird mit einer 5-Jahres-Garantie geliefert.<\/p>","protected":false},"excerpt":{"rendered":"<p>51.2V Gabelstapler-Batterie-Pack, Gabelstapler-Lithium-Batterie-Pack, Gabelstapler-Batterie-Pack Hersteller, Gabelstapler-Batterie-Pack f\u00fcr Fabrik<\/p>","protected":false},"featured_media":882,"template":"","meta":{"_gspb_post_css":""},"product_brand":[],"product_cat":[491],"product_tag":[295,298,297,296],"class_list":{"0":"post-502","1":"product","2":"type-product","3":"status-publish","4":"has-post-thumbnail","6":"product_cat-forklift-battery-pack","7":"product_tag-51-2v-forklift-battery-pack","8":"product_tag-forklift-battery-pack-for-factory","9":"product_tag-forklift-battery-pack-manufacturer","10":"product_tag-forklift-lithium-battery-pack","12":"first","13":"instock","14":"featured","15":"shipping-taxable","16":"product-type-simple"},"_links":{"self":[{"href":"https:\/\/coresparkbattery.com\/de\/wp-json\/wp\/v2\/product\/502","targetHints":{"allow":["GET"]}}],"collection":[{"href":"https:\/\/coresparkbattery.com\/de\/wp-json\/wp\/v2\/product"}],"about":[{"href":"https:\/\/coresparkbattery.com\/de\/wp-json\/wp\/v2\/types\/product"}],"wp:featuredmedia":[{"embeddable":true,"href":"https:\/\/coresparkbattery.com\/de\/wp-json\/wp\/v2\/media\/882"}],"wp:attachment":[{"href":"https:\/\/coresparkbattery.com\/de\/wp-json\/wp\/v2\/media?parent=502"}],"wp:term":[{"taxonomy":"product_brand","embeddable":true,"href":"https:\/\/coresparkbattery.com\/de\/wp-json\/wp\/v2\/product_brand?post=502"},{"taxonomy":"product_cat","embeddable":true,"href":"https:\/\/coresparkbattery.com\/de\/wp-json\/wp\/v2\/product_cat?post=502"},{"taxonomy":"product_tag","embeddable":true,"href":"https:\/\/coresparkbattery.com\/de\/wp-json\/wp\/v2\/product_tag?post=502"}],"curies":[{"name":"wp","href":"https:\/\/api.w.org\/{rel}","templated":true}]}}