{"id":501,"date":"2026-04-28T08:15:39","date_gmt":"2026-04-28T08:15:39","guid":{"rendered":"https:\/\/coresparkbattery.com\/lithium-battery-for-forklift-24v-36v-48v-300ah-600ah-high-capacity-forklift-battery-lifepo4-battery-for-forklifts\/"},"modified":"2026-04-28T10:45:46","modified_gmt":"2026-04-28T10:45:46","slug":"lithium-battery-for-forklift-24v-36v-48v-300ah-600ah-high-capacity-forklift-battery-lifepo4-battery-for-forklifts","status":"publish","type":"product","link":"https:\/\/coresparkbattery.com\/de\/lithium-battery-for-forklift-24v-36v-48v-300ah-600ah-high-capacity-forklift-battery-lifepo4-battery-for-forklifts\/","title":{"rendered":"Lithium-Batterie f\u00fcr Gabelstapler 24V 36V 48V 300Ah 600Ah Hohe Kapazit\u00e4t Gabelstapler-Batterie Lifepo4 Batterie f\u00fcr Gabelstapler"},"content":{"rendered":"<p>LiFePO4-Gabelstapler-Batterie<br \/>\nDiese Gabelstaplerbatterie ist mit hochwertigem LiFePO4-Kathodenmaterial ausgestattet und bietet 4000-5000 Zyklen und zuverl\u00e4ssige Leistung von -20\u2103 bis 55\u2103. Sie unterst\u00fctzt maximal 32 Zellen und mehrere Spannungskonfigurationen: 24 V, 36 V, 48 V, 60 V, 70 V, 72 V, 80 V. Kundenspezifische Abmessungen, Gr\u00f6\u00dfe und Gewicht sind m\u00f6glich. OEM und ODM sind mit MOQ 10 akzeptabel. Der in Guangdong, China, hergestellte Akku wird mit einer 5-Jahres-Garantie geliefert.<\/p>","protected":false},"excerpt":{"rendered":"<p>48V Gabelstapler-Batteriepack, Gabelstapler-Traktionsbatteriepack, Kundenspezifisches Gabelstapler-Batteriepack, Gabelstapler-Batteriepack f\u00fcr Logistik<\/p>","protected":false},"featured_media":878,"template":"","meta":{"_gspb_post_css":""},"product_brand":[],"product_cat":[491],"product_tag":[291,293,294,292],"class_list":{"0":"post-501","1":"product","2":"type-product","3":"status-publish","4":"has-post-thumbnail","6":"product_cat-forklift-battery-pack","7":"product_tag-48v-forklift-battery-pack","8":"product_tag-custom-forklift-battery-pack","9":"product_tag-forklift-battery-pack-for-logistics","10":"product_tag-forklift-traction-battery-pack","12":"first","13":"instock","14":"featured","15":"shipping-taxable","16":"product-type-simple"},"_links":{"self":[{"href":"https:\/\/coresparkbattery.com\/de\/wp-json\/wp\/v2\/product\/501","targetHints":{"allow":["GET"]}}],"collection":[{"href":"https:\/\/coresparkbattery.com\/de\/wp-json\/wp\/v2\/product"}],"about":[{"href":"https:\/\/coresparkbattery.com\/de\/wp-json\/wp\/v2\/types\/product"}],"wp:featuredmedia":[{"embeddable":true,"href":"https:\/\/coresparkbattery.com\/de\/wp-json\/wp\/v2\/media\/878"}],"wp:attachment":[{"href":"https:\/\/coresparkbattery.com\/de\/wp-json\/wp\/v2\/media?parent=501"}],"wp:term":[{"taxonomy":"product_brand","embeddable":true,"href":"https:\/\/coresparkbattery.com\/de\/wp-json\/wp\/v2\/product_brand?post=501"},{"taxonomy":"product_cat","embeddable":true,"href":"https:\/\/coresparkbattery.com\/de\/wp-json\/wp\/v2\/product_cat?post=501"},{"taxonomy":"product_tag","embeddable":true,"href":"https:\/\/coresparkbattery.com\/de\/wp-json\/wp\/v2\/product_tag?post=501"}],"curies":[{"name":"wp","href":"https:\/\/api.w.org\/{rel}","templated":true}]}}