{"id":500,"date":"2026-04-28T08:15:39","date_gmt":"2026-04-28T08:15:39","guid":{"rendered":"https:\/\/coresparkbattery.com\/lithium-battery-for-forklift-24v-200ah-36v-48v-300ah-600ah-800ah-high-capacity-forklift-battery-lifepo4-battery-for-forklifts\/"},"modified":"2026-04-28T10:06:31","modified_gmt":"2026-04-28T10:06:31","slug":"lithium-battery-for-forklift-24v-200ah-36v-48v-300ah-600ah-800ah-high-capacity-forklift-battery-lifepo4-battery-for-forklifts","status":"publish","type":"product","link":"https:\/\/coresparkbattery.com\/de\/lithium-battery-for-forklift-24v-200ah-36v-48v-300ah-600ah-800ah-high-capacity-forklift-battery-lifepo4-battery-for-forklifts\/","title":{"rendered":"Lithium-Batterie f\u00fcr Gabelstapler 24V 200Ah 36V 48V 300Ah 600Ah 800Ah Hochkapazit\u00e4ts-Gabelstapler-Batterie Lifepo4 Batterie f\u00fcr Gabelstapler"},"content":{"rendered":"<p>LiFePO4-Gabelstapler-Batterie<br \/>\nDiese Lithium-Eisenphosphat-Gabelstaplerbatterie verf\u00fcgt \u00fcber LiFePO4-Kathodenmaterialien f\u00fcr hervorragende Stabilit\u00e4t und eine lange Zyklenlebensdauer von 4000-5000 Zyklen. Sie unterst\u00fctzt einen breiten Betriebstemperaturbereich von -20\u2103 bis 55\u2103 (-4\u2109 bis 131\u2109) und kann bis zu 32 Zellen aufnehmen. Zu den verf\u00fcgbaren Spannungen geh\u00f6ren 24V, 36V, 48V, 60V, 70V, 72V und 80V. Alle Abmessungen, Gr\u00f6\u00dfen und Gewichte sind vollst\u00e4ndig an die verschiedenen Anforderungen von Gabelstaplern angepasst. OEM- und ODM-Dienstleistungen sind mit einer MOQ von 10 St\u00fcck erh\u00e4ltlich. Die wiederaufladbare Batterie wird in Guangdong, China, hergestellt und mit einer 5-Jahres-Garantie versehen.<\/p>","protected":false},"excerpt":{"rendered":"<p>36V Gabelstapler-Batteriepack, Wiederaufladbare Gabelstapler-Batteriepack, OEM Gabelstapler-Batteriepack, Gabelstapler-Batteriepack f\u00fcr Lager<\/p>","protected":false},"featured_media":873,"template":"","meta":{"_gspb_post_css":""},"product_brand":[],"product_cat":[491],"product_tag":[287,290,289,288],"class_list":{"0":"post-500","1":"product","2":"type-product","3":"status-publish","4":"has-post-thumbnail","6":"product_cat-forklift-battery-pack","7":"product_tag-36v-forklift-battery-pack","8":"product_tag-forklift-battery-pack-for-warehouse","9":"product_tag-oem-forklift-battery-pack","10":"product_tag-rechargeable-forklift-battery-pack","12":"first","13":"instock","14":"featured","15":"shipping-taxable","16":"product-type-simple"},"_links":{"self":[{"href":"https:\/\/coresparkbattery.com\/de\/wp-json\/wp\/v2\/product\/500","targetHints":{"allow":["GET"]}}],"collection":[{"href":"https:\/\/coresparkbattery.com\/de\/wp-json\/wp\/v2\/product"}],"about":[{"href":"https:\/\/coresparkbattery.com\/de\/wp-json\/wp\/v2\/types\/product"}],"wp:featuredmedia":[{"embeddable":true,"href":"https:\/\/coresparkbattery.com\/de\/wp-json\/wp\/v2\/media\/873"}],"wp:attachment":[{"href":"https:\/\/coresparkbattery.com\/de\/wp-json\/wp\/v2\/media?parent=500"}],"wp:term":[{"taxonomy":"product_brand","embeddable":true,"href":"https:\/\/coresparkbattery.com\/de\/wp-json\/wp\/v2\/product_brand?post=500"},{"taxonomy":"product_cat","embeddable":true,"href":"https:\/\/coresparkbattery.com\/de\/wp-json\/wp\/v2\/product_cat?post=500"},{"taxonomy":"product_tag","embeddable":true,"href":"https:\/\/coresparkbattery.com\/de\/wp-json\/wp\/v2\/product_tag?post=500"}],"curies":[{"name":"wp","href":"https:\/\/api.w.org\/{rel}","templated":true}]}}